{"id":14223,"date":"2017-09-05T12:16:30","date_gmt":"2017-09-05T12:16:30","guid":{"rendered":"https:\/\/original-militaria.com\/?post_type=product&#038;p=14223"},"modified":"2022-01-31T19:08:46","modified_gmt":"2022-01-31T18:08:46","slug":"lc-distincion-carros-de-combate-1936-39-2","status":"publish","type":"product","link":"https:\/\/original-militaria.com\/en\/producto\/lc-distincion-carros-de-combate-1936-39-2\/","title":{"rendered":"Condor Legion Tank Badge 1936\/39&#8212;LC\/ Distinci\u00f3n Carros de Combate 1936\/39"},"content":{"rendered":"<p style=\"text-align: justify\" align=\"justify\"><span style=\"font-family: verdana, geneva, sans-serif;font-size: 12pt\"><strong>ANTECEDENTES:<\/strong>\u00a0 La Placa Distinci\u00f3n Carros de Combate de la Legi\u00f3n C\u00f3ndor 1936-1939 alemana de la Legi\u00f3n C\u00f3ndor en Plata fue creada a instancia del Coronel Von Thoma en el oto\u00f1o de 1936, se concedi\u00f3 al personal de la Legi\u00f3n C\u00f3ndor pertenecientes a las unidades del Ejercito de Tierra que participaron en la Guerra Civil Espa\u00f1ola. <\/span><\/p>\n<p style=\"text-align: justify\"><span style=\"font-family: verdana, geneva, sans-serif;font-size: 12pt\"><strong>DESCRIPCION:<\/strong> Placa Distinci\u00f3n de Carros de Combate (Panzerertruppenabzeichen) de la Legi\u00f3n C\u00f3ndor 1936-1939, 1er modelo. Anverso Calavera sobre tibias cruzadas, en la parte inferior carro de combate, orlado con ramos de encina. Reverso con aguja y cierre.<\/span><\/p>\n","protected":false},"excerpt":{"rendered":"<p align=\"justify\"><span style=\"font-family: Verdana;font-size: medium\"><strong>ANTECEDENTES:<\/strong>\u00a0 La Placa Distinci\u00f3n Carros de Combate de la Legi\u00f3n C\u00f3ndor 1936-1939 alemana de la Legi\u00f3n C\u00f3ndor en Plata fue creada a instancia del Coronel Von Thoma en el oto\u00f1o de 1936, se concedi\u00f3 al personal de la Legi\u00f3n C\u00f3ndor pertenecientes a las unidades del Ejercito de Tierra que participaron en la Guerra Civil Espa\u00f1ola. <\/span><\/p>\n<p><strong>DESCRIPCION:<\/strong> Placa Distinci\u00f3n de Carros de Combate (Panzerertruppenabzeichen) de la Legi\u00f3n C\u00f3ndor 1936-1939, 1er modelo. Anverso Calavera sobre tibias cruzadas, en la parte inferior carro de combate, orlado con ramos de encina. Reverso con aguja y cierre.<\/p>\n","protected":false},"featured_media":14224,"template":"","meta":[],"product_brand":[],"product_cat":[224],"product_tag":[],"class_list":{"0":"post-14223","1":"product","2":"type-product","3":"status-publish","4":"has-post-thumbnail","6":"product_cat-archivo-vendidos","7":"sales-flash-overlay","8":"woocommerce-text-align-center","9":"woocommerce-image-align-center","10":"do-quantity-buttons","12":"first","13":"outofstock","14":"purchasable","15":"product-type-simple"},"_links":{"self":[{"href":"https:\/\/original-militaria.com\/en\/wp-json\/wp\/v2\/product\/14223","targetHints":{"allow":["GET"]}}],"collection":[{"href":"https:\/\/original-militaria.com\/en\/wp-json\/wp\/v2\/product"}],"about":[{"href":"https:\/\/original-militaria.com\/en\/wp-json\/wp\/v2\/types\/product"}],"wp:featuredmedia":[{"embeddable":true,"href":"https:\/\/original-militaria.com\/en\/wp-json\/wp\/v2\/media\/14224"}],"wp:attachment":[{"href":"https:\/\/original-militaria.com\/en\/wp-json\/wp\/v2\/media?parent=14223"}],"wp:term":[{"taxonomy":"product_brand","embeddable":true,"href":"https:\/\/original-militaria.com\/en\/wp-json\/wp\/v2\/product_brand?post=14223"},{"taxonomy":"product_cat","embeddable":true,"href":"https:\/\/original-militaria.com\/en\/wp-json\/wp\/v2\/product_cat?post=14223"},{"taxonomy":"product_tag","embeddable":true,"href":"https:\/\/original-militaria.com\/en\/wp-json\/wp\/v2\/product_tag?post=14223"}],"curies":[{"name":"wp","href":"https:\/\/api.w.org\/{rel}","templated":true}]}}