{"id":14121,"date":"2017-09-05T12:15:42","date_gmt":"2017-09-05T12:15:42","guid":{"rendered":"https:\/\/original-militaria.com\/?post_type=product&#038;p=14121"},"modified":"2022-01-31T19:08:45","modified_gmt":"2022-01-31T18:08:45","slug":"gran-cruz-de-la-orden-del-santo-sepulcro-de-jerusalen","status":"publish","type":"product","link":"https:\/\/original-militaria.com\/en\/producto\/gran-cruz-de-la-orden-del-santo-sepulcro-de-jerusalen\/","title":{"rendered":"Spain\/ Grand Cross of the Order of the Holy Sepulcher of Jerusalem&#8212;Espa\u00f1a\/ Gran Cruz de la Orden del Santo Sepulcro de Jerus\u00e1len"},"content":{"rendered":"<p style=\"text-align: justify\"><strong><span style=\"font-size: medium\"><span style=\"font-family: Verdana\">ANTECEDENTES: <\/span><\/span><\/strong><span style=\"font-size: medium\"><span style=\"font-family: Verdana\">Instituida por Godofredo de Bouillon a inicios del siglo IX, en 1489 el Pont\u00edfice Inocencio VIII la incorpor\u00f3 a la Orden de San Juan de Jerusal\u00e9n. <\/span><\/span><\/p>\n<p style=\"text-align: justify\"><strong><span style=\"font-size: medium\"><span style=\"font-family: Verdana\">DESCRIPCION:<\/span><\/span><\/strong><span style=\"font-size: medium\"><span style=\"font-family: Verdana\"> Extremadamente rara Gran Cruz de la Orden del Santo Sepulcro, Cruz potenzada, de gules, con cuatro cruces potenzadas del mismo color rojo, dos en cada costado, esmaltes al fuego rojos de gran calidad, intactos, plata dorada. <\/span><\/span><\/p>\n<p><span style=\"font-size: medium\"><span style=\"font-family: Verdana\"><strong>Nota.-<\/strong> Es de color rojo brillante, pero por la luz padece granate.<\/span><\/span><\/p>\n","protected":false},"excerpt":{"rendered":"<p style=\"text-align: justify\"><strong><span style=\"font-size: medium\"><span style=\"font-family: Verdana\">ANTECEDENTES: <\/span><\/span><\/strong><span style=\"font-size: medium\"><span style=\"font-family: Verdana\">Instituida Godofredo de Bouillon a inicios del siglo IX, en 1489 el Pont\u00edfice Inocencio VIII la incorpor\u00f3 a la Orden de San Juan de Jerusal\u00e9n. <\/span><\/span><\/p>\n<p style=\"text-align: justify\"><strong><span style=\"font-size: medium\"><span style=\"font-family: Verdana\">DESCRIPCION:<\/span><\/span><\/strong><span style=\"font-size: medium\"><span style=\"font-family: Verdana\"> Extremadamente rara Gran Cruz de la Orden del Santo Sepulcro, Cruz potenzada, de gules, con cuatro cruces potenzadas del mismo color rojo, dos en cada costado, esmaltes al fuego rojos de gran calidad, intactos, plata dorada. <\/span><\/span><\/p>\n<p><span style=\"font-size: medium\"><span style=\"font-family: Verdana\"><strong>Nota.-<\/strong> Es de color rojo brillante, pero por la luz padece granate.<\/span><\/span><\/p>\n","protected":false},"featured_media":14122,"template":"","meta":[],"product_brand":[],"product_cat":[224],"product_tag":[],"class_list":{"0":"post-14121","1":"product","2":"type-product","3":"status-publish","4":"has-post-thumbnail","6":"product_cat-archivo-vendidos","7":"sales-flash-overlay","8":"woocommerce-text-align-center","9":"woocommerce-image-align-center","10":"do-quantity-buttons","12":"first","13":"outofstock","14":"product-type-simple"},"_links":{"self":[{"href":"https:\/\/original-militaria.com\/en\/wp-json\/wp\/v2\/product\/14121","targetHints":{"allow":["GET"]}}],"collection":[{"href":"https:\/\/original-militaria.com\/en\/wp-json\/wp\/v2\/product"}],"about":[{"href":"https:\/\/original-militaria.com\/en\/wp-json\/wp\/v2\/types\/product"}],"wp:featuredmedia":[{"embeddable":true,"href":"https:\/\/original-militaria.com\/en\/wp-json\/wp\/v2\/media\/14122"}],"wp:attachment":[{"href":"https:\/\/original-militaria.com\/en\/wp-json\/wp\/v2\/media?parent=14121"}],"wp:term":[{"taxonomy":"product_brand","embeddable":true,"href":"https:\/\/original-militaria.com\/en\/wp-json\/wp\/v2\/product_brand?post=14121"},{"taxonomy":"product_cat","embeddable":true,"href":"https:\/\/original-militaria.com\/en\/wp-json\/wp\/v2\/product_cat?post=14121"},{"taxonomy":"product_tag","embeddable":true,"href":"https:\/\/original-militaria.com\/en\/wp-json\/wp\/v2\/product_tag?post=14121"}],"curies":[{"name":"wp","href":"https:\/\/api.w.org\/{rel}","templated":true}]}}