{"id":13814,"date":"2017-09-05T12:12:58","date_gmt":"2017-09-05T12:12:58","guid":{"rendered":"https:\/\/original-militaria.com\/?post_type=product&#038;p=13814"},"modified":"2022-01-31T19:08:41","modified_gmt":"2022-01-31T18:08:41","slug":"us-ww2-set-para-la-ccarabina-m1","status":"publish","type":"product","link":"https:\/\/original-militaria.com\/en\/producto\/us-ww2-set-para-la-ccarabina-m1\/","title":{"rendered":"US\/WW2, M1 Carbine Set&#8211; Set para la Carabina M1 de WW2"},"content":{"rendered":"<p style=\"text-align: justify\"><span style=\"font-size: medium\"><span style=\"font-family: Verdana\">Consta como se ve en las fotos de:<\/span><\/span><\/p>\n<p style=\"text-align: justify\"><strong><span style=\"font-size: medium\"><span style=\"font-family: Verdana\">1\/<\/span><\/span><\/strong><span style=\"font-size: medium\"><span style=\"font-family: Verdana\">\u00a0Dos cargadores para 30\u00a0cartuchos con clic r\u00e1pido para dos cargadores (raro) marcado<\/span><\/span><\/p>\n<p style=\"text-align: justify\"><strong><span style=\"font-size: medium\"><span style=\"font-family: Verdana\">2\/\u00a0<\/span><\/span><\/strong><span style=\"font-size: medium\"><span style=\"font-family: Verdana\">\u00a0Un\u00a0cargador\u00a0para 15 cartuchos<\/span><\/span><\/p>\n<p style=\"text-align: justify\"><strong><span style=\"font-size: medium\"><span style=\"font-family: Verdana\">3\/<\/span><\/span><\/strong><span style=\"font-size: medium\"><span style=\"font-family: Verdana\"> Un peine de alimentaci\u00f3n o cargador r\u00e1pido en acero pavonado con suplemento extra\u00edble para facilitar su recarga<\/span><\/span><\/p>\n<p style=\"text-align: justify\"><strong><span style=\"font-size: medium\"><span style=\"font-family: Verdana\">4\/<\/span><\/span><\/strong><span style=\"font-size: medium\"><span style=\"font-family: Verdana\">\u00a0Diez balas inertes<\/span><\/span><\/p>\n<p style=\"text-align: justify\"><strong><span style=\"font-size: medium\"><span style=\"font-family: Verdana\">5\/<\/span><\/span><\/strong><span style=\"font-size: medium\"><span style=\"font-family: Verdana\"> Porta cargador para 2 cargadores de 15\u00a0cartuchos marcada en el anverso &#8220;US&#8221; y en el reverso &#8220;J.Q.M.D. 1942&#8221;. <\/span><\/span><\/p>\n","protected":false},"excerpt":{"rendered":"<p style=\"text-align: justify\"><strong><span style=\"font-size: medium\"><span style=\"font-family: Verdana\">DESCRIPCION:<\/span><\/span><\/strong><span style=\"font-size: medium\"><span style=\"font-family: Verdana\">\u00a0Consta como se ve en las fotos de:<\/span><\/span><\/p>\n<p style=\"text-align: justify\"><strong><span style=\"font-size: medium\"><span style=\"font-family: Verdana\">1\/<\/span><\/span><\/strong><span style=\"font-size: medium\"><span style=\"font-family: Verdana\">\u00a0Dos cargadores para 30\u00a0cartuchos con clic r\u00e1pido para dos cargadores (raro) marcado<\/span><\/span><\/p>\n<p style=\"text-align: justify\"><strong><span style=\"font-size: medium\"><span style=\"font-family: Verdana\">2\/\u00a0<\/span><\/span><\/strong><span style=\"font-size: medium\"><span style=\"font-family: Verdana\">\u00a0Un\u00a0cargador\u00a0para 15 cartuchos<\/span><\/span><\/p>\n<p style=\"text-align: justify\"><strong><span style=\"font-size: medium\"><span style=\"font-family: Verdana\">3\/<\/span><\/span><\/strong><span style=\"font-size: medium\"><span style=\"font-family: Verdana\">\u00a0Un peine de alimentaci\u00f3n o cargador r\u00e1pido en acero pavonado con suplemento extra\u00edble para facilitar su recarga<\/span><\/span><\/p>\n<p style=\"text-align: justify\"><strong><span style=\"font-size: medium\"><span style=\"font-family: Verdana\">4\/<\/span><\/span><\/strong><span style=\"font-size: medium\"><span style=\"font-family: Verdana\">\u00a0Diez balas inertes<\/span><\/span><\/p>\n<p style=\"text-align: justify\"><strong><span style=\"font-size: medium\"><span style=\"font-family: Verdana\">5\/<\/span><\/span><\/strong><span style=\"font-size: medium\"><span style=\"font-family: Verdana\"> Porta cargador para 2 cargadores de 15\u00a0cartuchos marcada en el anverso <span style=\"color: #ff0000\">&#8220;US&#8221;<\/span> y en el reverso <span style=\"color: #ff0000\">&#8220;J.Q.M.D. 1942&#8221;<\/span>. <\/span><\/span><\/p>\n","protected":false},"featured_media":13815,"template":"","meta":[],"product_brand":[],"product_cat":[224],"product_tag":[],"class_list":{"0":"post-13814","1":"product","2":"type-product","3":"status-publish","4":"has-post-thumbnail","6":"product_cat-archivo-vendidos","7":"sales-flash-overlay","8":"woocommerce-text-align-center","9":"woocommerce-image-align-center","10":"do-quantity-buttons","12":"first","13":"outofstock","14":"product-type-simple"},"_links":{"self":[{"href":"https:\/\/original-militaria.com\/en\/wp-json\/wp\/v2\/product\/13814","targetHints":{"allow":["GET"]}}],"collection":[{"href":"https:\/\/original-militaria.com\/en\/wp-json\/wp\/v2\/product"}],"about":[{"href":"https:\/\/original-militaria.com\/en\/wp-json\/wp\/v2\/types\/product"}],"wp:featuredmedia":[{"embeddable":true,"href":"https:\/\/original-militaria.com\/en\/wp-json\/wp\/v2\/media\/13815"}],"wp:attachment":[{"href":"https:\/\/original-militaria.com\/en\/wp-json\/wp\/v2\/media?parent=13814"}],"wp:term":[{"taxonomy":"product_brand","embeddable":true,"href":"https:\/\/original-militaria.com\/en\/wp-json\/wp\/v2\/product_brand?post=13814"},{"taxonomy":"product_cat","embeddable":true,"href":"https:\/\/original-militaria.com\/en\/wp-json\/wp\/v2\/product_cat?post=13814"},{"taxonomy":"product_tag","embeddable":true,"href":"https:\/\/original-militaria.com\/en\/wp-json\/wp\/v2\/product_tag?post=13814"}],"curies":[{"name":"wp","href":"https:\/\/api.w.org\/{rel}","templated":true}]}}