{"id":13804,"date":"2017-09-05T12:12:53","date_gmt":"2017-09-05T12:12:53","guid":{"rendered":"https:\/\/original-militaria.com\/?post_type=product&#038;p=13804"},"modified":"2022-01-31T19:08:41","modified_gmt":"2022-01-31T18:08:41","slug":"cruz-de-guerra-al-merito-en-campanal-1er-modelo-egana","status":"publish","type":"product","link":"https:\/\/original-militaria.com\/en\/producto\/cruz-de-guerra-al-merito-en-campanal-1er-modelo-egana\/","title":{"rendered":"Cruz de Guerra al M\u00e9rito en Campa\u00f1al, 1er Modelo, Ega\u00f1a"},"content":{"rendered":"<p style=\"text-align: justify\"><strong><span style=\"font-family: Verdana\"><span style=\"font-size: medium\">DESCRIPCION:<\/span><\/span><\/strong><span style=\"font-family: Verdana\"><span style=\"font-size: medium\"> Cruz de Guerra al M&eacute;rito en Campa&ntilde;a en un excelente estado. Placa para Oficiales en&nbsp;versi&oacute;n plata con&nbsp;r&aacute;fagas de plata de ocho puntas sobre &eacute;sta,&nbsp;en los entre brazos espadas. Sobre el brazo superior rect&aacute;ngulo y corona, en los horizontales&nbsp;leones y en el inferior&nbsp;castillo. Centro circular con Escudo de Espa&ntilde;a con castillos y leones, y granada azul en el centro, orlado en azul con la inscripci&oacute;n <span style=\"color: #ff0000\">AL MERITO EN CAMPA&Ntilde;A<\/span>. Muy buena manufactura.<\/span><\/span><\/p>\n<p style=\"text-align: justify\"><strong><span style=\"font-family: Verdana\"><span style=\"font-size: medium\">Nota.-<\/span><\/span><\/strong><span style=\"font-family: Verdana\"><span style=\"font-size: medium\"> <\/span><\/span><span style=\"font-family: Verdana\"><span style=\"font-size: medium\">Este es el primer modelo fabricado por Ega&ntilde;a durante la Guerra Civil Espa&ntilde;ola. Concedida a Oficiales.&nbsp;<\/span><\/span><\/p>\n<p style=\"text-align: justify\">&nbsp;<\/p>\n<p>&nbsp;<\/p>\n<p style=\"text-align: justify\">&nbsp;<\/p>\n","protected":false},"excerpt":{"rendered":"<p style=\"text-align: justify\"><strong><span style=\"font-family: Verdana\"><span style=\"font-size: medium\">DESCRIPCION:<\/span><\/span><\/strong><span style=\"font-family: Verdana\"><span style=\"font-size: medium\"> Cruz de Guerra al M&eacute;rito en Campa&ntilde;a en un excelente estado. Placa para Oficiales en&nbsp;versi&oacute;n plata con&nbsp;r&aacute;fagas de plata de ocho puntas sobre &eacute;sta,&nbsp;en los entre brazos espadas. Sobre el brazo superior rect&aacute;ngulo y corona, en los horizontales&nbsp;leones y en el inferior&nbsp;castillo. Centro circular con Escudo de Espa&ntilde;a con castillos y leones, y granada azul en el centro, orlado en azul con la inscripci&oacute;n <span style=\"color: #ff0000\">AL MERITO EN CAMPA&Ntilde;A<\/span>. Muy buena manufactura.<\/span><\/span><\/p>\n<p style=\"text-align: justify\"><strong><span style=\"font-family: Verdana\"><span style=\"font-size: medium\">Nota.-<\/span><\/span><\/strong><span style=\"font-family: Verdana\"><span style=\"font-size: medium\"> <\/span><\/span><span style=\"font-family: Verdana\"><span style=\"font-size: medium\">Este es el primer modelo fabricado por Ega&ntilde;a durante la Guerra Civil Espa&ntilde;ola. Concedida a Oficiales.&nbsp;<\/span><\/span><\/p>\n<p style=\"text-align: justify\">&nbsp;<\/p>\n<p>&nbsp;<\/p>\n<p style=\"text-align: justify\">&nbsp;<\/p>\n","protected":false},"featured_media":13805,"template":"","meta":[],"product_brand":[],"product_cat":[224],"product_tag":[],"class_list":{"0":"post-13804","1":"product","2":"type-product","3":"status-publish","4":"has-post-thumbnail","6":"product_cat-archivo-vendidos","7":"sales-flash-overlay","8":"woocommerce-text-align-center","9":"woocommerce-image-align-center","10":"do-quantity-buttons","12":"first","13":"outofstock","14":"purchasable","15":"product-type-simple"},"_links":{"self":[{"href":"https:\/\/original-militaria.com\/en\/wp-json\/wp\/v2\/product\/13804","targetHints":{"allow":["GET"]}}],"collection":[{"href":"https:\/\/original-militaria.com\/en\/wp-json\/wp\/v2\/product"}],"about":[{"href":"https:\/\/original-militaria.com\/en\/wp-json\/wp\/v2\/types\/product"}],"wp:featuredmedia":[{"embeddable":true,"href":"https:\/\/original-militaria.com\/en\/wp-json\/wp\/v2\/media\/13805"}],"wp:attachment":[{"href":"https:\/\/original-militaria.com\/en\/wp-json\/wp\/v2\/media?parent=13804"}],"wp:term":[{"taxonomy":"product_brand","embeddable":true,"href":"https:\/\/original-militaria.com\/en\/wp-json\/wp\/v2\/product_brand?post=13804"},{"taxonomy":"product_cat","embeddable":true,"href":"https:\/\/original-militaria.com\/en\/wp-json\/wp\/v2\/product_cat?post=13804"},{"taxonomy":"product_tag","embeddable":true,"href":"https:\/\/original-militaria.com\/en\/wp-json\/wp\/v2\/product_tag?post=13804"}],"curies":[{"name":"wp","href":"https:\/\/api.w.org\/{rel}","templated":true}]}}