{"id":13785,"date":"2017-09-05T12:12:45","date_gmt":"2017-09-05T12:12:45","guid":{"rendered":"https:\/\/original-militaria.com\/?post_type=product&#038;p=13785"},"modified":"2022-07-05T14:14:35","modified_gmt":"2022-07-05T12:14:35","slug":"cuchillo-pantografico-o-de-paracaidista","status":"publish","type":"product","link":"https:\/\/original-militaria.com\/en\/producto\/cuchillo-pantografico-o-de-paracaidista\/","title":{"rendered":"REPRODUCCI\u00d3N Cuchillo Pantografico o de &#8220;Paracaidista&#8221;"},"content":{"rendered":"<p style=\"text-align: justify;\"><strong><span style=\"font-size: medium;\"><span style=\"font-family: Verdana;\">ANTECEDENTES:<\/span><\/span><\/strong><span style=\"font-size: medium;\"><span style=\"font-family: Verdana;\"> Sobre este tipo de\u00a0cuchillos se ha hablado mucho a trav\u00e9s del tiempo (hablamos del cuchillo, <strong>NO<\/strong> de los exagerados y falsos marcajes SS), hay diversas versiones de cuando aparecieron en Alemania, pero comprobado est\u00e1 la patente de Solingen de los a\u00f1os 30.<\/span><\/span><\/p>\n<p style=\"text-align: justify;\"><strong><span style=\"font-size: medium;\"><span style=\"font-family: Verdana;\">DESCRIPCION:<\/span><\/span><\/strong><span style=\"font-size: medium;\"><span style=\"font-family: Verdana;\"> Raro y codiciado cuchillo pantografico de fabricaci\u00f3n alemana, tambi\u00e9n mal llamados\u00a0de &#8220;paracaidista&#8221; (aunque nunca fueron usados\u00a0de dotaci\u00f3n por el ej\u00e9rcito,\u00a0si existen ejemplares con\u00a0marcas de patentes D.R.G.M. Deutsches Reich Gebrauchsmuster, indicando su fabricaci\u00f3n en Alemania durante la guerra) por la forma que ten\u00edan que recuerda a un paraca\u00eddas abierto cuando la tienes a medio abrir y con la punta apuntando hacia abajo, <\/span><\/span><span style=\"font-size: medium;\"><span style=\"font-family: Verdana;\">de fabricaci\u00f3n alemana en lat\u00f3n de muy buena calidad\u00a0<\/span><\/span><span style=\"font-size: medium;\"><span style=\"font-family: Verdana;\">con <strong>A\u00d1ADIDO FALSO\u00a0(REPRO) <\/strong>de finales de los\u00a0a\u00f1os 40\u00a0de los marcajes, <strong>EN CONCRETO <\/strong>&#8220;RZM M7 \/ 66\/34 \/ SS &#8211; Streifendenzt&#8221;. E<\/span><\/span><span style=\"font-size: medium;\"><span style=\"font-family: Verdana;\">s plegable, la hoja de acero ha sido pulida y hay restos de la manufactura del fabricante aunque ilegible, se abre mediante un m\u00e9todo \u00fanico de tijera. La empu\u00f1adura\u00a0est\u00e1 sim\u00e9tricamente segmentada y articulada para doblar en ambos lados y\u00a0agarrar la espiga. <\/span><\/span><\/p>\n<p style=\"text-align: justify;\"><strong><span style=\"font-size: medium;\"><span style=\"font-family: Verdana;\">Nota.-<\/span><\/span><\/strong><span style=\"font-size: medium;\"><span style=\"font-family: Verdana;\"> El cuchillo en si <strong>NO<\/strong> es <strong>REPRODUCCION<\/strong> (estos cuchillos exist\u00edan durante el Tercer Reich, son una patente de los a\u00f1os 30, (ponemos foto) aunque nunca fueron usados por paracaidistas como dotaci\u00f3n durante el conflicto (aunque existen diversas versiones),\u00a0la <strong>REPRODUCCION<\/strong>\u00a0son los marcajes SS rid\u00edculamente exagerados, por no mencionar el hecho de que la SS-Streifendienst\u00a0fue un servicio de la Allgemeine SS cuya misi\u00f3n era b\u00e1sicamente velar por que\u00a0sus miembros vistieran y se comportaran correctamente\u00a0en p\u00fablico. <\/span><\/span><\/p>\n<p style=\"text-align: justify;\"><strong><span style=\"font-size: medium;\"><span style=\"font-family: Verdana;\">Nota 1.-<\/span><\/span><\/strong><span style=\"font-size: medium;\"><span style=\"font-family: Verdana;\"> A finales de los a\u00f1os 40 y principios de los 50 surgieron muchos de estos cuchillos para el mercado USA entre otros.\u00a0Este es de fabricaci\u00f3n alemana, no es el fabricado en Inglaterra a finales de los\u00a0a\u00f1os 40 con marcaje en la hoja &#8220;Carl Eickhorn 1934&#8221;, ni es fabricado en china, de mal\u00edsima calidad y con la &#8220;esv\u00e1stica&#8221; invertida, ni el &#8220;para que hablar&#8221; fabricado en la India. <\/span><\/span><\/p>\n","protected":false},"excerpt":{"rendered":"<p style=\"text-align: justify;\"><strong><span style=\"font-size: medium;\"><span style=\"font-family: Verdana;\">ANTECEDENTES:<\/span><\/span><\/strong><span style=\"font-size: medium;\"><span style=\"font-family: Verdana;\"> Sobre este tipo de\u00a0cuchillos se ha hablado mucho a trav\u00e9s del tiempo (hablamos del cuchillo, <strong>NO<\/strong> de los exagerados y falsos marcajes SS), hay diversas versiones de cuando aparecieron en Alemania, pero comprobado est\u00e1 la patente de Solingen de los a\u00f1os 30.<\/span><\/span><\/p>\n<p style=\"text-align: justify;\"><strong><span style=\"font-size: medium;\"><span style=\"font-family: Verdana;\">DESCRIPCION:<\/span><\/span><\/strong><span style=\"font-size: medium;\"><span style=\"font-family: Verdana;\"> Raro y codiciado cuchillo pantografico de fabricaci\u00f3n alemana, tambi\u00e9n mal llamados\u00a0de &#8220;paracaidista&#8221; (aunque nunca fueron usados\u00a0de dotaci\u00f3n por el ej\u00e9rcito,\u00a0si existen ejemplares con\u00a0marcas de patentes D.R.G.M. Deutsches Reich Gebrauchsmuster, indicando su fabricaci\u00f3n en Alemania durante la guerra) por la forma que ten\u00edan que recuerda a un paraca\u00eddas abierto cuando la tienes a medio abrir y con la punta apuntando hacia abajo, <\/span><\/span><span style=\"font-size: medium;\"><span style=\"font-family: Verdana;\">de fabricaci\u00f3n alemana en lat\u00f3n de muy buena calidad\u00a0<\/span><\/span><span style=\"font-size: medium;\"><span style=\"font-family: Verdana;\">con <strong>A\u00d1ADIDO FALSO\u00a0(REPRO) <\/strong>de finales de los\u00a0a\u00f1os 40\u00a0de los marcajes, <strong>EN CONCRETO <\/strong>&#8220;RZM M7 \/ 66\/34 \/ SS &#8211; Streifendenzt&#8221;. E<\/span><\/span><span style=\"font-size: medium;\"><span style=\"font-family: Verdana;\">s plegable, la hoja de acero ha sido pulida y hay restos de la manufactura del fabricante aunque ilegible, se abre mediante un m\u00e9todo \u00fanico de tijera. La empu\u00f1adura\u00a0est\u00e1 sim\u00e9tricamente segmentada y articulada para doblar en ambos lados y\u00a0agarrar la espiga. <\/span><\/span><\/p>\n<p style=\"text-align: justify;\"><strong><span style=\"font-size: medium;\"><span style=\"font-family: Verdana;\">Nota.-<\/span><\/span><\/strong><span style=\"font-size: medium;\"><span style=\"font-family: Verdana;\"> El cuchillo en si <strong>NO<\/strong> es <strong>reproducci\u00f3n<\/strong> (estos cuchillos exist\u00edan durante el Tercer Reich, son una patente de los a\u00f1os 30, (ponemos foto) aunque nunca fueron usados por paracaidistas como dotaci\u00f3n durante el conflicto (aunque existen diversas versiones),\u00a0la <strong>reproducci\u00f3n<\/strong>\u00a0son los marcajes SS rid\u00edculamente exagerados, por no mencionar el hecho de que la SS-Streifendienst\u00a0fue un servicio de la Allgemeine SS cuya misi\u00f3n era b\u00e1sicamente velar por que\u00a0sus miembros vistieran y se comportaran correctamente\u00a0en p\u00fablico. <\/span><\/span><\/p>\n<p style=\"text-align: justify;\"><strong><span style=\"font-size: medium;\"><span style=\"font-family: Verdana;\">Nota 1.-<\/span><\/span><\/strong><span style=\"font-size: medium;\"><span style=\"font-family: Verdana;\"> A finales de los a\u00f1os 40 y principios de los 50 surgieron muchos de estos cuchillos para el mercado USA entre otros.\u00a0Este es de fabricaci\u00f3n alemana, no es el fabricado en Inglaterra a finales de los\u00a0a\u00f1os 40 con marcaje en la hoja &#8220;Carl Eickhorn 1934&#8221;, ni es fabricado en china, de mal\u00edsima calidad y con la &#8220;esv\u00e1stica&#8221; invertida, ni el &#8220;para que hablar&#8221; fabricado en la India. <\/span><\/span><\/p>\n","protected":false},"featured_media":13786,"template":"","meta":[],"product_brand":[],"product_cat":[224],"product_tag":[],"class_list":{"0":"post-13785","1":"product","2":"type-product","3":"status-publish","4":"has-post-thumbnail","6":"product_cat-archivo-vendidos","7":"sales-flash-overlay","8":"woocommerce-text-align-center","9":"woocommerce-image-align-center","10":"do-quantity-buttons","12":"first","13":"outofstock","14":"product-type-simple"},"_links":{"self":[{"href":"https:\/\/original-militaria.com\/en\/wp-json\/wp\/v2\/product\/13785","targetHints":{"allow":["GET"]}}],"collection":[{"href":"https:\/\/original-militaria.com\/en\/wp-json\/wp\/v2\/product"}],"about":[{"href":"https:\/\/original-militaria.com\/en\/wp-json\/wp\/v2\/types\/product"}],"wp:featuredmedia":[{"embeddable":true,"href":"https:\/\/original-militaria.com\/en\/wp-json\/wp\/v2\/media\/13786"}],"wp:attachment":[{"href":"https:\/\/original-militaria.com\/en\/wp-json\/wp\/v2\/media?parent=13785"}],"wp:term":[{"taxonomy":"product_brand","embeddable":true,"href":"https:\/\/original-militaria.com\/en\/wp-json\/wp\/v2\/product_brand?post=13785"},{"taxonomy":"product_cat","embeddable":true,"href":"https:\/\/original-militaria.com\/en\/wp-json\/wp\/v2\/product_cat?post=13785"},{"taxonomy":"product_tag","embeddable":true,"href":"https:\/\/original-militaria.com\/en\/wp-json\/wp\/v2\/product_tag?post=13785"}],"curies":[{"name":"wp","href":"https:\/\/api.w.org\/{rel}","templated":true}]}}