{"id":13689,"date":"2017-09-05T12:11:52","date_gmt":"2017-09-05T12:11:52","guid":{"rendered":"https:\/\/original-militaria.com\/?post_type=product&#038;p=13689"},"modified":"2022-01-31T19:08:40","modified_gmt":"2022-01-31T18:08:40","slug":"lw-gorra-de-campo-m43-de-1944-con-rbnr","status":"publish","type":"product","link":"https:\/\/original-militaria.com\/en\/producto\/lw-gorra-de-campo-m43-de-1944-con-rbnr\/","title":{"rendered":"Luftwaffe\/ EM\/NCO&#8217;S M43 Field Cap by 1944 with RBNr&#8212;LW\/ Gorra de Campo M43 de &#8220;1944&#8221; con &#8220;RBNr&#8221;"},"content":{"rendered":"<p style=\"text-align: justify\" align=\"justify\"><span style=\"font-size: 12pt;font-family: verdana, geneva, sans-serif\"><strong>ANTECEDENTES:<\/strong> La Luftwaffe introdujo la gorra de campa\u00f1a M43 el 27 de septiembre de 1943 reemplazando al modelo usado hasta entonces.\u00a0\u00a0El dise\u00f1o de la M43 se basa en el anterior modelo Feldm\u00fctze M42 y en la Bergm\u00fctze con variaciones menores. Los distintivos del \u00e1guila y la escaparela nacional de tres colores la lleva tal como fue introducida el 14 de marzo de 1933. El modelo de \u00e1guila nacional de Luftwaffe fue introducido para el uso de los pilotos y el personal de la DLV, el 18 de agosto de 1934 y fue adoptado oficialmente por el uso de todo el personal de la Luftwaffe el 1 de marzo de 1935. El \u00e1guila original, modelo de alas cortas, se utiliz\u00f3 hasta que, ligeramente modificada, un \u00e1guila segundo modelo se introdujo a finales de 1936 o principios de 1937. El reglamento dictaba, que el \u00e1guila nacional deb\u00eda ser usada en todos los art\u00edculos de sombrerer\u00eda y en el lado derecho de los uniformes con unas pocas excepciones. Las gorras de Oficial se distinguieron de las de suboficiales y tropa por unos cordoncillos plateados. Otras disposiciones dictaminaron tambi\u00e9n que los botones de la gorra deb\u00edan ser un indicador del rango, con botones color azul-gris\u00e1ceo para suboficiales y tropa, plata para gorras sobre el terreno y dorados para los rangos de general, pero esto no se respetaba estrictamente. Oficiales de alto rango y algunos suboficiales fueron los responsables de compra de sus propios uniformes, en consecuencia se le asign\u00f3 un subsidio a trav\u00e9s de los dep\u00f3sitos de ropa &#8220;Verkaufsabteilung de la Luftwaffe&#8221; (Departamento de Ventas de la Fuerza A\u00e9rea).\u00a0 <\/span><\/p>\n<p style=\"text-align: justify\"><span style=\"font-size: 12pt;font-family: verdana, geneva, sans-serif\"><strong>DESCRIPCION:<\/strong> Gorra de de campo M43 (Einheitsfeldm\u00fctze M43) de tropa del a\u00f1o &#8220;1944&#8221; en color azul piedra, con la construcci\u00f3n caracter\u00edstica de estas prendas de cabeza. La parte trasera y los laterales fueron dise\u00f1ados para doblarse hacia abajo para proteger al individuo el cuello y las orejas, con dos botones tintados en la parte delantera para poder abrochar y cubrir la barbilla. Los botones retienen su pintura\u00a0original al 95%. En la parte delantera tiene cosida a m\u00e1quina el \u00e1guila nacional estilo LW y la cucarda con los colores nacionales. El interior est\u00e1 forrado en algod\u00f3n color azul-gris\u00e1ceo y est\u00e1 marcado con el c\u00f3digo &#8220;RBN.r&#8221; (Los n\u00fameros de RB, Reichsbetriebnummer, fueron introducidos a finales de 1942 y fueron destinados a sustituir las marcas de fabricantes de art\u00edculos de sombrerer\u00eda, ropa y equipo para ocultar el nombre del fabricante, la fabrica y\u00a0su ubicaci\u00f3n de los aliados, para evitar los bombardeos de la industria alemana), el a\u00f1o &#8220;1944&#8221; y la talla &#8220;57&#8221;. Sin agujeros de polilla ni desperfectos. Excelente ejemplo de\u00a0gorra M43 para la LW.<\/span><\/p>\n<p>&nbsp;<\/p>\n","protected":false},"excerpt":{"rendered":"<p align=\"justify\"><span style=\"font-size: medium\"><span style=\"font-family: Verdana\"><strong>ANTECEDENTES:<\/strong> <\/span><\/span><span style=\"font-size: 9pt;font-family: Verdana\"><span style=\"font-size: medium\">La Luftwaffe<\/span><span style=\"font-size: medium\"> introdujo la gorra de campa\u00f1a\u00a0M43 el 27 de septiembre de 1943 reemplazando al modelo usado hasta entonces.\u00a0\u00a0El dise\u00f1o de <\/span><span style=\"font-size: medium\">la M<\/span><span style=\"font-size: medium\">43 se basa en el anterior modelo Feldm\u00fctze M42 y en la\u00a0Bergm\u00fctze\u00a0con variaciones menores. Los distintivos del \u00e1guila y la escaparela nacional de tres colores\u00a0la lleva tal como fue introducida el 14 de marzo de 1933. El modelo de \u00e1guila nacional de\u00a0Luftwaffe fue introducido para el uso de los pilotos y el personal de <\/span><span style=\"font-size: medium\">la DLV<\/span><span style=\"font-size: medium\">, el 18 de agosto de 1934 y fue adoptado oficialmente por el\u00a0uso de todo el personal de <\/span><span style=\"font-size: medium\">la Luftwaffe<\/span><span style=\"font-size: medium\"> el 1 de marzo de 1935. El \u00e1guila original,\u00a0modelo de alas cortas, se utiliz\u00f3 hasta que, ligeramente modificada,\u00a0un \u00e1guila segundo modelo se introdujo a finales de 1936 o principios de 1937. El reglamento dictaba,\u00a0que el \u00e1guila nacional\u00a0deb\u00eda ser usada en todos los art\u00edculos de sombrerer\u00eda y en el lado derecho de\u00a0los uniformes con unas pocas excepciones. Las gorras de Oficial se distinguieron de las de suboficiales y tropa por unos cordoncillos plateados. Otras disposiciones\u00a0dictaminaron tambi\u00e9n\u00a0que los botones de la gorra debian ser\u00a0un indicador del rango, con botones\u00a0color azul-gris\u00e1ceo para suboficiales y tropa,\u00a0plata para gorras sobre el terreno\u00a0y dorados para los rangos de general, pero esto no se respetaba estrictamente. Oficiales de alto rango y algunos suboficiales fueron los responsables de compra de sus propios uniformes, en consecuencia se le asign\u00f3 un subsidio a trav\u00e9s de los dep\u00f3sitos de\u00a0ropa &#8220;Verkaufsabteilung de <\/span><span style=\"font-size: medium\">la Luftwaffe<\/span><span style=\"font-size: medium\">&#8221; (Departamento de Ventas de <\/span><span style=\"font-size: medium\">la Fuerza A\u00e9rea<\/span><span style=\"font-size: medium\">).\u00a0 <\/span><\/span><\/p>\n<p><strong>DESCRIPCION:<\/strong> Gorra de de campo M43 (Einheitsfeldm\u00fctze M43) de tropa del a\u00f1o <span style=\"color: #ff0000\">&#8220;1944&#8221;<\/span> en color azul piedra, con la construcci\u00f3n caracter\u00edstica de estas prendas de cabeza. La parte trasera y los laterales fueron dise\u00f1ados para doblarse hacia abajo para proteger al individuo el cuello y las orejas, con dos botones tintados en la parte delantera para poder abrochar y cubrir la barbilla. Los botones retienen su pintura\u00a0original al 95%. En la parte delantera tiene cosida a m\u00e1quina el \u00e1guila nacional estilo LW y la cucarda con los colores nacionales. El interior est\u00e1 forrado en algod\u00f3n color azul-gris\u00e1ceo y est\u00e1 marcado con el c\u00f3digo <span style=\"color: #ff0000\">&#8220;RBN.r&#8221;<\/span> (Los n\u00fameros de RB, Reichsbetriebnummer, fueron introducidos a finales de 1942 y fueron destinados a sustituir las marcas de fabricantes de art\u00edculos de sombrerer\u00eda, ropa y equipo para ocultar el nombre del fabricante, la fabrica y\u00a0su ubicaci\u00f3n de los aliados, para evitar los bombardeos de la industria alemana), el a\u00f1o <span style=\"color: #ff0000\">&#8220;1944&#8221;<\/span> y la talla <span style=\"color: #ff0000\">&#8220;57&#8221;<\/span>. Sin agujeros de polilla ni desperfectos. Excelente ejemplo de\u00a0gorra M43 para <span style=\"font-size: medium\">la LW.<\/span><\/p>\n<p>&nbsp;<\/p>\n","protected":false},"featured_media":13690,"template":"","meta":[],"product_brand":[],"product_cat":[224],"product_tag":[],"class_list":{"0":"post-13689","1":"product","2":"type-product","3":"status-publish","4":"has-post-thumbnail","6":"product_cat-archivo-vendidos","7":"sales-flash-overlay","8":"woocommerce-text-align-center","9":"woocommerce-image-align-center","10":"do-quantity-buttons","12":"first","13":"outofstock","14":"product-type-simple"},"_links":{"self":[{"href":"https:\/\/original-militaria.com\/en\/wp-json\/wp\/v2\/product\/13689","targetHints":{"allow":["GET"]}}],"collection":[{"href":"https:\/\/original-militaria.com\/en\/wp-json\/wp\/v2\/product"}],"about":[{"href":"https:\/\/original-militaria.com\/en\/wp-json\/wp\/v2\/types\/product"}],"wp:featuredmedia":[{"embeddable":true,"href":"https:\/\/original-militaria.com\/en\/wp-json\/wp\/v2\/media\/13690"}],"wp:attachment":[{"href":"https:\/\/original-militaria.com\/en\/wp-json\/wp\/v2\/media?parent=13689"}],"wp:term":[{"taxonomy":"product_brand","embeddable":true,"href":"https:\/\/original-militaria.com\/en\/wp-json\/wp\/v2\/product_brand?post=13689"},{"taxonomy":"product_cat","embeddable":true,"href":"https:\/\/original-militaria.com\/en\/wp-json\/wp\/v2\/product_cat?post=13689"},{"taxonomy":"product_tag","embeddable":true,"href":"https:\/\/original-militaria.com\/en\/wp-json\/wp\/v2\/product_tag?post=13689"}],"curies":[{"name":"wp","href":"https:\/\/api.w.org\/{rel}","templated":true}]}}