{"id":13599,"date":"2017-09-05T12:11:07","date_gmt":"2017-09-05T12:11:07","guid":{"rendered":"https:\/\/original-militaria.com\/?post_type=product&#038;p=13599"},"modified":"2022-01-31T19:08:40","modified_gmt":"2022-01-31T18:08:40","slug":"wh-heer-reloj-mecanico-de-dotacion-silvana","status":"publish","type":"product","link":"https:\/\/original-militaria.com\/en\/producto\/wh-heer-reloj-mecanico-de-dotacion-silvana\/","title":{"rendered":"WH\/Heer, Silvana  Watch&#8212;WH\/ Reloj Mec\u00e1nico de Dotaci\u00f3n &#8220;Silvana&#8221;"},"content":{"rendered":"<p style=\"text-align: justify\" align=\"justify\"><span style=\"font-size: 12pt;font-family: verdana, geneva, sans-serif\"><strong>ANTECEDENTES:<\/strong> La WW2 supuso un importante empuje en el uso y fabricaci\u00f3n de relojes militares, La WH dispon\u00eda de relojes de bolsillo y pulsera para equipar a Oficiales, suboficiales y tropa, seg\u00fan las necesidades del servicio. La r\u00e1pida expansi\u00f3n del conflicto gener\u00f3 una gran demanda por parte del OKH (Oberkommando des Heeres). \u00c9stos relojes eran manufacturados seg\u00fan especificaciones dadas por muchos productores y minoristas alemanes y suizos (Buren, Grana, Zenith, dogma, Helios, Junglans, Omega, Longines, Minerva, Mimo, Silvana, Helbros etc). Fueron fabricados para el uso de soldados y oficiales alemanes desde 1930 a 1940. Las especificaciones de la OKH eran claras para todos los relojes, caja de metal plata lisa, con tapa trasera roscada con de acero con tres o seis ranuras. Dial color negro con las doce horas en n\u00famero y segundero ubicado a las seis. N\u00fameros recubiertos de radio para la visi\u00f3n nocturna y correas de cuero marrones con hebilla niquelada. <\/span><\/p>\n<p style=\"text-align: justify\"><span style=\"font-family: verdana, geneva, sans-serif;font-size: 12pt\"><strong>DESCRIPCION:<\/strong> Reloj\u00a0mec\u00e1nico reglamentario de dotaci\u00f3n marca &#8220;Silvana&#8221;, es anti-magn\u00e9tico, con su correa de cuero marr\u00f3n original, reglamentar\u00eda, tiene como mandan las ordenanzas caja de metal con acabado plata lisa, dial negro con las doce horas en n\u00famero y segundero ubicado a las seis de visi\u00f3n nocturna, la tapa trasera roscada es de acero con seis ranuras, tiene el n\u00famero de serie del contrato, y las letras estampadas &#8220;DH&#8221;, La &#8220;D&#8221; significa reloj de servicio (Dienstuhr) o alem\u00e1n (Deutsches), y la &#8220;H&#8221; significa ej\u00e9rcito (Heer). Buen funcionamiento, comprobado. Es raro encontrarlos con su correa de dotaci\u00f3n.<\/span><\/p>\n","protected":false},"excerpt":{"rendered":"<p align=\"justify\"><span style=\"font-size: medium\"><span style=\"font-family: Verdana\"><strong>ANTECEDENTES:<\/strong> La WW2 supuso un importante empuje en el uso y fabricaci\u00f3n de relojes militares, La WH dispon\u00eda de relojes de bolsillo y pulsera para equipar a Oficiales, suboficiales y tropa, seg\u00fan las necesidades del servicio. La r\u00e1pida expansi\u00f3n del conflicto gener\u00f3 una gran demanda por parte del OKH (Oberkommando des Heeres). \u00c9stos relojes eran manufacturados seg\u00fan especificaciones dadas por muchos productores y minoristas alemanes y suizos (Buren, Grana, Zenith, dogma, Helios, Junglans, Omega, Longines, Minerva, Mimo, Silvana, Helbros etc). Fueron fabricados para el uso de soldados y oficiales alemanes desde 1930 a 1940. Las especificaciones de la OKH eran claras para todos los relojes, caja de metal plata lisa, con tapa trasera roscada con de acero con tres o seis ranuras. Dial color negro con las doce horas en n\u00famero y segundero ubicado a las seis. N\u00fameros recubiertos de radio para la visi\u00f3n nocturna y correas de cuero marrones con hebilla niquelada. <\/span><\/span><\/p>\n<p><strong>DESCRIPCION:<\/strong> Reloj\u00a0mec\u00e1nico reglamentario de dotaci\u00f3n marca <span style=\"color: #ff0000\">&#8220;Silvana&#8221;<\/span>, es anti-magn\u00e9tico, con su correa de cuero marr\u00f3n original, reglamentar\u00eda, tiene como mandan las ordenanzas caja de metal con acabado plata lisa, dial negro con las doce horas en n\u00famero y segundero ubicado a las seis de visi\u00f3n nocturna, la tapa trasera roscada es de acero con seis ranuras, tiene el n\u00famero de serie del contrato, y las letras estampadas <span style=\"color: #ff0000\">&#8220;DH&#8221;<\/span>, La <span style=\"color: #ff0000\">&#8220;D&#8221;<\/span> significa reloj de servicio (Dienstuhr) o alem\u00e1n (Deutsches), y la <span style=\"color: #ff0000\">&#8220;H&#8221; <\/span>significa ej\u00e9rcito (Heer). Buen funcionamiento, comprobado. Es raro encontrarlos con su correa de dotaci\u00f3n.<\/p>\n","protected":false},"featured_media":13600,"template":"","meta":[],"product_brand":[],"product_cat":[224],"product_tag":[],"class_list":{"0":"post-13599","1":"product","2":"type-product","3":"status-publish","4":"has-post-thumbnail","6":"product_cat-archivo-vendidos","7":"sales-flash-overlay","8":"woocommerce-text-align-center","9":"woocommerce-image-align-center","10":"do-quantity-buttons","12":"first","13":"outofstock","14":"product-type-simple"},"_links":{"self":[{"href":"https:\/\/original-militaria.com\/en\/wp-json\/wp\/v2\/product\/13599","targetHints":{"allow":["GET"]}}],"collection":[{"href":"https:\/\/original-militaria.com\/en\/wp-json\/wp\/v2\/product"}],"about":[{"href":"https:\/\/original-militaria.com\/en\/wp-json\/wp\/v2\/types\/product"}],"wp:featuredmedia":[{"embeddable":true,"href":"https:\/\/original-militaria.com\/en\/wp-json\/wp\/v2\/media\/13600"}],"wp:attachment":[{"href":"https:\/\/original-militaria.com\/en\/wp-json\/wp\/v2\/media?parent=13599"}],"wp:term":[{"taxonomy":"product_brand","embeddable":true,"href":"https:\/\/original-militaria.com\/en\/wp-json\/wp\/v2\/product_brand?post=13599"},{"taxonomy":"product_cat","embeddable":true,"href":"https:\/\/original-militaria.com\/en\/wp-json\/wp\/v2\/product_cat?post=13599"},{"taxonomy":"product_tag","embeddable":true,"href":"https:\/\/original-militaria.com\/en\/wp-json\/wp\/v2\/product_tag?post=13599"}],"curies":[{"name":"wp","href":"https:\/\/api.w.org\/{rel}","templated":true}]}}