{"id":13461,"date":"2017-09-05T12:10:00","date_gmt":"2017-09-05T12:10:00","guid":{"rendered":"https:\/\/original-militaria.com\/?post_type=product&#038;p=13461"},"modified":"2022-01-31T19:08:37","modified_gmt":"2022-01-31T18:08:37","slug":"distintivo-de-herido-en-negro-1939-126","status":"publish","type":"product","link":"https:\/\/original-militaria.com\/en\/producto\/distintivo-de-herido-en-negro-1939-126\/","title":{"rendered":"Wehrmacht\/ Black Wound Badge 1939, &#8220;126&#8221;&#8211;WH\/ Distintivo de Herido en Negro 1939, &#8220;126&#8221;"},"content":{"rendered":"<p style=\"text-align: justify\"><strong><span style=\"font-size: medium\"><span style=\"font-family: Verdana\">ANTECEDENTES:<\/span><\/span><\/strong><span style=\"font-size: medium\"><span style=\"font-family: Verdana\"> La insignia de herido se estableci\u00f3 originalmente el 3 de marzo de 1918 por el Rey Wilhelm II para reconocer el sacrificio de aquellos heridos durante la Guerra 1914-1918. La insignia se instituy\u00f3 en tres clases o grados, negro, plata y oro con la idea de reflejar el n\u00famero o severidad de las heridas recibidas. El 22 de mayo de 1939 Adolfo Hitler re-instituy\u00f3 una versi\u00f3n ligeramente modificada de la insignia de herido con el agregado de la esv\u00e1stica al modelo de la primera guerra mundial, para premiar a los voluntarios alemanes que hab\u00edan participado en la Guerra Civil Espa\u00f1ola (Marzo de 1936 a Julio de 1939) del lado del General Francisco Franco, contra el bando Republicano aliado a los comunista. El 1\u00ba de septiembre de 1939, Hitler modific\u00f3 la versi\u00f3n de la insignia de herido alterando el casco modelo de primera guerra, por el casco modelo M35 recientemente dise\u00f1ado.\u00a0 <\/span><\/span><\/p>\n<p style=\"text-align: justify\"><strong><span style=\"font-size: medium\"><span style=\"font-family: Verdana\">DESCRIPCI\u00d3N:<\/span><\/span><\/strong><span style=\"font-size: medium\"><span style=\"font-family: Verdana\"> Modelo de 1939. (Verwundeten-Abzeichen, Schwarz). El distintivo es de forma ovalada y est\u00e1 realzado por una guirnalda que abarca un casco M35 realzado y biselado con esv\u00e1stica. Las espadas cruzadas por debajo del casco. Tiene bien clara la manufactura del fabricante, c\u00f3digo &#8220;126&#8221; perteneciente a &#8220;Eduard Hahn &#8211; Oberstein\/Nahe&#8221;. Muy rara de este fabricante.<br \/>\n<\/span><\/span><\/p>\n","protected":false},"excerpt":{"rendered":"<p style=\"text-align: justify\"><strong><span style=\"font-size: medium\"><span style=\"font-family: Verdana\">ANTECEDENTES:<\/span><\/span><\/strong><span style=\"font-size: medium\"><span style=\"font-family: Verdana\"> La insignia de herido se estableci\u00f3 originalmente el 3 de marzo de 1918 por el Rey Wilhelm II para reconocer el sacrificio de aquellos heridos durante la Guerra 1914-1918. La insignia se instituy\u00f3 en tres clases o grados, negro, plata y oro con la idea de reflejar el n\u00famero o severidad de las heridas recibidas. El 22 de mayo de 1939 Adolfo Hitler re-instituy\u00f3 una versi\u00f3n ligeramente modificada de la insignia de herido con el agregado de la esv\u00e1stica al modelo de la primera guerra mundial, para premiar a los voluntarios alemanes que hab\u00edan participado en la Guerra Civil Espa\u00f1ola (Marzo de 1936 a Julio de 1939) del lado del General Francisco Franco, contra el bando Republicano aliado a los comunista. El 1\u00ba de septiembre de 1939, Hitler modific\u00f3 la versi\u00f3n de la insignia de herido alterando el casco modelo de primera guerra, por el casco modelo M35 recientemente dise\u00f1ado.\u00a0 <\/span><\/span><\/p>\n<p style=\"text-align: justify\"><strong><span style=\"font-size: medium\"><span style=\"font-family: Verdana\">DESCRIPCI\u00d3N:<\/span><\/span><\/strong><span style=\"font-size: medium\"><span style=\"font-family: Verdana\"> Modelo de 1939. (Verwundeten-Abzeichen, Schwarz). El distintivo es de forma ovalada y est\u00e1 realzado por una guirnalda que abarca un casco M35 realzado y biselado con esv\u00e1stica. Las espadas cruzadas por debajo del casco. Tiene bien clara la manufactura del fabricante, c\u00f3digo <span style=\"color: #ff0000\">&#8220;126&#8221;<\/span> perteneciente a <span style=\"color: #ff0000\">&#8220;Eduard Hahn &#8211; Oberstein\/Nahe&#8221;<\/span>. Muy rara de este fabricante.<br \/>\n<\/span><\/span><\/p>\n","protected":false},"featured_media":13462,"template":"","meta":[],"product_brand":[],"product_cat":[224],"product_tag":[],"class_list":{"0":"post-13461","1":"product","2":"type-product","3":"status-publish","4":"has-post-thumbnail","6":"product_cat-archivo-vendidos","7":"sales-flash-overlay","8":"woocommerce-text-align-center","9":"woocommerce-image-align-center","10":"do-quantity-buttons","12":"first","13":"outofstock","14":"purchasable","15":"product-type-simple"},"_links":{"self":[{"href":"https:\/\/original-militaria.com\/en\/wp-json\/wp\/v2\/product\/13461","targetHints":{"allow":["GET"]}}],"collection":[{"href":"https:\/\/original-militaria.com\/en\/wp-json\/wp\/v2\/product"}],"about":[{"href":"https:\/\/original-militaria.com\/en\/wp-json\/wp\/v2\/types\/product"}],"wp:featuredmedia":[{"embeddable":true,"href":"https:\/\/original-militaria.com\/en\/wp-json\/wp\/v2\/media\/13462"}],"wp:attachment":[{"href":"https:\/\/original-militaria.com\/en\/wp-json\/wp\/v2\/media?parent=13461"}],"wp:term":[{"taxonomy":"product_brand","embeddable":true,"href":"https:\/\/original-militaria.com\/en\/wp-json\/wp\/v2\/product_brand?post=13461"},{"taxonomy":"product_cat","embeddable":true,"href":"https:\/\/original-militaria.com\/en\/wp-json\/wp\/v2\/product_cat?post=13461"},{"taxonomy":"product_tag","embeddable":true,"href":"https:\/\/original-militaria.com\/en\/wp-json\/wp\/v2\/product_tag?post=13461"}],"curies":[{"name":"wp","href":"https:\/\/api.w.org\/{rel}","templated":true}]}}