{"id":13419,"date":"2017-09-05T12:09:37","date_gmt":"2017-09-05T12:09:37","guid":{"rendered":"https:\/\/original-militaria.com\/?post_type=product&#038;p=13419"},"modified":"2022-01-31T19:08:37","modified_gmt":"2022-01-31T18:08:37","slug":"wh-parka-reversible-con-camuflaje-sumpftarnmusters-1943-44","status":"publish","type":"product","link":"https:\/\/original-militaria.com\/en\/producto\/wh-parka-reversible-con-camuflaje-sumpftarnmusters-1943-44\/","title":{"rendered":"Wehrmacht\/ &#8220;Sumpftarnmusters&#8221;\u00a0Camouflage Reversible Winter Suit, 1943\/44&#8211; WH\/ Parka Reversible con Camuflaje &#8220;Sumpftarnmusters&#8221; , 1943\/44"},"content":{"rendered":"<p style=\"text-align: justify\"><strong><span style=\"font-size: medium\"><span style=\"font-family: Verdana\">ANTECEDENTES:<\/span><\/span><\/strong><span style=\"font-size: medium\"><span style=\"font-family: Verdana\"> El modelo geom\u00e9trico se desarroll\u00f3 en la d\u00e9cada de lo 1930 y se adopt\u00f3 por primera vez para su uso con el poncho M31 a finales de 1931. Evolucion\u00f3 con la modificaci\u00f3n del modelo original al difuminar suavemente el modelo geom\u00e9trico y alterar ligeramente la coloraci\u00f3n. Tras el devastador invierno de 1941-1942 en el frente ruso, el ej\u00e9rcito alem\u00e1n que estaba dr\u00e1sticamente equipado de prendas para soportar el intenso fr\u00edo, utilizo una amplia e improvisara variedad de prendas, incluido un amplio surtido donadas por civiles que se utilizaron como soluci\u00f3n temporal. Para rectificar la situaci\u00f3n, el OKH, Oberkommando des Heeres, (Alto Mando del Ej\u00e9rcito), inici\u00f3 en la primavera de 1942 pruebas para elaborar prendas adecuadas para el frente ruso. En abril de 1942 Hitler aprob\u00f3 el elegido dise\u00f1o y los primeros modelos se usaron en el oto\u00f1o de ese a\u00f1o, en las prendas reversibles se cambio el color a\u00f1adiendo el camuflaje acolchado en pantalones, parcas, capuchas y guantes por separado. Estas prendas tambi\u00e9n se produjeron en modelos no reversibles. <\/span><\/span><\/p>\n<p style=\"text-align: justify\"><strong><span style=\"font-size: medium\"><span style=\"font-family: Verdana\">DESCRIPCION:<\/span><\/span><\/strong><span style=\"font-size: medium\"><span style=\"font-family: Verdana\"> Parka reversible acolchada de invierno, modelo 1943\/44, de tres cuartos\u00a0(Wendbarer Winteranzug)\u00a0con camuflaje geom\u00e9trico del denominado &#8220;Sumpftarnmusters&#8221;\u00a0(de los m\u00e1s raros, no es el modelo con camuflaje &#8220;Splinter&#8221;),\u00a0con colores frescos tostados, bronceados y verdes\u00a0por un lado y blanca por el otro para la nieve. Confeccionada \u00edntegramente con material sint\u00e9tico para retener el calor corporal y repeler el agua. Tiene su cinta de ray\u00f3n reversible en la cintura para ajustar intacta (puesta en el interior en este caso)\u00a0al igual que la del bajo, todos los botones originales por ambas caras est\u00e1n presentes, tanto los de papel\u00a0tratados con resina\u00a0para sostener las cintas de identificaci\u00f3n, como los de hierro cincado en gris,\u00a0en la parte blanca\u00a0dichos botones tienen restos de pintura blanca. Los pu\u00f1os ajustables, tiene una capucha a modo de verdugo (Kopfbedeckung) igual al resto de la prenda por ambas caras con una cinta para su ajuste. Talla grande. Perfecto estado, casi sin uso, no tiene rotos o descosidos.<\/span><\/span><\/p>\n<p style=\"text-align: justify\">\n","protected":false},"excerpt":{"rendered":"<p style=\"text-align: justify\"><strong><span style=\"font-size: medium\"><span style=\"font-family: Verdana\">ANTECEDENTES:<\/span><\/span><\/strong><span style=\"font-size: medium\"><span style=\"font-family: Verdana\"> El modelo geom\u00e9trico se desarroll\u00f3 en la d\u00e9cada de lo 1930 y se adopt\u00f3 por primera vez para su uso con el poncho M31 a finales de 1931. Evolucion\u00f3 con la modificaci\u00f3n del modelo original al difuminar suavemente el modelo geom\u00e9trico y alterar ligeramente la coloraci\u00f3n. Tras el devastador invierno de 1941-1942 en el frente ruso, el ej\u00e9rcito alem\u00e1n que estaba dr\u00e1sticamente equipado de prendas para soportar el intenso fr\u00edo, utilizo una amplia e improvisara variedad de prendas, incluido un amplio surtido donadas por civiles que se utilizaron como soluci\u00f3n temporal. Para rectificar la situaci\u00f3n, el OKH, Oberkommando des Heeres, (Alto Mando del Ej\u00e9rcito), inici\u00f3 en la primavera de 1942 pruebas para elaborar prendas adecuadas para el frente ruso. En abril de 1942 Hitler aprob\u00f3 el elegido dise\u00f1o y los primeros modelos se usaron en el oto\u00f1o de ese a\u00f1o, en las prendas reversibles se cambio el color a\u00f1adiendo el camuflaje acolchado en pantalones, parcas, capuchas y guantes por separado. Estas prendas tambi\u00e9n se produjeron en modelos no reversibles. <\/span><\/span><\/p>\n<p style=\"text-align: justify\"><strong><span style=\"font-size: medium\"><span style=\"font-family: Verdana\">DESCRIPCION:<\/span><\/span><\/strong><span style=\"font-size: medium\"><span style=\"font-family: Verdana\"> Parka reversible acolchada de invierno, modelo 1943\/44, de tres cuartos\u00a0(Wendbarer Winteranzug)\u00a0con camuflaje geom\u00e9trico del denominado <span style=\"color: #ff0000\">&#8220;Sumpftarnmusters&#8221;\u00a0<\/span>(de los m\u00e1s raros, no es el modelo con camuflaje &#8220;Splinter&#8221;),\u00a0con colores frescos tostados, bronceados y verdes\u00a0por un lado y blanca por el otro para la nieve. Confeccionada \u00edntegramente con material sint\u00e9tico para retener el calor corporal y repeler el agua. Tiene su cinta de ray\u00f3n reversible en la cintura para ajustar intacta (puesta en el interior en este caso)\u00a0al igual que la del bajo, todos los botones originales por ambas caras est\u00e1n presentes, tanto los de papel\u00a0tratados con resina\u00a0para sostener las cintas de identificaci\u00f3n, como los de hierro cincado en gris,\u00a0en la parte blanca\u00a0dichos botones tienen restos de pintura blanca. Los pu\u00f1os ajustables, tiene una capucha a modo de verdugo (Kopfbedeckung) igual al resto de la prenda por ambas caras con una cinta para su ajuste. Talla grande. Perfecto estado, casi sin uso, no tiene rotos o descosidos.<\/span><\/span><\/p>\n<p style=\"text-align: justify\">\n","protected":false},"featured_media":13420,"template":"","meta":[],"product_brand":[],"product_cat":[224],"product_tag":[],"class_list":{"0":"post-13419","1":"product","2":"type-product","3":"status-publish","4":"has-post-thumbnail","6":"product_cat-archivo-vendidos","7":"sales-flash-overlay","8":"woocommerce-text-align-center","9":"woocommerce-image-align-center","10":"do-quantity-buttons","12":"first","13":"outofstock","14":"purchasable","15":"product-type-simple"},"_links":{"self":[{"href":"https:\/\/original-militaria.com\/en\/wp-json\/wp\/v2\/product\/13419","targetHints":{"allow":["GET"]}}],"collection":[{"href":"https:\/\/original-militaria.com\/en\/wp-json\/wp\/v2\/product"}],"about":[{"href":"https:\/\/original-militaria.com\/en\/wp-json\/wp\/v2\/types\/product"}],"wp:featuredmedia":[{"embeddable":true,"href":"https:\/\/original-militaria.com\/en\/wp-json\/wp\/v2\/media\/13420"}],"wp:attachment":[{"href":"https:\/\/original-militaria.com\/en\/wp-json\/wp\/v2\/media?parent=13419"}],"wp:term":[{"taxonomy":"product_brand","embeddable":true,"href":"https:\/\/original-militaria.com\/en\/wp-json\/wp\/v2\/product_brand?post=13419"},{"taxonomy":"product_cat","embeddable":true,"href":"https:\/\/original-militaria.com\/en\/wp-json\/wp\/v2\/product_cat?post=13419"},{"taxonomy":"product_tag","embeddable":true,"href":"https:\/\/original-militaria.com\/en\/wp-json\/wp\/v2\/product_tag?post=13419"}],"curies":[{"name":"wp","href":"https:\/\/api.w.org\/{rel}","templated":true}]}}