{"id":13402,"date":"2017-09-05T12:09:26","date_gmt":"2017-09-05T12:09:26","guid":{"rendered":"https:\/\/original-militaria.com\/?post_type=product&#038;p=13402"},"modified":"2022-01-14T19:57:40","modified_gmt":"2022-01-14T18:57:40","slug":"wh-heer-reproduccion-del-paquete-de-asalto-de-infanteria","status":"publish","type":"product","link":"https:\/\/original-militaria.com\/en\/producto\/wh-heer-reproduccion-del-paquete-de-asalto-de-infanteria\/","title":{"rendered":"WH\/Heer, Reproducci\u00f3n del Paquete de Asalto de Infanter\u00eda"},"content":{"rendered":"<p style=\"text-align: justify;\"><strong><span style=\"color: #ff0000;\"><span style=\"font-size: medium;\"><span style=\"font-family: Verdana;\">EXCELENTE REPRODUCCION <\/span><\/span><\/span><\/strong><span style=\"font-size: medium;\"><span style=\"font-family: Verdana;\">del paquete de asalto (Sturmgep\u00e4ck) para infanter\u00eda de la WH, de estructura simple, fabricada en fuerte algod\u00f3n sint\u00e9tico con correas de cuero remachadas al marco.\u00a0Las correas de algod\u00f3n de doble capa verticales tienen un refuerzo interno met\u00e1lico. Tiene dos correas adicionales que se superponen entre s\u00ed creando una &#8220;X&#8221; en el marco externo y se aseguran a la parte superior por una correa horizontal de cuero divida en dos, cosida. En la parte superior e inferior de las correas tienen los anillos para su enganche en las trinchas en forma de &#8220;D&#8221;, son de liberaci\u00f3n r\u00e1pida,\u00a0pintadas en color gris mate.<\/span><\/span><\/p>\n<p style=\"text-align: justify;\">\n","protected":false},"excerpt":{"rendered":"<p style=\"text-align: justify;\"><strong><span style=\"font-size: medium;\"><span style=\"font-family: Verdana;\">DESCRIPCION:<\/span><\/span><span style=\"color: #ff0000;\"><span style=\"font-size: medium;\"><span style=\"font-family: Verdana;\"> EXCELENTE REPRODUCCION <\/span><\/span><\/span><\/strong><span style=\"font-size: medium;\"><span style=\"font-family: Verdana;\">del paquete de asalto (Sturmgep\u00e4ck) para infanter\u00eda de la WH, de estructura simple, fabricada en fuerte algod\u00f3n sint\u00e9tico con correas de cuero remachadas al marco.\u00a0Las correas de algod\u00f3n de doble capa verticales tienen un refuerzo interno met\u00e1lico. Tiene dos correas adicionales que se superponen entre s\u00ed creando una &#8220;X&#8221; en el marco externo y se aseguran a la parte superior por una correa horizontal de cuero divida en dos, cosida. En la parte superior e inferior de las correas tienen los anillos para su enganche en las trinchas en forma de &#8220;D&#8221;, son de liberaci\u00f3n r\u00e1pida,\u00a0pintadas en color gris mate.<\/span><\/span><\/p>\n<p style=\"text-align: justify;\"><strong><span style=\"font-size: medium;\"><span style=\"font-family: Verdana;\">Nota.-<\/span><\/span><\/strong><span style=\"font-size: medium;\"><span style=\"font-family: Verdana;\"> Disponemos de varias unidades<\/span><\/span><\/p>\n","protected":false},"featured_media":13403,"template":"","meta":[],"product_brand":[],"product_cat":[233],"product_tag":[],"class_list":{"0":"post-13402","1":"product","2":"type-product","3":"status-publish","4":"has-post-thumbnail","6":"product_cat-juguetes-y-reproducciones","7":"sales-flash-overlay","8":"woocommerce-text-align-center","9":"woocommerce-image-align-center","10":"do-quantity-buttons","12":"first","13":"instock","14":"purchasable","15":"product-type-simple"},"_links":{"self":[{"href":"https:\/\/original-militaria.com\/en\/wp-json\/wp\/v2\/product\/13402","targetHints":{"allow":["GET"]}}],"collection":[{"href":"https:\/\/original-militaria.com\/en\/wp-json\/wp\/v2\/product"}],"about":[{"href":"https:\/\/original-militaria.com\/en\/wp-json\/wp\/v2\/types\/product"}],"wp:featuredmedia":[{"embeddable":true,"href":"https:\/\/original-militaria.com\/en\/wp-json\/wp\/v2\/media\/13403"}],"wp:attachment":[{"href":"https:\/\/original-militaria.com\/en\/wp-json\/wp\/v2\/media?parent=13402"}],"wp:term":[{"taxonomy":"product_brand","embeddable":true,"href":"https:\/\/original-militaria.com\/en\/wp-json\/wp\/v2\/product_brand?post=13402"},{"taxonomy":"product_cat","embeddable":true,"href":"https:\/\/original-militaria.com\/en\/wp-json\/wp\/v2\/product_cat?post=13402"},{"taxonomy":"product_tag","embeddable":true,"href":"https:\/\/original-militaria.com\/en\/wp-json\/wp\/v2\/product_tag?post=13402"}],"curies":[{"name":"wp","href":"https:\/\/api.w.org\/{rel}","templated":true}]}}