{"id":13349,"date":"2017-09-05T12:08:58","date_gmt":"2017-09-05T12:08:58","guid":{"rendered":"https:\/\/original-militaria.com\/?post_type=product&#038;p=13349"},"modified":"2026-04-09T12:16:45","modified_gmt":"2026-04-09T10:16:45","slug":"luger-dwm-m1900-comercial-en-estuche-de-presentacion","status":"publish","type":"product","link":"https:\/\/original-militaria.com\/en\/producto\/luger-dwm-m1900-comercial-en-estuche-de-presentacion\/","title":{"rendered":"DWM M1900 Luger Pistol in Presentation Case &#8212;DWM M1900 Comercial en Estuche de Presentaci\u00f3n"},"content":{"rendered":"<p style=\"text-align: justify;\"><span style=\"font-family: verdana, geneva, sans-serif; font-size: 12pt;\">Ponemos a la venta un excepcional y poco visto estuche de presentaci\u00f3n 100% original con una &#8220;Luger M1900 Comercial de la f\u00e1brica DWM&#8221; sin estrenar con un n\u00famero muy bajo de producci\u00f3n y\u00a0con todos sus accesorios. El estuche es de madera recubierto en el exterior de una tela negra, el interior lo tiene forrado de terciopelo y\u00a0raso color rojo, est\u00e1 provisto de una pistola M1900 calibre 7,65mm parabellum\u00a0que nunca ha sido disparada, mantiene su original pav\u00f3n azulado al 97%, solo peque\u00f1os picados\u00a0por la edad\u00a0al haber estado en el estuche durante tantos a\u00f1os sin abrir.\u00a0En la parte inferior del ca\u00f1\u00f3n de 120 mm de largo podemos observar el\u00a0n\u00famero de serie\u00a0<strong>&#8220;3641&#8221;<\/strong> y los punzones del banco de pruebas alem\u00e1n que est\u00e1n presentes en varios sitios m\u00e1s, la terminaci\u00f3n de este n\u00famero &#8220;41&#8221; es\u00a0coincidente en todas las partes del arma, percutor, corredera, interior del armaz\u00f3n de la empu\u00f1adura, incluso en el interior de las cachas de madera cuadrillada de nogal.\u00a0En su parte superior est\u00e1 grabado el logotipo DMW. Su aparato de punter\u00eda es fijo.<\/span><\/p>\n<p style=\"text-align: justify;\" align=\"justify\"><span style=\"font-size: 12pt; font-family: verdana, geneva, sans-serif;\">Los accesorios que lleva el estuche son:\u00a0cargador de repuesto,\u00a0llave de desmontaje, baqueta con aceitera (con aceite reseco), y punz\u00f3n para quitar pasadores. La pistola se encuentra en perfecto estado de funcionamiento.\u00a0<\/span><\/p>\n<p style=\"text-align: justify;\" align=\"justify\"><span style=\"font-size: 12pt; font-family: verdana, geneva, sans-serif;\"><strong>Inscrita en el libro de coleccionista como arma Hist\u00f3rica (con su correspondiente certificado).\u00a0\u00a0\u00a0<\/strong><\/span><\/p>\n<p style=\"text-align: justify;\" align=\"justify\"><span style=\"font-size: 12pt; font-family: verdana, geneva, sans-serif;\"><strong>Nota.-<\/strong> Est\u00e1 inscrito en el libro de coleccionista, si no lo tiene, lo puede solicitar gratuitamente sin tener licencia en su Intervenci\u00f3n de armas de la Guardia Civil. <\/span><\/p>\n<p style=\"text-align: justify;\"><span style=\"font-family: verdana, geneva, sans-serif; font-size: 12pt;\"><strong>Nota 2.-<\/strong> Seg\u00fan el <strong>Art. 107<\/strong>,\u00a0<strong>Cap\u00edtulo V<\/strong>, <strong>Secci\u00f3n I<\/strong>, <strong>parrafo E<\/strong>, del Reglamento de Armas, tambi\u00e9n se puede comprar <strong>sin tener libro de coleccionista<\/strong> ateni\u00e9ndose a la siguiente disposici\u00f3n:<\/span><\/p>\n<p style=\"text-align: justify;\"><span style=\"font-family: verdana, geneva, sans-serif; font-size: 12pt;\">No obstante lo dispuesto en otros preceptos de este Reglamento, se considerar\u00e1 autorizada la posesi\u00f3n en el propio domicilio, sin los requisitos determinados en ellos, de <strong>un arma de fuego corta o larga<\/strong> de las no prohibidas a particulares, <strong>acreditando su especial valor hist\u00f3rico o art\u00edstico<\/strong>, o de <strong>dos armas de avancarga<\/strong>, documentadas con las correspondientes gu\u00edas de pertenencia, <strong>previa aportaci\u00f3n del informe de aptitud regulado en el art\u00edculo 98<\/strong>, adoptando las medidas de seguridad necesarias para su custodia y no pudiendo utilizarlas ni enajenarlas, salvo dando cumplimiento a lo dispuesto al respecto en los preceptos espec\u00edficos de este Reglamento. La infracci\u00f3n de lo dispuesto en este apartado tendr\u00e1 la consideraci\u00f3n de grave y llevar\u00e1 aparejada en todo caso la retirada definitiva de las armas de que se trate.<\/span><\/p>\n<p><span style=\"font-family: verdana, geneva, sans-serif; font-size: 12pt;\"><strong>AVISO:<\/strong> Revisa la normativa espa\u00f1ola para la tenencia de armas antes de realizar la compra<\/span><br \/>\n<span style=\"font-family: verdana, geneva, sans-serif; font-size: 12pt;\"><small><a title=\"Normativa espa\u00f1ola para la tenencia de armas. Guardia Civil.\" href=\"http:\/\/www.guardiacivil.es\/es\/servicios\/armasyexplosivo\/index.html\" target=\"_blank\" rel=\"noopener noreferrer nofollow\"> Guardia Civil (Intervenci\u00f3n de Armas Virtual)<\/a><\/small><\/span><\/p>\n","protected":false},"excerpt":{"rendered":"<p align=\"justify\"><span style=\"font-size: medium;\"><span style=\"font-family: Verdana;\"><strong>ANTECEDENTES:<\/strong> &#8220;Si vis pacem para bellum&#8221;- &#8220;Si quieres la paz, prepara la guerra&#8221;. As\u00ed dec\u00edan los antiguos romanos de aquel &#8220;para bellum&#8221;, direcci\u00f3n telegr\u00e1fica de la f\u00e1brica alemana DWM, parece ser que ha tomado el nombre la pistola semiautom\u00e1tica m\u00e1s c\u00e9lebre de todos los tiempos, la Parabellum, conocida tambi\u00e9n como P.08 o bien Pistola Modelo 1908. Sin embargo, tal vez el nombre m\u00e1s famoso sea el de &#8220;Luger&#8221;. Georg Luger hab\u00eda trabajado en Ludwig Loewe, sociedad que en 1893 se fusion\u00f3 con la empresa Deutsche Waffen und Munitionsfabrik (Fabrica Alemana de municiones de guerra) dando vida a la famosa DWM. La pistola Parabellum naci\u00f3 en 1900 bajo la marca DWM (conocida con las siglas P.00, siendo las dos \u00faltimas cifras el a\u00f1o de fabricaci\u00f3n), arma que fue adoptada por el ej\u00e9rcito suizo mucho antes que por el alem\u00e1n. Alba del nuevo siglo, los suizos ten\u00edan ya en sus arsenales las primeras 2.000 Luger P.00 de calibre, 7,65 Parabellum, mientras que los alemanes todav\u00eda estaban intentando decidir c\u00f3mo sustituir a los decr\u00e9pitos Reichs-Revolver M79 y M83. Las pistolas que adquiri\u00f3 el ministerio de la guerra del Reich no hab\u00edan convencido a los militares debido al peque\u00f1o calibre de la Luger (7,65 mm). <\/span><\/span><\/p>\n<p><strong>DESCRIPCION:<\/strong> Ponemos a la venta un excepcional y poco visto <span style=\"color: #ff0000;\">estuche<\/span> de prsentaci\u00f3n 100% original\u00a0con una <span style=\"color: #ff0000;\">&#8220;Luger M1900 Comercial de la f\u00e1brica DWM&#8221;<\/span> sin estrenar con un n\u00famero muy bajo de producci\u00f3n y\u00a0con todos sus accesorios. El estuche es de madera recubierto en el exterior de una tela negra, el interior lo tiene forrado de terciopelo y\u00a0raso color rojo, est\u00e1 provisto de una pistola M1900 calibre 7,65mm parabellum\u00a0que nunca ha sido disparada, mantiene su original pav\u00f3n azulado al 97%, solo peque\u00f1os picados\u00a0por la edad\u00a0al haber estado en el estuche durante tantos a\u00f1os sin abrir.\u00a0En la parte inferior del ca\u00f1\u00f3n de 120 mm de largo podemos observar el\u00a0n\u00famero de serie\u00a0<span style=\"color: #ff0000;\">&#8220;3641&#8221;<\/span> y los punzones del banco de pruebas alem\u00e1n que est\u00e1n presentes en varios sitios m\u00e1s, la terminaci\u00f3n de este n\u00famero <span style=\"color: #ff0000;\">&#8220;41&#8221;<\/span> es\u00a0coincidente en todas las partes del arma, percutor, corredera, interior del armaz\u00f3n de la empu\u00f1adura, incluso en el interior de las cachas de madera cuadrillada de nogal.\u00a0En su parte superior est\u00e1 grabado el logotipo <span style=\"color: #ff0000;\">DMW<\/span>. Su aparato de punter\u00eda es fijo.<\/p>\n<p align=\"justify\"><span style=\"font-size: medium;\"><span style=\"font-family: Verdana;\">Los accesorios que lleva el estuche son:\u00a0cargador de repuesto,\u00a0llave de desmontaje, baqueta con aceitera (con aceite reseco), y punz\u00f3n para quitar pasadores. La pistola se encuentra en perfecto estado de funcionamiento.\u00a0<\/span><strong><span style=\"color: #ff0000;\"><span style=\"font-family: Verdana;\">Inscrita en el libro de coleccionista como arma Hist\u00f3rica (con su correspondiente certificado).\u00a0<\/span>\u00a0\u00a0<\/span><\/strong><\/span><\/p>\n<p align=\"justify\"><span style=\"font-size: medium;\"><span style=\"font-family: Verdana;\"><strong><span style=\"color: #ff0000;\">Nota.-<\/span><\/strong> Est\u00e1 inscrito en el libro de coleccionista, si no lo tiene, lo puede solicitar gratuitamente sin tener licencia en su Intervenci\u00f3n de armas de la Guardia Civil. <\/span><\/span><\/p>\n<p><strong><span style=\"color: #ff0000;\">Nota 2.-<\/span><\/strong> Seg\u00fan el <strong>Art. 107<\/strong>,\u00a0<strong>Cap\u00edtulo V<\/strong>, <strong>Secci\u00f3n I<\/strong>, <strong>parrafo E<\/strong>, del Reglamento de Armas, tambien se puede comprar <strong>sin tener libro de coleccionista<\/strong> ateniendose a la siguiente disposici\u00f3n:<\/p>\n<p>No obstante lo dispuesto en otros preceptos de este Reglamento, se considerar\u00e1 autorizada la posesi\u00f3n en el propio domicilio, sin los requisitos determinados en ellos, de <strong>un arma de fuego corta o larga<\/strong> de las no prohibidas a particulares, <strong>acreditando su especial valor hist\u00f3rico o art\u00edstico<\/strong>, o de <strong>dos armas de avancarga<\/strong>, documentadas con las correspondientes gu\u00edas de pertenencia, <strong>previa aportaci\u00f3n del informe de aptitud regulado en el art\u00edculo 98<\/strong>, adoptando las medidas de seguridad necesarias para su custodia y no pudiendo utilizarlas ni enajenarlas, salvo dando cumplimiento a lo dispuesto al respecto en los preceptos espec\u00edficos de este Reglamento. La infracci\u00f3n de lo dispuesto en este apartado tendr\u00e1 la consideraci\u00f3n de grave y llevar\u00e1 aparejada en todo caso la retirada definitiva de las armas de que se trate.<\/p>\n","protected":false},"featured_media":13350,"template":"","meta":[],"product_brand":[],"product_cat":[235,175],"product_tag":[],"class_list":{"0":"post-13349","1":"product","2":"type-product","3":"status-publish","4":"has-post-thumbnail","6":"product_cat-armas-historicas","7":"product_cat-militaria-alemana-ww1","8":"sales-flash-overlay","9":"woocommerce-text-align-center","10":"woocommerce-image-align-center","11":"do-quantity-buttons","13":"first","14":"instock","15":"purchasable","16":"product-type-simple"},"_links":{"self":[{"href":"https:\/\/original-militaria.com\/en\/wp-json\/wp\/v2\/product\/13349","targetHints":{"allow":["GET"]}}],"collection":[{"href":"https:\/\/original-militaria.com\/en\/wp-json\/wp\/v2\/product"}],"about":[{"href":"https:\/\/original-militaria.com\/en\/wp-json\/wp\/v2\/types\/product"}],"wp:featuredmedia":[{"embeddable":true,"href":"https:\/\/original-militaria.com\/en\/wp-json\/wp\/v2\/media\/13350"}],"wp:attachment":[{"href":"https:\/\/original-militaria.com\/en\/wp-json\/wp\/v2\/media?parent=13349"}],"wp:term":[{"taxonomy":"product_brand","embeddable":true,"href":"https:\/\/original-militaria.com\/en\/wp-json\/wp\/v2\/product_brand?post=13349"},{"taxonomy":"product_cat","embeddable":true,"href":"https:\/\/original-militaria.com\/en\/wp-json\/wp\/v2\/product_cat?post=13349"},{"taxonomy":"product_tag","embeddable":true,"href":"https:\/\/original-militaria.com\/en\/wp-json\/wp\/v2\/product_tag?post=13349"}],"curies":[{"name":"wp","href":"https:\/\/api.w.org\/{rel}","templated":true}]}}