{"id":13210,"date":"2017-09-05T12:07:47","date_gmt":"2017-09-05T12:07:47","guid":{"rendered":"https:\/\/original-militaria.com\/?post_type=product&#038;p=13210"},"modified":"2022-01-31T19:08:36","modified_gmt":"2022-01-31T18:08:36","slug":"sable-m1857-de-un-almirante-de-la-armada-con-fiador-version-2-republica","status":"publish","type":"product","link":"https:\/\/original-militaria.com\/en\/producto\/sable-m1857-de-un-almirante-de-la-armada-con-fiador-version-2-republica\/","title":{"rendered":"Sable M1857 de un Almirante de la Armada Espa\u00f1ola su con Fiador. Versi\u00f3n 2\u00aa Rep\u00fablica."},"content":{"rendered":"<p style=\"text-align: justify\"><span style=\"font-size: 12pt\"><strong><span style=\"font-family: Verdana\">DESCRIPCION: <\/span><\/strong><span style=\"font-family: Verdana\">Sable-espada de Oficial de la Armada modelo 1844-1857, 2\u00aa Rep\u00fablica, perteneciente a un <span style=\"color: #ff0000\">Almirante <\/span><span style=\"color: #000000\">de la Armada de Guerra Espa\u00f1ola<\/span>, con un excepcional fiador en hilos de oro.\u00a0La cazoleta es cerrada, con ancla de Marina con calabrote bajo Corona mural. Tiene pu\u00f1o gallonado en pasta blanca falt\u00e1ndole el torzal de lat\u00f3n. La guarnici\u00f3n es de lat\u00f3n con monterilla larga figurando la cabeza de un le\u00f3n, cazoleta con charnela donde <span style=\"color: #ffffff\"><span style=\"color: #000000\">viene el nombre de este<\/span> <\/span><span style=\"color: #ff0000\">Almirante<\/span>. La hoja recta con lomo nervado en los dos primeros tercios as\u00ed como gravados decorativos, que incluyen <span style=\"color: #ff0000\">armas de la Rep\u00fablica <\/span>bajo Corona mural, ancla de marina, inscripci\u00f3n <span style=\"color: #ff0000\">&#8220;MARINA ESPA\u00d1OLA&#8221; <\/span>y sello de la <span style=\"color: #ff0000\">&#8220;Fabrica de Toledo&#8221;<\/span>, el resto en &#8220;lengua de carpa&#8221;. La vaina de cuero en perfecto estado, sin roturas, ni deterioros de ning\u00fan tipo, tiene guarniciones de lat\u00f3n que <span style=\"color: #000000\">incluye el nombre otra vez del <\/span><span style=\"color: #ff0000\">Almirante <\/span>sobre el brocal. Sin limpiar.<\/span><\/span><\/p>\n<p style=\"text-align: justify\"><span style=\"font-size: 12pt\"><strong><span style=\"font-family: Verdana\">Nota.-<\/span><\/strong><span style=\"font-family: Verdana\"> Por expreso deseo de la familia no podemos poner p\u00fablicamente el nombre de este Almirante, pero si un poco de su historia.<\/span><\/span><\/p>\n<p style=\"text-align: justify\"><span style=\"font-size: 12pt\"><strong><span style=\"font-family: Verdana\">1\/<\/span><\/strong><span style=\"font-family: Verdana\"> En abril de 1937, por orden del General\u00edsimo de los Ej\u00e9rcitos Nacionales asciende siendo Guardiamarina a su empleo de forma inmediata con antig\u00fcedad desde\u00a0 el d\u00eda 1 de marzo, realizando diversas acciones de guerra.<\/span><\/span><\/p>\n<p style=\"text-align: justify\"><span style=\"font-size: 12pt\"><strong><span style=\"font-family: Verdana\">2\/<\/span><\/strong><span style=\"font-family: Verdana\"> Fue Comandante del submarino G7 o S-01\u00a0(un U-Boot del tipo VIIC que recibi\u00f3 anteriormente el numeral U-573 mientras perteneci\u00f3 a la Kriegsmarine) siendo Capit\u00e1n de Corbeta del 26 de septiembre de 1949 al 27 de noviembre de 1952<\/span><\/span><\/p>\n<p style=\"text-align: justify\"><span style=\"font-size: 12pt\"><strong><span style=\"font-family: Verdana\">3\/<\/span><\/strong><span style=\"font-family: Verdana\"> En 1957 es ascendido a Capit\u00e1n de Fragata <\/span><\/span><\/p>\n<p style=\"text-align: justify\"><span style=\"font-size: 12pt\"><strong><span style=\"font-family: Verdana\">4\/<\/span><\/strong><span style=\"font-family: Verdana\"> En 1973 siendo Vicealmirante, es nombrado a propuesta del Ministro de Marina D. Gabriel Pita da Veiga y Sanz por REAL DECRETO 2126\/1973, en A Coru\u00f1a a 17 de agosto,\u00a0Almirante Jefe del Arsenal de La Carraca.<\/span><\/span><\/p>\n<p style=\"text-align: justify\"><span style=\"font-size: 12pt\"><strong><span style=\"font-family: Verdana\">5<\/span><\/strong><span style=\"font-family: Verdana\">\/ Ex director de ETEA<\/span><\/span><\/p>\n<p><span style=\"font-family: verdana, geneva, sans-serif;font-size: 12pt\"><strong>6\/<\/strong> Ex director general de ense\u00f1anza naval<\/span><\/p>\n<p><span style=\"font-family: verdana, geneva, sans-serif;font-size: 12pt\"><strong>7\/<\/strong> Ex vocal del Consejo Supremo Militar de Justicia<\/span><\/p>\n<p><span style=\"font-family: verdana, geneva, sans-serif;font-size: 12pt\"><strong>8\/<\/strong> Este Almirante falleci\u00f3 en 1989<\/span><\/p>\n","protected":false},"excerpt":{"rendered":"<p style=\"text-align: justify\"><strong><span style=\"font-size: medium\"><span style=\"font-family: Verdana\">DESCRIPCION: <\/span><\/span><\/strong><span style=\"font-size: medium\"><span style=\"font-family: Verdana\">Sable-espada de Oficial de la Armada modelo 1844-1857, 2\u00aa Rep\u00fablica, perteneciente a un <span style=\"color: #ff0000\">Almirante <\/span><span style=\"color: #ffffff\">de la Armada de Guerra Espa\u00f1ola<\/span>, con un excepcional fiador en hilos de oro.\u00a0La cazoleta es cerrada, con ancla de Marina con calabrote bajo Corona mural. Tiene pu\u00f1o gallonado en pasta blanca falt\u00e1ndole el torzal de lat\u00f3n. La guarnici\u00f3n es de lat\u00f3n con monterilla larga figurando la cabeza de un le\u00f3n, cazoleta con charnela donde <span style=\"color: #ffffff\">viene el nombre de este <\/span><span style=\"color: #ff0000\">Almirante<\/span>. La hoja recta con lomo nervado en los dos primeros tercios as\u00ed como gravados decorativos, que incluyen <span style=\"color: #ff0000\">armas de la Rep\u00fablica <\/span>bajo Corona mural, ancla de marina, inscripci\u00f3n <span style=\"color: #ff0000\">&#8220;MARINA ESPA\u00d1OLA&#8221; <\/span>y sello de la <span style=\"color: #ff0000\">&#8220;Fabrica de Toledo&#8221;<\/span>, el resto en &#8220;lengua de carpa&#8221;. La vaina de cuero en perfecto estado, sin roturas, ni deterioros de ning\u00fan tipo, tiene guarniciones de lat\u00f3n que <span style=\"color: #ffffff\">incluye el nombre otra vez del <\/span><span style=\"color: #ff0000\">Almirante <\/span>sobre el brocal. Sin limpiar.<\/span><\/span><\/p>\n<p style=\"text-align: justify\"><strong><span style=\"font-size: medium\"><span style=\"font-family: Verdana\">Nota.-<\/span><\/span><\/strong><span style=\"font-size: medium\"><span style=\"font-family: Verdana\"> Por expreso deseo de la familia no podemos poner p\u00fablicamente el nombre de este Almirante, pero si un poco de su historia.<\/span><\/span><\/p>\n<p style=\"text-align: justify\"><strong><span style=\"font-size: medium\"><span style=\"font-family: Verdana\">1\/<\/span><\/span><\/strong><span style=\"font-size: medium\"><span style=\"font-family: Verdana\"> En abril de 1937, por orden del General\u00edsimo de los Ej\u00e9rcitos Nacionales asciende siendo Guardiamarina a su empleo de forma inmediata con antig\u00fcedad desde\u00a0 el d\u00eda 1 de marzo, realizando diversas acciones de guerra.<\/span><\/span><\/p>\n<p style=\"text-align: justify\"><strong><span style=\"font-size: medium\"><span style=\"font-family: Verdana\">2\/<\/span><\/span><\/strong><span style=\"font-size: medium\"><span style=\"font-family: Verdana\"> Fue Comandante del submarino G7 o S-01\u00a0(un U-Boot del tipo VIIC que recibi\u00f3 anteriormente el numeral U-573 mientras perteneci\u00f3 a la Kriegsmarine) siendo Capit\u00e1n de Corbeta del 26 de septiembre de 1949 al 27 de noviembre de 1952<\/span><\/span><\/p>\n<p style=\"text-align: justify\"><strong><span style=\"font-size: medium\"><span style=\"font-family: Verdana\">3\/<\/span><\/span><\/strong><span style=\"font-size: medium\"><span style=\"font-family: Verdana\"> En 1957 es ascendido a Capit\u00e1n de Fragata <\/span><\/span><\/p>\n<p style=\"text-align: justify\"><strong><span style=\"font-size: medium\"><span style=\"font-family: Verdana\">4\/<\/span><\/span><\/strong><span style=\"font-size: medium\"><span style=\"font-family: Verdana\"> En 1973 siendo Vicealmirante, es nombrado a propuesta del Ministro de Marina D. Gabriel Pita da Veiga y Sanz por REAL DECRETO 2126\/1973, en A Coru\u00f1a a 17 de agosto,\u00a0Almirante Jefe del Arsenal de La Carraca.<\/span><\/span><\/p>\n<p style=\"text-align: justify\"><strong><span style=\"font-size: medium\"><span style=\"font-family: Verdana\">5<\/span><\/span><\/strong><span style=\"font-size: medium\"><span style=\"font-family: Verdana\">\/ Ex director de ETA<\/span><\/span><\/p>\n<p><strong>6\/<\/strong> Ex director general de ense\u00f1anza naval<\/p>\n<p>7\/ Ex vocal del Consejo Supremo Militar de Justicia<\/p>\n<p>Este Almirante falleci\u00f3 en 1989<\/p>\n","protected":false},"featured_media":13211,"template":"","meta":[],"product_brand":[],"product_cat":[224],"product_tag":[],"class_list":{"0":"post-13210","1":"product","2":"type-product","3":"status-publish","4":"has-post-thumbnail","6":"product_cat-archivo-vendidos","7":"sales-flash-overlay","8":"woocommerce-text-align-center","9":"woocommerce-image-align-center","10":"do-quantity-buttons","12":"first","13":"outofstock","14":"product-type-simple"},"_links":{"self":[{"href":"https:\/\/original-militaria.com\/en\/wp-json\/wp\/v2\/product\/13210","targetHints":{"allow":["GET"]}}],"collection":[{"href":"https:\/\/original-militaria.com\/en\/wp-json\/wp\/v2\/product"}],"about":[{"href":"https:\/\/original-militaria.com\/en\/wp-json\/wp\/v2\/types\/product"}],"wp:featuredmedia":[{"embeddable":true,"href":"https:\/\/original-militaria.com\/en\/wp-json\/wp\/v2\/media\/13211"}],"wp:attachment":[{"href":"https:\/\/original-militaria.com\/en\/wp-json\/wp\/v2\/media?parent=13210"}],"wp:term":[{"taxonomy":"product_brand","embeddable":true,"href":"https:\/\/original-militaria.com\/en\/wp-json\/wp\/v2\/product_brand?post=13210"},{"taxonomy":"product_cat","embeddable":true,"href":"https:\/\/original-militaria.com\/en\/wp-json\/wp\/v2\/product_cat?post=13210"},{"taxonomy":"product_tag","embeddable":true,"href":"https:\/\/original-militaria.com\/en\/wp-json\/wp\/v2\/product_tag?post=13210"}],"curies":[{"name":"wp","href":"https:\/\/api.w.org\/{rel}","templated":true}]}}