{"id":13082,"date":"2017-09-05T12:07:03","date_gmt":"2017-09-05T12:07:03","guid":{"rendered":"https:\/\/original-militaria.com\/?post_type=product&#038;p=13082"},"modified":"2022-01-31T19:08:34","modified_gmt":"2022-01-31T18:08:34","slug":"mosqueton-mauser-oviedo-m1916-2","status":"publish","type":"product","link":"https:\/\/original-militaria.com\/en\/producto\/mosqueton-mauser-oviedo-m1916-2\/","title":{"rendered":"M\u00e1user Oviedo M1916"},"content":{"rendered":"<p style=\"text-align: justify\"><span style=\"font-size: medium\"><span style=\"font-family: Verdana\">Mosquet\u00f3n M\u00e1user Oviedo M1916 calibre 7 X 57 mm con su correa portafusa, usado en la Guerra Civil Espa\u00f1ola por ambos bandos (reglamentario en las fuerzas de seguridad), est\u00e1 en buen estado aunque sin limpiar, sin baqueta, todas las partes m\u00f3viles y hace clic, no se ve la inutilizaci\u00f3n. Aunque hay que fijarse mucho tiene marcado &#8220;Fabrica de Armas, Oviedo, 1932&#8221;,\u00a0aparte que por el n\u00famero de serie G 32, pertenece a este a\u00f1o.\u00a0Su tama\u00f1o es intermedio entre el fusil modelo 1893 y la carabina modelo 1895. Su sistema de cerrojo es el modelo de acci\u00f3n 1893, es decir, el cerrojo tiene s\u00f3lo dos tetones de acerroja miento y el mango del cerrojo es curvo. Ya no son f\u00e1ciles de encontrar.<\/span><\/span><\/p>\n<p style=\"text-align: justify\"><strong><span style=\"font-size: medium\"><span style=\"font-family: Verdana\">Nota 1.- <\/span><\/span><\/strong><span style=\"font-size: medium\"><span style=\"font-family: Verdana\">Viene con certificado BOPE. Es necesario DNI. Solo se env\u00eda por SEUR<\/span><\/span><\/p>\n<p>&nbsp;<\/p>\n","protected":false},"excerpt":{"rendered":"<p style=\"text-align: justify\"><span style=\"font-size: medium\"><span style=\"font-family: Verdana\"><strong>DESCRIPCION:<\/strong>\u00a0Mosquet\u00f3n M\u00e1user Oviedo M1916 calibre 7 X 57 mm con su correa portafusa, usado en la Guerra Civil Espa\u00f1ola por ambos bandos (reglamentario en las fuerzas de seguridad), est\u00e1 en\u00a0buen estado aunque sin limpiar, sin baqueta, todas las partes m\u00f3viles y hace clic, no se ve la inutilizaci\u00f3n. Aunque hay que fijarse mucho tiene marcado <span style=\"color: #ff0000\">&#8220;Fabrica de Armas, Oviedo, 1932&#8221;<\/span>,\u00a0aparte que por el n\u00famero de serie G 32, pertenece a este a\u00f1o.\u00a0Su tama\u00f1o es intermedio entre el fusil modelo 1893 y la carabina modelo 1895. Su sistema de cerrojo es el modelo de acci\u00f3n 1893, es decir, el cerrojo tiene s\u00f3lo dos tetones de acerroja miento y el mango del cerrojo es curvo. Ya no son f\u00e1ciles de encontrar.<\/span><\/span><\/p>\n<p style=\"text-align: justify\"><strong><span style=\"font-size: medium\"><span style=\"font-family: Verdana\">Nota 1.- <\/span><\/span><\/strong><span style=\"font-size: medium\"><span style=\"font-family: Verdana\">Viene con certificado BOPE. Es necesario DNI. Solo se env\u00eda por SEUR<\/span><\/span><\/p>\n<p>&nbsp;<\/p>\n","protected":false},"featured_media":13083,"template":"","meta":[],"product_brand":[],"product_cat":[224],"product_tag":[],"class_list":{"0":"post-13082","1":"product","2":"type-product","3":"status-publish","4":"has-post-thumbnail","6":"product_cat-archivo-vendidos","7":"sales-flash-overlay","8":"woocommerce-text-align-center","9":"woocommerce-image-align-center","10":"do-quantity-buttons","12":"first","13":"outofstock","14":"purchasable","15":"product-type-simple"},"_links":{"self":[{"href":"https:\/\/original-militaria.com\/en\/wp-json\/wp\/v2\/product\/13082","targetHints":{"allow":["GET"]}}],"collection":[{"href":"https:\/\/original-militaria.com\/en\/wp-json\/wp\/v2\/product"}],"about":[{"href":"https:\/\/original-militaria.com\/en\/wp-json\/wp\/v2\/types\/product"}],"wp:featuredmedia":[{"embeddable":true,"href":"https:\/\/original-militaria.com\/en\/wp-json\/wp\/v2\/media\/13083"}],"wp:attachment":[{"href":"https:\/\/original-militaria.com\/en\/wp-json\/wp\/v2\/media?parent=13082"}],"wp:term":[{"taxonomy":"product_brand","embeddable":true,"href":"https:\/\/original-militaria.com\/en\/wp-json\/wp\/v2\/product_brand?post=13082"},{"taxonomy":"product_cat","embeddable":true,"href":"https:\/\/original-militaria.com\/en\/wp-json\/wp\/v2\/product_cat?post=13082"},{"taxonomy":"product_tag","embeddable":true,"href":"https:\/\/original-militaria.com\/en\/wp-json\/wp\/v2\/product_tag?post=13082"}],"curies":[{"name":"wp","href":"https:\/\/api.w.org\/{rel}","templated":true}]}}