{"id":12970,"date":"2017-09-05T12:06:21","date_gmt":"2017-09-05T12:06:21","guid":{"rendered":"https:\/\/original-militaria.com\/?post_type=product&#038;p=12970"},"modified":"2022-01-31T19:08:33","modified_gmt":"2022-01-31T18:08:33","slug":"waffen-ss-anillo","status":"publish","type":"product","link":"https:\/\/original-militaria.com\/en\/producto\/waffen-ss-anillo\/","title":{"rendered":"Waffen SS\/ Silver Ring&#8212;Waffen SS\/ Anillo de Plata &#8220;800&#8221;"},"content":{"rendered":"<p style=\"text-align: justify\"><span style=\"font-size: medium\"><span style=\"font-family: Verdana\">Excepcional anillo punzonado en plata &#8220;800&#8221; para un miembro de las Waffen SS. El anillo de forma circular tiene en relieve leyenda y las runas &#8220;SS&#8221;. E<\/span><\/span><span style=\"font-size: medium\"><span style=\"font-family: Verdana\">n su interior el punz\u00f3n &#8220;800&#8221; que indica la finura de las mil\u00e9simas de plata. <\/span><\/span><\/p>\n<p style=\"text-align: justify\"><strong><span style=\"font-size: medium\"><span style=\"font-family: Verdana\">NOTA:<\/span><\/span><\/strong><span style=\"font-size: medium\"><span style=\"font-family: Verdana\"> En 1884 se promulg\u00f3 en Alemania una ley para que la pureza m\u00ednima en la plata nacional est\u00e1ndar fuera &#8220;800&#8221;. En 1886, la utilizaci\u00f3n de marcas individuales en la plata de la ciudad, fue sustituida por la marca nacional (Reichsmark) consistente en media luna y corona (Halbmond Krone und), que representaba al estado alem\u00e1n entero. Se utilizaba en combinaci\u00f3n con la marca del fabricante y el punz\u00f3n de la finura de la plata, aunque no siempre era as\u00ed, sobre todo durante el Tercer Reich. Los punzones m\u00e1s comunes en la plata de este periodo son &#8220;800&#8221; y &#8220;835&#8221;, pero aunque menos comunes, de mayor calidad en grados de pureza tambi\u00e9n se utilizaron &#8221; 830-900-925 y 935&#8243;.<\/span><\/span><\/p>\n<p style=\"text-align: justify\">\n","protected":false},"excerpt":{"rendered":"<p style=\"text-align: justify\"><strong><span style=\"font-size: medium\"><span style=\"font-family: Verdana\">DESCRIPCION:<\/span><\/span><\/strong><span style=\"font-size: medium\"><span style=\"font-family: Verdana\"> Excepcional anillo punzonado en plata &#8220;800&#8221; para un miembro de las Waffen SS. El anillo de forma circular\u00a0tiene en relieve leyanda y las\u00a0runas &#8220;SS&#8221;. E<\/span><\/span><span style=\"font-size: medium\"><span style=\"font-family: Verdana\">n su interior el punz\u00f3n &#8220;800&#8221; que indica la finura de las mil\u00e9simas de plata. <\/span><\/span><\/p>\n<p style=\"text-align: justify\"><strong><span style=\"font-size: medium\"><span style=\"font-family: Verdana\">NOTA:<\/span><\/span><\/strong><span style=\"font-size: medium\"><span style=\"font-family: Verdana\"> En 1884 se promulg\u00f3 en Alemania una ley para que la pureza m\u00ednima en la plata nacional est\u00e1ndar fuera &#8220;800&#8221;. En 1886, la utilizaci\u00f3n de marcas individuales en la plata de la ciudad, fue sustituida por la marca nacional (Reichsmark) consistente en media luna y corona (Halbmond Krone und), que representaba al estado alem\u00e1n entero. Se utilizaba en combinaci\u00f3n con la marca del fabricante y el punz\u00f3n de la finura de la plata, aunque no siempre era as\u00ed, sobre todo durante el Tercer Reich. Los punzones m\u00e1s comunes en la plata de este periodo son &#8220;800&#8221; y &#8220;835&#8221;, pero aunque menos comunes, de mayor calidad en grados de pureza tambi\u00e9n se utilizaron &#8221; 830-900-925 y 935&#8243;.<\/span><\/span><\/p>\n<p style=\"text-align: justify\"><strong><span style=\"font-size: medium\"><span style=\"font-family: Verdana\">NOTA 2:<\/span><\/span><\/strong><span style=\"font-size: medium\"><span style=\"font-family: Verdana\"> Este art\u00edculo pertenece a la extensa colecci\u00f3n de anillos, pitilleras y relojes de un gran coleccionista Europeo que adquirimos en 2009, casi todas las piezas provenientes de un Museo que adquiri\u00f3. <\/span><\/span><\/p>\n","protected":false},"featured_media":12971,"template":"","meta":[],"product_brand":[],"product_cat":[224],"product_tag":[],"class_list":{"0":"post-12970","1":"product","2":"type-product","3":"status-publish","4":"has-post-thumbnail","6":"product_cat-archivo-vendidos","7":"sales-flash-overlay","8":"woocommerce-text-align-center","9":"woocommerce-image-align-center","10":"do-quantity-buttons","12":"first","13":"outofstock","14":"purchasable","15":"product-type-simple"},"_links":{"self":[{"href":"https:\/\/original-militaria.com\/en\/wp-json\/wp\/v2\/product\/12970","targetHints":{"allow":["GET"]}}],"collection":[{"href":"https:\/\/original-militaria.com\/en\/wp-json\/wp\/v2\/product"}],"about":[{"href":"https:\/\/original-militaria.com\/en\/wp-json\/wp\/v2\/types\/product"}],"wp:featuredmedia":[{"embeddable":true,"href":"https:\/\/original-militaria.com\/en\/wp-json\/wp\/v2\/media\/12971"}],"wp:attachment":[{"href":"https:\/\/original-militaria.com\/en\/wp-json\/wp\/v2\/media?parent=12970"}],"wp:term":[{"taxonomy":"product_brand","embeddable":true,"href":"https:\/\/original-militaria.com\/en\/wp-json\/wp\/v2\/product_brand?post=12970"},{"taxonomy":"product_cat","embeddable":true,"href":"https:\/\/original-militaria.com\/en\/wp-json\/wp\/v2\/product_cat?post=12970"},{"taxonomy":"product_tag","embeddable":true,"href":"https:\/\/original-militaria.com\/en\/wp-json\/wp\/v2\/product_tag?post=12970"}],"curies":[{"name":"wp","href":"https:\/\/api.w.org\/{rel}","templated":true}]}}