{"id":12948,"date":"2017-09-05T12:06:15","date_gmt":"2017-09-05T12:06:15","guid":{"rendered":"https:\/\/original-militaria.com\/?post_type=product&#038;p=12948"},"modified":"2022-01-31T19:08:33","modified_gmt":"2022-01-31T18:08:33","slug":"casco-m35-de-la-division-azul","status":"publish","type":"product","link":"https:\/\/original-militaria.com\/en\/producto\/casco-m35-de-la-division-azul\/","title":{"rendered":"Blue Division\/ M35 Helmet&#8212;Casco M35 de la &#8220;Divisi\u00f3n Azul&#8221;"},"content":{"rendered":"<p style=\"text-align: justify\"><span style=\"font-size: medium\"><span style=\"font-family: Verdana\">Casco M35 de la &#8220;Divisi\u00f3n Azul&#8221; de doble calca, solo la olla, sin interior,\u00a0 en el interior de la olla, bajo la falda posterior se aprecia restos del n\u00famero de serie del casco y marcaje alfanum\u00e9rico ilegible por el estado del casco, tiene que ser una talla 57-58. Tiene una peque\u00f1a raja en la parte superior apenas perceptible.<\/span><\/span><\/p>\n","protected":false},"excerpt":{"rendered":"<p style=\"text-align: justify\"><strong><span style=\"font-size: medium\"><span style=\"font-family: Verdana\">DESCRIPCION:<\/span><\/span><\/strong><span style=\"font-size: medium\"><span style=\"font-family: Verdana\"> Olla de casco M35 de la <span style=\"color: #ff0000\">&#8220;Divisi\u00f3n Azul&#8221;<\/span> de doble calca, solo la olla, sin interior,\u00a0 en el interior de la olla, bajo la falda posterior se aprecia restos del n\u00famero de serie del casco y marcaje alfanum\u00e9rico ilegible por el estado del casco, tiene que ser una talla 57-58. Tiene una peque\u00f1a raja en la parte superior apenas perceptible.<\/span><\/span><\/p>\n","protected":false},"featured_media":12949,"template":"","meta":[],"product_brand":[],"product_cat":[224],"product_tag":[],"class_list":{"0":"post-12948","1":"product","2":"type-product","3":"status-publish","4":"has-post-thumbnail","6":"product_cat-archivo-vendidos","7":"sales-flash-overlay","8":"woocommerce-text-align-center","9":"woocommerce-image-align-center","10":"do-quantity-buttons","12":"first","13":"outofstock","14":"purchasable","15":"product-type-simple"},"_links":{"self":[{"href":"https:\/\/original-militaria.com\/en\/wp-json\/wp\/v2\/product\/12948","targetHints":{"allow":["GET"]}}],"collection":[{"href":"https:\/\/original-militaria.com\/en\/wp-json\/wp\/v2\/product"}],"about":[{"href":"https:\/\/original-militaria.com\/en\/wp-json\/wp\/v2\/types\/product"}],"wp:featuredmedia":[{"embeddable":true,"href":"https:\/\/original-militaria.com\/en\/wp-json\/wp\/v2\/media\/12949"}],"wp:attachment":[{"href":"https:\/\/original-militaria.com\/en\/wp-json\/wp\/v2\/media?parent=12948"}],"wp:term":[{"taxonomy":"product_brand","embeddable":true,"href":"https:\/\/original-militaria.com\/en\/wp-json\/wp\/v2\/product_brand?post=12948"},{"taxonomy":"product_cat","embeddable":true,"href":"https:\/\/original-militaria.com\/en\/wp-json\/wp\/v2\/product_cat?post=12948"},{"taxonomy":"product_tag","embeddable":true,"href":"https:\/\/original-militaria.com\/en\/wp-json\/wp\/v2\/product_tag?post=12948"}],"curies":[{"name":"wp","href":"https:\/\/api.w.org\/{rel}","templated":true}]}}