{"id":12925,"date":"2017-09-05T12:06:07","date_gmt":"2017-09-05T12:06:07","guid":{"rendered":"https:\/\/original-militaria.com\/?post_type=product&#038;p=12925"},"modified":"2018-03-12T09:32:23","modified_gmt":"2018-03-12T09:32:23","slug":"cartel-propagandistico-original-enmarcado-de-la-legion-de-delfin-salas-2","status":"publish","type":"product","link":"https:\/\/original-militaria.com\/en\/producto\/cartel-propagandistico-original-enmarcado-de-la-legion-de-delfin-salas-2\/","title":{"rendered":"Cartel Propagandistico Original Enmarcado de la Legi\u00f3n de Delf\u00edn Salas"},"content":{"rendered":"<p style=\"text-align: justify\"><strong><span style=\"font-size: medium\"><span style=\"font-family: Verdana\">ANTECEDENTES:<\/span><\/span><\/strong><span style=\"font-size: medium\"><span style=\"font-family: Verdana\"> Delf\u00edn Manuel Salas Carmena fue uno de los mejores dibujantes-ilustradores de tem\u00e1tica militar de nuestro pa\u00eds. Pionero en el concepto de la ilustraci\u00f3n hist\u00f3rica moderna. Militar de carrera, lleg\u00f3 al empleo de Comandante del Cuerpo de Ingenieros de Armamento y Construcci\u00f3n, tras su paso por La Legi\u00f3n, el Servicio Geogr\u00e1fico del Ej\u00e9rcito, la Academia de Infanter\u00eda en Toledo, o el Cuartel General en Madrid. Gana los Premios Ej\u00e9rcito en la modalidad de dibujo. Siendo este reconocimiento el que le abre las puertas para trabajar con el Ministerio de Defensa, volvi\u00e9ndose en poco tiempo indispensable en sus publicaciones.<\/span><\/span><\/p>\n<p style=\"text-align: justify\"><strong><span style=\"font-size: medium\"><span style=\"font-family: Verdana\">DESCRIPCION:<\/span><\/span><\/strong><span style=\"font-size: medium\"><span style=\"font-family: Verdana\"> Cartel propagand\u00edstico con lamina original enmarcada de la Legi\u00f3n firmado por &#8220;<span style=\"color: #ff0000\">Delf\u00edn Salas&#8221;<\/span>, a\u00f1os 60\/70. Mide 50 X 72 cm. Perfecto estado.<\/span><\/span><\/p>\n","protected":false},"excerpt":{"rendered":"<p style=\"text-align: justify\"><strong><span style=\"font-size: medium\"><span style=\"font-family: Verdana\">ANTECEDENTES:<\/span><\/span><\/strong><span style=\"font-size: medium\"><span style=\"font-family: Verdana\"> Delf\u00edn Manuel Salas Carmena fue uno de los mejores dibujantes-ilustradores de tem\u00e1tica militar de nuestro pa\u00eds. Pionero en el concepto de la ilustraci\u00f3n hist\u00f3rica moderna. Militar de carrera, lleg\u00f3 al empleo de Comandante del Cuerpo de Ingenieros de Armamento y Construcci\u00f3n, tras su paso por La Legi\u00f3n, el Servicio Geogr\u00e1fico del Ej\u00e9rcito, la Academia de Infanter\u00eda en Toledo, o el Cuartel General en Madrid. Gana los Premios Ej\u00e9rcito en la modalidad de dibujo. Siendo este reconocimiento el que le abre las puertas para trabajar con el Ministerio de Defensa, volvi\u00e9ndose en poco tiempo indispensable en sus publicaciones.<\/span><\/span><\/p>\n<p style=\"text-align: justify\"><strong><span style=\"font-size: medium\"><span style=\"font-family: Verdana\">DESCRIPCION:<\/span><\/span><\/strong><span style=\"font-size: medium\"><span style=\"font-family: Verdana\"> Cartel propagand\u00edstico con lamina original enmarcada de la Legi\u00f3n firmado por &#8220;<span style=\"color: #ff0000\">Delf\u00edn Salas&#8221;<\/span>, a\u00f1os 60\/70. Mide 50 X 72 cm. Perfecto estado.<\/span><\/span><\/p>\n","protected":false},"featured_media":12926,"template":"","meta":[],"product_brand":[],"product_cat":[195],"product_tag":[],"class_list":{"0":"post-12925","1":"product","2":"type-product","3":"status-publish","4":"has-post-thumbnail","6":"product_cat-epoca-de-franco","7":"sales-flash-overlay","8":"woocommerce-text-align-center","9":"woocommerce-image-align-center","10":"do-quantity-buttons","12":"first","13":"instock","14":"purchasable","15":"product-type-simple"},"_links":{"self":[{"href":"https:\/\/original-militaria.com\/en\/wp-json\/wp\/v2\/product\/12925","targetHints":{"allow":["GET"]}}],"collection":[{"href":"https:\/\/original-militaria.com\/en\/wp-json\/wp\/v2\/product"}],"about":[{"href":"https:\/\/original-militaria.com\/en\/wp-json\/wp\/v2\/types\/product"}],"wp:featuredmedia":[{"embeddable":true,"href":"https:\/\/original-militaria.com\/en\/wp-json\/wp\/v2\/media\/12926"}],"wp:attachment":[{"href":"https:\/\/original-militaria.com\/en\/wp-json\/wp\/v2\/media?parent=12925"}],"wp:term":[{"taxonomy":"product_brand","embeddable":true,"href":"https:\/\/original-militaria.com\/en\/wp-json\/wp\/v2\/product_brand?post=12925"},{"taxonomy":"product_cat","embeddable":true,"href":"https:\/\/original-militaria.com\/en\/wp-json\/wp\/v2\/product_cat?post=12925"},{"taxonomy":"product_tag","embeddable":true,"href":"https:\/\/original-militaria.com\/en\/wp-json\/wp\/v2\/product_tag?post=12925"}],"curies":[{"name":"wp","href":"https:\/\/api.w.org\/{rel}","templated":true}]}}