{"id":12913,"date":"2017-09-05T12:06:04","date_gmt":"2017-09-05T12:06:04","guid":{"rendered":"https:\/\/original-militaria.com\/?post_type=product&#038;p=12913"},"modified":"2026-01-17T16:08:47","modified_gmt":"2026-01-17T15:08:47","slug":"porcelana-de-franco-de-la-casa-sureda-de-28-cm","status":"publish","type":"product","link":"https:\/\/original-militaria.com\/en\/producto\/porcelana-de-franco-de-la-casa-sureda-de-28-cm\/","title":{"rendered":"Porcelana de Franco de la Casa &#8220;Sureda&#8221; de 28 cm"},"content":{"rendered":"<p style=\"text-align: justify\"><strong><span style=\"font-size: medium\"><span style=\"font-family: Verdana\">ANTECEDENTES:<\/span><\/span><\/strong><span style=\"font-size: medium\"><span style=\"font-family: Verdana\"> Sureda, una de las casas m\u00e1s famosas de Espa\u00f1a en la fabricaci\u00f3n de porcelanas finas que segu\u00eda la t\u00e9cnica de la fabricaci\u00f3n de la granja, sus figuras siempre eran en tiradas limitadas por la extrema calidad de sus porcelanas y pinturas. Cerr\u00f3 a finales de los a\u00f1os 70. <\/span><\/span><\/p>\n<p style=\"text-align: justify\"><strong><span style=\"font-size: medium\"><span style=\"font-family: Verdana\">DESCRIPCION:<\/span><\/span><\/strong><span style=\"font-size: medium\"><span style=\"font-family: Verdana\"><span style=\"color: #333333\"> Figura de porcelana fina del General\u00edsimo &#8220;Francisco Franco&#8221; fabricada en serie limitada por la famosa casa de porcelanas &#8220;Sureda&#8221;. La figura de 28 cm de alto est\u00e1 pintada a mano, tiene en el frontal de la base la leyenda &#8220;Francisco Franco Espa\u00f1a (1802-1975)&#8221;, y en la base, por la parte de abajo el n\u00famero de serie &#8220;R- 328&#8221; y la marca de la casa &#8220;Sureda&#8221;.\u00a0Perfecto estado.<\/span><br \/>\n<\/span><\/span><\/p>\n","protected":false},"excerpt":{"rendered":"<p style=\"text-align: justify\"><strong><span style=\"font-size: medium\"><span style=\"font-family: Verdana\">ANTECEDENTES:<\/span><\/span><\/strong><span style=\"font-size: medium\"><span style=\"font-family: Verdana\"> Sureda, una de las casas m\u00e1s famosas de Espa\u00f1a en la fabricaci\u00f3n de porcelanas finas que segu\u00eda la t\u00e9cnica de la fabricaci\u00f3n de la granja, sus figuras siempre eran en tiradas limitadas por la extrema calidad de sus porcelanas y pinturas. Cerr\u00f3 a finales de los a\u00f1os 70. <\/span><\/span><\/p>\n<p style=\"text-align: justify\"><strong><span style=\"font-size: medium\"><span style=\"font-family: Verdana\">DESCRIPCION:<\/span><\/span><\/strong><span style=\"font-size: medium\"><span style=\"font-family: Verdana\"> Figura de porcelana fina del General\u00edsimo <span style=\"color: #ff0000\">&#8220;Francisco Franco&#8221;<\/span> fabricada en serie limitada por la famosa casa de porcelanas <span style=\"color: #ff0000\">&#8220;Sureda&#8221;.<\/span> La figura de <span style=\"color: #ff0000\">28 cm <\/span>de alto est\u00e1 pintada a mano, tiene en el frontal de la base la leyenda <span style=\"color: #ff0000\">&#8220;Francisco Franco Espa\u00f1a (1802-1975)&#8221;<\/span>, y en la base, por la parte de abajo el n\u00famero de serie <span style=\"color: #ff0000\">&#8220;R- 328&#8221; <\/span>y la marca de la casa <span style=\"color: #ff0000\">&#8220;Sureda&#8221;<\/span>.\u00a0Perfecto estado.<br \/>\n<\/span><\/span><\/p>\n","protected":false},"featured_media":12914,"template":"","meta":[],"product_brand":[],"product_cat":[195],"product_tag":[],"class_list":{"0":"post-12913","1":"product","2":"type-product","3":"status-publish","4":"has-post-thumbnail","6":"product_cat-epoca-de-franco","7":"sales-flash-overlay","8":"woocommerce-text-align-center","9":"woocommerce-image-align-center","10":"do-quantity-buttons","12":"first","13":"instock","14":"purchasable","15":"product-type-simple"},"_links":{"self":[{"href":"https:\/\/original-militaria.com\/en\/wp-json\/wp\/v2\/product\/12913","targetHints":{"allow":["GET"]}}],"collection":[{"href":"https:\/\/original-militaria.com\/en\/wp-json\/wp\/v2\/product"}],"about":[{"href":"https:\/\/original-militaria.com\/en\/wp-json\/wp\/v2\/types\/product"}],"wp:featuredmedia":[{"embeddable":true,"href":"https:\/\/original-militaria.com\/en\/wp-json\/wp\/v2\/media\/12914"}],"wp:attachment":[{"href":"https:\/\/original-militaria.com\/en\/wp-json\/wp\/v2\/media?parent=12913"}],"wp:term":[{"taxonomy":"product_brand","embeddable":true,"href":"https:\/\/original-militaria.com\/en\/wp-json\/wp\/v2\/product_brand?post=12913"},{"taxonomy":"product_cat","embeddable":true,"href":"https:\/\/original-militaria.com\/en\/wp-json\/wp\/v2\/product_cat?post=12913"},{"taxonomy":"product_tag","embeddable":true,"href":"https:\/\/original-militaria.com\/en\/wp-json\/wp\/v2\/product_tag?post=12913"}],"curies":[{"name":"wp","href":"https:\/\/api.w.org\/{rel}","templated":true}]}}