{"id":12900,"date":"2017-09-05T12:06:00","date_gmt":"2017-09-05T12:06:00","guid":{"rendered":"https:\/\/original-militaria.com\/?post_type=product&#038;p=12900"},"modified":"2017-11-14T17:03:18","modified_gmt":"2017-11-14T17:03:18","slug":"pantalla-de-mesa-o-pared-con-luz-con-efigie-de-franco-y-alegorias","status":"publish","type":"product","link":"https:\/\/original-militaria.com\/en\/producto\/pantalla-de-mesa-o-pared-con-luz-con-efigie-de-franco-y-alegorias\/","title":{"rendered":"Pantalla de Mesa o pared con Luz con Efigie de Franco y Alegorias"},"content":{"rendered":"<p style=\"text-align: justify\"><strong><span style=\"font-size: medium\"><span style=\"font-family: Verdana\">DESCRIPCI\u00d3N<\/span><\/span><\/strong><span style=\"font-size: medium\"><span style=\"font-family: Verdana\">: Rar\u00edsima pantalla de mesa o pared con luz que al encenderla aparece claramente la efigie de Franco, alegor\u00edas a Espa\u00f1a\u00a0 <span style=\"color: #ff0000\">&#8220;Viva Espa\u00f1a-Arriba Espa\u00f1a&#8221;<\/span>, escudo de la bandera de Espa\u00f1a modelo <span style=\"color: #ff0000\">1938<\/span> y imagen de la <span style=\"color: #ff0000\">Virgen del Pilar<\/span>, y cuando est\u00e1 apagada solo de ve la efigie de Franco . Muy rara. Mide 20 cm de di\u00e1metro.<\/span><\/span><\/p>\n","protected":false},"excerpt":{"rendered":"<p style=\"text-align: justify\"><strong><span style=\"font-size: medium\"><span style=\"font-family: Verdana\">DESCRIPCI\u00d3N<\/span><\/span><\/strong><span style=\"font-size: medium\"><span style=\"font-family: Verdana\">: Rar\u00edsima pantalla de mesa o pared con luz que al encenderla aparece claramente la efigie de Franco, alegor\u00edas a Espa\u00f1a\u00a0 <span style=\"color: #ff0000\">&#8220;Viva Espa\u00f1a-Arriba Espa\u00f1a&#8221;<\/span>, escudo de la bandera de Espa\u00f1a modelo <span style=\"color: #ff0000\">1938<\/span> y imagen de la <span style=\"color: #ff0000\">Virgen del Pilar<\/span>, y cuando est\u00e1 apagada solo de ve la efigie de Franco . Muy rara. Mide 20 cm de di\u00e1metro.<\/span><\/span><\/p>\n","protected":false},"featured_media":12901,"template":"","meta":[],"product_brand":[],"product_cat":[195,194],"product_tag":[],"class_list":{"0":"post-12900","1":"product","2":"type-product","3":"status-publish","4":"has-post-thumbnail","6":"product_cat-epoca-de-franco","7":"product_cat-guerra-civil","8":"sales-flash-overlay","9":"woocommerce-text-align-center","10":"woocommerce-image-align-center","11":"do-quantity-buttons","13":"first","14":"instock","15":"purchasable","16":"product-type-simple"},"_links":{"self":[{"href":"https:\/\/original-militaria.com\/en\/wp-json\/wp\/v2\/product\/12900","targetHints":{"allow":["GET"]}}],"collection":[{"href":"https:\/\/original-militaria.com\/en\/wp-json\/wp\/v2\/product"}],"about":[{"href":"https:\/\/original-militaria.com\/en\/wp-json\/wp\/v2\/types\/product"}],"wp:featuredmedia":[{"embeddable":true,"href":"https:\/\/original-militaria.com\/en\/wp-json\/wp\/v2\/media\/12901"}],"wp:attachment":[{"href":"https:\/\/original-militaria.com\/en\/wp-json\/wp\/v2\/media?parent=12900"}],"wp:term":[{"taxonomy":"product_brand","embeddable":true,"href":"https:\/\/original-militaria.com\/en\/wp-json\/wp\/v2\/product_brand?post=12900"},{"taxonomy":"product_cat","embeddable":true,"href":"https:\/\/original-militaria.com\/en\/wp-json\/wp\/v2\/product_cat?post=12900"},{"taxonomy":"product_tag","embeddable":true,"href":"https:\/\/original-militaria.com\/en\/wp-json\/wp\/v2\/product_tag?post=12900"}],"curies":[{"name":"wp","href":"https:\/\/api.w.org\/{rel}","templated":true}]}}