{"id":12894,"date":"2017-09-05T12:05:58","date_gmt":"2017-09-05T12:05:58","guid":{"rendered":"https:\/\/original-militaria.com\/?post_type=product&#038;p=12894"},"modified":"2022-01-31T19:08:31","modified_gmt":"2022-01-31T18:08:31","slug":"dos-tomos-de-la-revista-signal","status":"publish","type":"product","link":"https:\/\/original-militaria.com\/en\/producto\/dos-tomos-de-la-revista-signal\/","title":{"rendered":"Two volumes of the Magazine &#8220;Signal&#8221;&#8212;Dos tomos de la Revista &#8220;Signal&#8221;"},"content":{"rendered":"<p style=\"text-align: justify\"><strong><span style=\"font-size: medium\"><span style=\"font-family: Verdana\">ANTECEDENTES:<\/span><\/span><\/strong><span style=\"font-size: medium\"><span style=\"font-family: Verdana\"> Signal era \u00f3rgano de propaganda principal publicado\u00a0por el Ej\u00e9rcito Alem\u00e1n durante la WW2. Famoso por sus fotograf\u00edas en color de calidad. El t\u00edtulo no se escogi\u00f3 al azar, ya que la palabra Signal se escribe igual en ingl\u00e9s, alem\u00e1n y franc\u00e9s y aparece de modo bastante similar en otros muchos idiomas, entre ellos el espa\u00f1ol y en todos tiene el mismo significado. La revista fue creada en 1940 controlada por el coronel Hasso Von Wedel, Jefe de la Oficina de Propaganda de la Werhmacht. Editada por la empresa Deutsche Verlag AG, se difund\u00eda en m\u00e1s de veinte pa\u00edses, primero en los ocupados por la Alemania nazi, pero luego tambi\u00e9n en los Estados Unidos del Norte de Am\u00e9rica, en Espa\u00f1a, Oriente Medio, etc. Lleg\u00f3 a traducirse a 26 idiomas, con edici\u00f3n en ruso desde 1942, pero conservando siempre parte del texto en alem\u00e1n, la revista constaba de una parte com\u00fan a todas las versiones, que conten\u00eda informaci\u00f3n general, y de un apartado local propio de cada pa\u00eds. <\/span><\/span><\/p>\n<p style=\"text-align: justify\"><strong><span style=\"font-size: medium\"><span style=\"font-family: Verdana\">DESCRIPCION:<\/span><\/span><\/strong><span style=\"font-size: medium\"><span style=\"font-family: Verdana\"> Dos tomos en espa\u00f1ol con revistas encuadernadas del a\u00f1o 1941 en muy buen estado, la persona que las coleccionaba las encuadern\u00f3 sin las portadas, seguidas. Muy buen estado.<\/span><\/span><\/p>\n","protected":false},"excerpt":{"rendered":"<p style=\"text-align: justify\"><strong><span style=\"font-size: medium\"><span style=\"font-family: Verdana\">ANTECEDENTES:<\/span><\/span><\/strong><span style=\"font-size: medium\"><span style=\"font-family: Verdana\"> Signal era \u00f3rgano de propaganda principal publicado\u00a0por el Ej\u00e9rcito Alem\u00e1n durante la WW2. Famoso por sus fotograf\u00edas en color de calidad. El t\u00edtulo no se escogi\u00f3 al azar, ya que la palabra Signal se escribe igual en ingl\u00e9s, alem\u00e1n y franc\u00e9s y aparece de modo bastante similar en otros muchos idiomas, entre ellos el espa\u00f1ol y en todos tiene el mismo significado. La revista fue creada en 1940 controlada por el coronel Hasso Von Wedel, Jefe de la Oficina de Propaganda de la Werhmacht. Editada por la empresa Deutsche Verlag AG, se difund\u00eda en m\u00e1s de veinte pa\u00edses, primero en los ocupados por la Alemania nazi, pero luego tambi\u00e9n en los Estados Unidos del Norte de Am\u00e9rica, en Espa\u00f1a, Oriente Medio, etc. Lleg\u00f3 a traducirse a 26 idiomas, con edici\u00f3n en ruso desde 1942, pero conservando siempre parte del texto en alem\u00e1n, la revista constaba de una parte com\u00fan a todas las versiones, que conten\u00eda informaci\u00f3n general, y de un apartado local propio de cada pa\u00eds. <\/span><\/span><\/p>\n<p style=\"text-align: justify\"><strong><span style=\"font-size: medium\"><span style=\"font-family: Verdana\">DESCRIPCION:<\/span><\/span><\/strong><span style=\"font-size: medium\"><span style=\"font-family: Verdana\"> Dos tomos en espa\u00f1ol con revistas encuadernadas del a\u00f1o 1941 en muy buen estado, la persona que las coleccionaba las encuadern\u00f3 sin las portadas, seguidas. Muy buen estado.<\/span><\/span><\/p>\n","protected":false},"featured_media":12895,"template":"","meta":[],"product_brand":[],"product_cat":[224],"product_tag":[],"class_list":{"0":"post-12894","1":"product","2":"type-product","3":"status-publish","4":"has-post-thumbnail","6":"product_cat-archivo-vendidos","7":"sales-flash-overlay","8":"woocommerce-text-align-center","9":"woocommerce-image-align-center","10":"do-quantity-buttons","12":"first","13":"outofstock","14":"purchasable","15":"product-type-simple"},"_links":{"self":[{"href":"https:\/\/original-militaria.com\/en\/wp-json\/wp\/v2\/product\/12894","targetHints":{"allow":["GET"]}}],"collection":[{"href":"https:\/\/original-militaria.com\/en\/wp-json\/wp\/v2\/product"}],"about":[{"href":"https:\/\/original-militaria.com\/en\/wp-json\/wp\/v2\/types\/product"}],"wp:featuredmedia":[{"embeddable":true,"href":"https:\/\/original-militaria.com\/en\/wp-json\/wp\/v2\/media\/12895"}],"wp:attachment":[{"href":"https:\/\/original-militaria.com\/en\/wp-json\/wp\/v2\/media?parent=12894"}],"wp:term":[{"taxonomy":"product_brand","embeddable":true,"href":"https:\/\/original-militaria.com\/en\/wp-json\/wp\/v2\/product_brand?post=12894"},{"taxonomy":"product_cat","embeddable":true,"href":"https:\/\/original-militaria.com\/en\/wp-json\/wp\/v2\/product_cat?post=12894"},{"taxonomy":"product_tag","embeddable":true,"href":"https:\/\/original-militaria.com\/en\/wp-json\/wp\/v2\/product_tag?post=12894"}],"curies":[{"name":"wp","href":"https:\/\/api.w.org\/{rel}","templated":true}]}}