{"id":12869,"date":"2017-09-05T12:05:50","date_gmt":"2017-09-05T12:05:50","guid":{"rendered":"https:\/\/original-militaria.com\/?post_type=product&#038;p=12869"},"modified":"2022-01-31T19:08:30","modified_gmt":"2022-01-31T18:08:30","slug":"wh-guerrera-de-comandante-de-artilleria","status":"publish","type":"product","link":"https:\/\/original-militaria.com\/en\/producto\/wh-guerrera-de-comandante-de-artilleria\/","title":{"rendered":"Wehrmacht\/ Artillery Mayor M36 Service Tunic &#8212; WH\/ Guerrera-Uniforme de Comandante de Artiller\u00eda"},"content":{"rendered":"<p style=\"text-align: justify\"><span style=\"font-family: verdana, geneva, sans-serif\"><strong>ANTECEDENTES:<\/strong> En la primavera de 1933 el Ej\u00e9rcito alem\u00e1n decidi\u00f3 sustituir la antigua guerreras en uso (rock) por un nuevo modelo al que se denomin\u00f3 oficialmente Feldbluse o guerrera de campa\u00f1a. Los oficiales y suboficiales eran responsables de la compra de sus propios uniformes y, en consecuencia, se le asign\u00f3 una prestaci\u00f3n como ayuda para la compra de ropa a trav\u00e9s del ej\u00e9rcito Kleiderkasse.\u00a0Aunque a todo todos los soldados, suboficiales y oficiales alistaros sus uniformes se los suministro el Gobierno tambi\u00e9n se les permiti\u00f3 comprar los uniformes de confecci\u00f3n privada, ya que as\u00ed eran de mayor calidad, aunque el precio pod\u00eda llegar a ser muy alto. A las distintas ramas de servicio en los uniformes en el ej\u00e9rcito se le asigno un color para identificar el arma al que pertenec\u00edan (waffenfarbe).<\/span><\/p>\n<p style=\"text-align: justify\"><span style=\"font-family: verdana, geneva, sans-serif\"><strong>DESCRIPCION:<\/strong> Guerrera M36 de campo en gabardina para un Comandante de Artiller\u00eda (Feldbluse f\u00fcr Major der Artillerie) de fabricaci\u00f3n elegante privada (falta la etiqueta), alrededor de 1940, de muy buena calidad, tiene cuello color verde esmeralda oscuro con parches de cuello (Litzen) y hombreras de Oficial con el color del arma, el \u00e1guila de Oficial en hilo de rosca de aluminio muy bonita, mangas con bocamanga francesa, tiene cinco botones en su parte frontal (todos los botones pintados feldgrau), y cuatro bolsillos con fuelle y solapa, en el bolsillo superior izquierdo tiene lazos para pasador de diario, EK1 y distintivo. Lleva cinta de EK2, el interior con forro de seda verde tiene un bolsillo y ranura para la daga. En la manga tiene sello con la manufactura del sastre de la ciudad de Bremen &#8220;FR. HANSESTADT BREMEN G.M.B.H&#8221; esto \u00faltimo haciendo referencia a &#8220;Gesellschaft mit beschr\u00e4nkter Haftung&#8221;, que indica &#8220;Sociedad con responsabilidad limitada&#8221;. Estado excelente, sin agujeros de polilla y buena talla.<\/span><\/p>\n","protected":false},"excerpt":{"rendered":"<p style=\"text-align: justify\"><strong><span style=\"font-size: medium\"><span style=\"font-family: Verdana\">ANTECEDENTES:<\/span><\/span><\/strong><span style=\"font-size: medium\"><span style=\"font-family: Verdana\"> En la primavera de 1933 el Ej\u00e9rcito alem\u00e1n decidi\u00f3 sustituir la antigua guerreras en uso (rock) por un nuevo modelo al que se denomin\u00f3 oficialmente Feldbluse o guerrera de campa\u00f1a. Los oficiales y suboficiales eran responsables de la compra de sus propios uniformes y, en consecuencia, se le asign\u00f3 una prestaci\u00f3n como ayuda para la compra de ropa a trav\u00e9s del ej\u00e9rcito Kleiderkasse.\u00a0Aunque a todo todos los soldados, suboficiales y oficiales alistaros sus uniformes se los suministro el Gobierno tambi\u00e9n se les permiti\u00f3 comprar los uniformes de confecci\u00f3n privada, ya que as\u00ed eran de mayor calidad, aunque el precio pod\u00eda llegar a ser muy alto. A las distintas ramas de servicio en los uniformes en el ej\u00e9rcito se le asigno un color para identificar el arma al que pertenec\u00edan (waffenfarbe). <\/span><\/span><\/p>\n<p style=\"text-align: justify\"><strong><span style=\"font-size: medium\"><span style=\"font-family: Verdana\">DESCRIPCION:<\/span><\/span><\/strong><span style=\"font-size: medium\"><span style=\"font-family: Verdana\"> Wehrmacht, excepcional guerrera de campo en gabardina para un Comandante de Artiller\u00eda (Feldbluse f\u00fcr Major der Artillerie) de fabricaci\u00f3n elegante privada (falta la etiqueta), alrededor de 1940, de muy buena calidad, tiene cuello color verde esmeralda oscuro con parches de cuello (Litzen) y hombreras de Oficial con el color del arma, el \u00e1guila de Oficial en hilo de rosca de aluminio muy bonita, mangas con bocamanga francesa, tiene cinco botones en su parte frontal (todos los botones pintados feldgrau), y cuatro bolsillos con fuelle y solapa, en el bolsillo\u00a0superior izquierdo tiene lazos para pasador de diario, EK1 y distintivo.\u00a0Lleva cinta de EK2, el interior con forro de seda verde tiene un bolsillo y ranura para la daga. En la manga tiene\u00a0sello con la manufactura del sastre de la ciudad de Bremen <span style=\"color: #ff0000\">&#8220;<\/span><span style=\"color: #ff0000\">FR. HANSESTADT BREMEN G.M.B.H<\/span><span style=\"color: #ff0000\">&#8220;<\/span> esto \u00faltimo haciendo referencia a\u00a0<span style=\"color: #ff0000\">&#8220;Gesellschaft mit beschr\u00e4nkter Haftung&#8221;<\/span>, que indica\u00a0<span style=\"color: #ff0000\">&#8220;Sociedad con responsabilidad limitada&#8221;<\/span>.\u00a0Estado excelente, sin agujeros de polilla\u00a0y buena talla.<br \/>\n<\/span><\/span><\/p>\n","protected":false},"featured_media":12870,"template":"","meta":[],"product_brand":[],"product_cat":[224],"product_tag":[],"class_list":{"0":"post-12869","1":"product","2":"type-product","3":"status-publish","4":"has-post-thumbnail","6":"product_cat-archivo-vendidos","7":"sales-flash-overlay","8":"woocommerce-text-align-center","9":"woocommerce-image-align-center","10":"do-quantity-buttons","12":"first","13":"outofstock","14":"purchasable","15":"product-type-simple"},"_links":{"self":[{"href":"https:\/\/original-militaria.com\/en\/wp-json\/wp\/v2\/product\/12869","targetHints":{"allow":["GET"]}}],"collection":[{"href":"https:\/\/original-militaria.com\/en\/wp-json\/wp\/v2\/product"}],"about":[{"href":"https:\/\/original-militaria.com\/en\/wp-json\/wp\/v2\/types\/product"}],"wp:featuredmedia":[{"embeddable":true,"href":"https:\/\/original-militaria.com\/en\/wp-json\/wp\/v2\/media\/12870"}],"wp:attachment":[{"href":"https:\/\/original-militaria.com\/en\/wp-json\/wp\/v2\/media?parent=12869"}],"wp:term":[{"taxonomy":"product_brand","embeddable":true,"href":"https:\/\/original-militaria.com\/en\/wp-json\/wp\/v2\/product_brand?post=12869"},{"taxonomy":"product_cat","embeddable":true,"href":"https:\/\/original-militaria.com\/en\/wp-json\/wp\/v2\/product_cat?post=12869"},{"taxonomy":"product_tag","embeddable":true,"href":"https:\/\/original-militaria.com\/en\/wp-json\/wp\/v2\/product_tag?post=12869"}],"curies":[{"name":"wp","href":"https:\/\/api.w.org\/{rel}","templated":true}]}}