{"id":12860,"date":"2017-09-05T12:05:47","date_gmt":"2017-09-05T12:05:47","guid":{"rendered":"https:\/\/original-militaria.com\/?post_type=product&#038;p=12860"},"modified":"2022-01-31T19:08:30","modified_gmt":"2022-01-31T18:08:30","slug":"canon-de-juguete-88-mm-de-la-flak","status":"publish","type":"product","link":"https:\/\/original-militaria.com\/en\/producto\/canon-de-juguete-88-mm-de-la-flak\/","title":{"rendered":"Toy cannon 88 mm FlaK&#8212;Ca\u00f1\u00f3n de Juguete 88 mm de la FlaK"},"content":{"rendered":"<p style=\"text-align: justify\"><span style=\"font-size: 12pt\"><strong><span style=\"font-family: Verdana\">ANTECEDENTES: <\/span><\/strong><span style=\"font-family: Verdana\">El ca\u00f1\u00f3n de 88 mm FlaK 18\/36\/37\/41\u00a0(Flugzeugabwehrkanone) de artiller\u00eda alemana, fue usada tanto como artiller\u00eda antia\u00e9rea, como antitanque, fue gracias a este segundo papel que consigui\u00f3 su fama, a causa de su letal efectividad, ya que pod\u00eda penetrar el blindaje (100 mm) de cualquier tanque a grandes distancias. <\/span><\/span><\/p>\n<p style=\"text-align: justify\"><span style=\"font-size: 12pt\"><strong><span style=\"font-family: Verdana\">DESCRIPCION:<\/span><\/strong><\/span><span style=\"font-size: medium\"><span style=\"font-family: Verdana\"><span style=\"font-size: 12pt\"> Excepcional ca\u00f1\u00f3n de juguete de 88 mm de la FlaK,\u00a0de final de guerra,\u00a0en aluminio fundido de color gris, con total movimiento, muy\u00a0preciso en todos sus detalles, mide 37 cm de largo. Su estado de conservaci\u00f3n es excelente, con una patina que se nota de \u00e9poca. Posiblemente un regalo de presentaci\u00f3n. Perfecto y muy pesado<\/span>.\u00a0<\/span><\/span><\/p>\n","protected":false},"excerpt":{"rendered":"<p style=\"text-align: justify\"><strong><span style=\"font-size: medium\"><span style=\"font-family: Verdana\">ANTECEDENTES: <\/span><\/span><\/strong><span style=\"font-size: medium\"><span style=\"font-family: Verdana\">El ca\u00f1\u00f3n de 88 mm FlaK 18\/36\/37\/41\u00a0(Flugzeugabwehrkanone) de artiller\u00eda alemana, fue usada tanto como artiller\u00eda antia\u00e9rea, como antitanque, fue gracias a este segundo papel que consigui\u00f3 su fama, a causa de su letal efectividad, ya que pod\u00eda penetrar el blindaje (100 mm) de cualquier tanque a grandes distancias. <\/span><\/span><\/p>\n<p style=\"text-align: justify\"><strong><span style=\"font-size: medium\"><span style=\"font-family: Verdana\">DESCRIPCION:<\/span><\/span><\/strong><span style=\"font-size: medium\"><span style=\"font-family: Verdana\"> Excepcional ca\u00f1\u00f3n de juguete de 88 mm de la FlaK,\u00a0de final de guerra,\u00a0en aluminio fundido de color gris, con total movimiento, muy\u00a0preciso en todos sus detalles, <span style=\"color: #ff0000\">mide 37 cm <\/span>de largo. Su estado de conservaci\u00f3n es excelente, con una patina que se nota de \u00e9poca. Posiblemente un regalo de presentaci\u00f3n. Perfecto y muy pesado.\u00a0<\/span><\/span><\/p>\n","protected":false},"featured_media":12861,"template":"","meta":[],"product_brand":[],"product_cat":[224],"product_tag":[],"class_list":{"0":"post-12860","1":"product","2":"type-product","3":"status-publish","4":"has-post-thumbnail","6":"product_cat-archivo-vendidos","7":"sales-flash-overlay","8":"woocommerce-text-align-center","9":"woocommerce-image-align-center","10":"do-quantity-buttons","12":"first","13":"outofstock","14":"purchasable","15":"product-type-simple"},"_links":{"self":[{"href":"https:\/\/original-militaria.com\/en\/wp-json\/wp\/v2\/product\/12860","targetHints":{"allow":["GET"]}}],"collection":[{"href":"https:\/\/original-militaria.com\/en\/wp-json\/wp\/v2\/product"}],"about":[{"href":"https:\/\/original-militaria.com\/en\/wp-json\/wp\/v2\/types\/product"}],"wp:featuredmedia":[{"embeddable":true,"href":"https:\/\/original-militaria.com\/en\/wp-json\/wp\/v2\/media\/12861"}],"wp:attachment":[{"href":"https:\/\/original-militaria.com\/en\/wp-json\/wp\/v2\/media?parent=12860"}],"wp:term":[{"taxonomy":"product_brand","embeddable":true,"href":"https:\/\/original-militaria.com\/en\/wp-json\/wp\/v2\/product_brand?post=12860"},{"taxonomy":"product_cat","embeddable":true,"href":"https:\/\/original-militaria.com\/en\/wp-json\/wp\/v2\/product_cat?post=12860"},{"taxonomy":"product_tag","embeddable":true,"href":"https:\/\/original-militaria.com\/en\/wp-json\/wp\/v2\/product_tag?post=12860"}],"curies":[{"name":"wp","href":"https:\/\/api.w.org\/{rel}","templated":true}]}}