{"id":12756,"date":"2017-09-05T12:05:16","date_gmt":"2017-09-05T12:05:16","guid":{"rendered":"https:\/\/original-militaria.com\/?post_type=product&#038;p=12756"},"modified":"2018-11-01T14:39:03","modified_gmt":"2018-11-01T14:39:03","slug":"estuche-con-premio-de-kreis-tag-der-nsdap-de-1941","status":"publish","type":"product","link":"https:\/\/original-militaria.com\/en\/producto\/estuche-con-premio-de-kreis-tag-der-nsdap-de-1941\/","title":{"rendered":"NSDAP &#8220;K.K.&#8221; Estuche con Placa de Tiro Emitida al Ganador de la Competici\u00f3n, 1941."},"content":{"rendered":"<p style=\"text-align: justify\"><strong><span style=\"font-size: medium\"><span style=\"font-family: Verdana\">ANTECEDENTES:<\/span><\/span><\/strong><span style=\"font-size: medium\"><span style=\"font-family: Verdana\"> Por lo general este tipo de placas er\u00e1n premios no portables por diversos reconocimientos en eventos del NSDAP. La empresa nace en Schrobenhausen, Baviera, no lejos de Munich. En 1825 el Rey Maximiliano I de Baviera y su esposa Karoline , otorgaron dos Medallones de bronce y alabastro como &#8220;Premio de Honor y Reconocimiento&#8221; a la empresa por sus excelentes trabajos. Fue una de las principales proveedoras de ornamentos e iconos religiosos. Con los cambios en las estructuras militares alemanas, se apertura a nuevos mercados, sus nuevos productos incluyeron entre oros uniformes, medallas, condecoraciones, premios de honor etc.<\/span><\/span><\/p>\n<p style=\"text-align: justify\"><strong><span style=\"font-size: medium\"><span style=\"font-family: Verdana\">DESCRIPCI\u00d3N:\u00a0<\/span><\/span><\/strong><span style=\"font-family: Verdana;font-size: medium\">NSDAP &#8220;K.K.&#8221; Estuche con su premio de tiro fabricado en zinc. Manufactura de la empresa de Baviera <\/span><span style=\"color: #ff0000\">&#8220;Carl Poellath, Schrobenhausen&#8221;<\/span><span style=\"font-family: Verdana;font-size: medium\">\u00a0tanto en la placa, como en forro de sat\u00e9n, el premio en forma de placa rectangular con un alto relieve con diversas im\u00e1genes para el ganador de un concurso de tiro en el festival del d\u00eda del <\/span><span style=\"color: #ff0000\">&#8220;KREIS-TAG DER NSDAP&#8221;<\/span><span style=\"font-family: Verdana;font-size: medium\"> de <\/span><span style=\"color: #ff0000\">1941<\/span><span style=\"font-family: Verdana;font-size: medium\">. La placa mide 8 x 11,50 cm, el estuche mide 14 x 11 cm. El estuche se abre y se cierra bien. Muy buen estado y rara.<\/span><\/p>\n<div id=\"gt-c\" class=\"g-section\">\n<div id=\"gt-form-c\">\n<form id=\"gt-form\" action=\"\/\" enctype=\"application\/x-www-form-urlencoded\" method=\"post\" name=\"text_form\">\n<div id=\"gt-text-all\">\n<div id=\"gt-main\">\n<div id=\"gt-text-c\">\n<div id=\"gt-text-top\">\n<div id=\"gt-res-c\" class=\"g-unit\">\n<div id=\"gt-res-p\">\n<div id=\"gt-res-data\">\n<div id=\"gt-res-wrap\">\n<div id=\"gt-res-content\">\n<div id=\"gt-res-dir-ctr\" class=\"trans-verified-button-small\" dir=\"ltr\"><\/div>\n<\/div>\n<\/div>\n<\/div>\n<\/div>\n<\/div>\n<\/div>\n<\/div>\n<\/div>\n<\/div>\n<\/form>\n<\/div>\n<\/div>\n","protected":false},"excerpt":{"rendered":"<p style=\"text-align: justify\"><strong><span style=\"font-size: medium\"><span style=\"font-family: Verdana\">ANTECEDENTES:<\/span><\/span><\/strong><span style=\"font-size: medium\"><span style=\"font-family: Verdana\"> Por lo general este tipo de placas er\u00e1n premios no portables por diversos reconocimientos en eventos del NSDAP. La empresa nace en Schrobenhausen, Baviera, no lejos de Munich. En 1825 el Rey Maximiliano I de Baviera y su esposa Karoline , otorgaron dos Medallones de bronce y alabastro como &#8220;Premio de Honor y Reconocimiento&#8221; a la empresa por sus excelentes trabajos. Fue una de las principales proveedoras de ornamentos e iconos religiosos. Con los cambios en las estructuras militares alemanas, se apertura a nuevos mercados, sus nuevos productos incluyeron entre oros uniformes, medallas, condecoraciones, premios de honor etc.<\/span><\/span><\/p>\n<p style=\"text-align: justify\"><strong><span style=\"font-size: medium\"><span style=\"font-family: Verdana\">DESCRIPCI\u00d3N:<\/span><\/span><\/strong><span style=\"font-size: medium\"><span style=\"font-family: Verdana\"> Excepcional estuche con manufactura de la excelente empresa de Baviera <span style=\"color: #ff0000\">&#8220;Carl Poellath, Schrobenhausen&#8221;<\/span>, con forro de sat\u00e9n con un premio en forma de placa rectangular (Plakette im Etui) fabricada en aleaci\u00f3n de aluminio y zinc con un alto relieve con diversas im\u00e1genes para el ganador de un concurso de tiro en el festival del d\u00eda del <span style=\"color: #ff0000\">&#8220;KREIS-TAG DER NSDAP&#8221;<\/span> de <span style=\"color: #ff0000\">1941<\/span>. La placa mide 8 x 11,50 cm, el estuche mide 14 x 11 cm. Muy buen estado y bastante rara.<br \/>\n<\/span><\/span><\/p>\n","protected":false},"featured_media":12757,"template":"","meta":[],"product_brand":[],"product_cat":[181],"product_tag":[],"class_list":{"0":"post-12756","1":"product","2":"type-product","3":"status-publish","4":"has-post-thumbnail","6":"product_cat-miscelanea","7":"sales-flash-overlay","8":"woocommerce-text-align-center","9":"woocommerce-image-align-center","10":"do-quantity-buttons","12":"first","13":"instock","14":"purchasable","15":"product-type-simple"},"_links":{"self":[{"href":"https:\/\/original-militaria.com\/en\/wp-json\/wp\/v2\/product\/12756","targetHints":{"allow":["GET"]}}],"collection":[{"href":"https:\/\/original-militaria.com\/en\/wp-json\/wp\/v2\/product"}],"about":[{"href":"https:\/\/original-militaria.com\/en\/wp-json\/wp\/v2\/types\/product"}],"wp:featuredmedia":[{"embeddable":true,"href":"https:\/\/original-militaria.com\/en\/wp-json\/wp\/v2\/media\/12757"}],"wp:attachment":[{"href":"https:\/\/original-militaria.com\/en\/wp-json\/wp\/v2\/media?parent=12756"}],"wp:term":[{"taxonomy":"product_brand","embeddable":true,"href":"https:\/\/original-militaria.com\/en\/wp-json\/wp\/v2\/product_brand?post=12756"},{"taxonomy":"product_cat","embeddable":true,"href":"https:\/\/original-militaria.com\/en\/wp-json\/wp\/v2\/product_cat?post=12756"},{"taxonomy":"product_tag","embeddable":true,"href":"https:\/\/original-militaria.com\/en\/wp-json\/wp\/v2\/product_tag?post=12756"}],"curies":[{"name":"wp","href":"https:\/\/api.w.org\/{rel}","templated":true}]}}