{"id":12754,"date":"2017-09-05T12:05:16","date_gmt":"2017-09-05T12:05:16","guid":{"rendered":"https:\/\/original-militaria.com\/?post_type=product&#038;p=12754"},"modified":"2022-01-31T19:08:28","modified_gmt":"2022-01-31T18:08:28","slug":"insignia-del-nsdap-con-rzm-m1-8","status":"publish","type":"product","link":"https:\/\/original-militaria.com\/en\/producto\/insignia-del-nsdap-con-rzm-m1-8\/","title":{"rendered":"NSDAP\/ Membership Badge RZM M1\/18&#8212;NSDAP\/ Insignia con RZM &#8220;M1\/8&#8221;"},"content":{"rendered":"<p style=\"text-align: justify\"><strong><span style=\"font-size: medium\"><span style=\"font-family: Verdana\">A<span style=\"font-size: 12pt\">NTECEDENTES:<\/span><\/span><\/span><\/strong><span style=\"font-size: 12pt\"><span style=\"font-family: Verdana\"> El NSDAP, Nationalsozialistische Deutsche Arbeiterpartei, (Partido Nacional Socialista Alem\u00e1n de los Trabajadores), fue originalmente fundado en Munich como el DAP, Deutsche Arbeiterpartei, (Partido de los Trabajadores de Alemania), el 5 de enero de 1919. Cuando Adolf Hitler se uni\u00f3 a la DAP en el oto\u00f1o de 1919 se fue a la reforma de lo que era b\u00e1sicamente una sociedad de debate en un partido pol\u00edtico activo. Nombrado como el primer presidente del partido el 29 de julio de 1921 Hitler fue reorganizarlo en el p\u00e1rrafo militares a lo largo de las l\u00edneas dentro de una jerarqu\u00eda de cuatro niveles de gobierno. Nota: A finales de 1934 los art\u00edculos fabricados para la NSKK, incluidos los miembros pines, qued\u00f3 bajo el control de la calidad de la RZM, Reichzeugmeisterei, (Equipo Nacional de Provisiones), y como resultado fueron marcados con el logotipo del RZM. El RZM fue oficialmente fundado en Junio de 1934 en Munich por el NSDAP como Reich Hauptamt, (Oficina Central de Estado). Las funciones de la RZM no era s\u00f3lo adquirir y distribuir, sino tambi\u00e9n aprobar los dise\u00f1os y fue elegido para actuar como supervisor de control de calidad para garantizar los productos fabricados para el Partido. <\/span><\/span><\/p>\n<p style=\"text-align: justify\"><span style=\"font-size: 12pt\"><strong><span style=\"font-family: Verdana\">DESCRIPCI\u00d3N:<\/span><\/strong><\/span><span style=\"font-size: medium\"><span style=\"font-family: Verdana\"><span style=\"font-size: 12pt\"> Insignia (Parteiabzeichen) del Partido Nacional Socialista Alem\u00e1n (NSDAP), modelo est\u00e1ndar. Esmaltada al fuego en color rojo, en el circulo exterior escrito en plata en relieve &#8220;National-Sozialistiche- DAP&#8221;, en el reverso su alfiler y bien definido el logo &#8220;RZM&#8221; y el c\u00f3digo &#8220;RZM&#8221; bastante raro &#8220;M1\/8&#8221;, c\u00f3digo perteneciente a la manufactura de &#8220;Ferdinand Wagner, Pforzheim&#8221;, est\u00e1 sin limpiar.\u00a0Excelente estado y rara manufactura.<\/span><br \/>\n<\/span><\/span><\/p>\n","protected":false},"excerpt":{"rendered":"<p style=\"text-align: justify\"><strong><span style=\"font-size: medium\"><span style=\"font-family: Verdana\">ANTECEDENTES:<\/span><\/span><\/strong><span style=\"font-size: medium\"><span style=\"font-family: Verdana\"> El NSDAP, Nationalsozialistische Deutsche Arbeiterpartei, (Partido Nacional Socialista Alem\u00e1n de los Trabajadores), fue originalmente fundado en Munich como el DAP, Deutsche Arbeiterpartei, (Partido de los Trabajadores de Alemania), el 5 de enero de 1919. Cuando Adolf Hitler se uni\u00f3 a la DAP en el oto\u00f1o de 1919 se fue a la reforma de lo que era b\u00e1sicamente una sociedad de debate en un partido pol\u00edtico activo. Nombrado como el primer presidente del partido el 29 de julio de 1921 Hitler fue reorganizarlo en el p\u00e1rrafo militares a lo largo de las l\u00edneas dentro de una jerarqu\u00eda de cuatro niveles de gobierno. Nota: A finales de 1934 los art\u00edculos fabricados para la NSKK, incluidos los miembros pines, qued\u00f3 bajo el control de la calidad de la RZM, Reichzeugmeisterei, (Equipo Nacional de Provisiones), y como resultado fueron marcados con el logotipo del RZM. El RZM fue oficialmente fundado en Junio de 1934 en Munich por el NSDAP como Reich Hauptamt, (Oficina Central de Estado). Las funciones de la RZM no era s\u00f3lo adquirir y distribuir, sino tambi\u00e9n aprobar los dise\u00f1os y fue elegido para actuar como supervisor de control de calidad para garantizar los productos fabricados para el Partido. <\/span><\/span><\/p>\n<p style=\"text-align: justify\"><strong><span style=\"font-size: medium\"><span style=\"font-family: Verdana\">DESCRIPCI\u00d3N:<\/span><\/span><\/strong><span style=\"font-size: medium\"><span style=\"font-family: Verdana\"> Insignia (Parteiabzeichen) del Partido Nacional Socialista Alem\u00e1n (NSDAP), modelo est\u00e1ndar. Esmaltada al fuego en color rojo, en el circulo exterior escrito en plata en relieve &#8220;National-Sozialistiche- DAP&#8221;, en el reverso su alfiler y bien definido el logo <span style=\"color: #ff0000\">&#8220;RZM&#8221;<\/span> y el c\u00f3digo <span style=\"color: #ff0000\">&#8220;RZM&#8221;<\/span> bastante raro <span style=\"color: #ff0000\">&#8220;M1\/8&#8221;<\/span>, c\u00f3digo perteneciente a la manufactura de <span style=\"color: #ff0000\">&#8220;Ferdinand Wagner, Pforzheim&#8221;<\/span>, est\u00e1 sin limpiar.\u00a0Excelente estado y rara manufactura.<br \/>\n<\/span><\/span><\/p>\n","protected":false},"featured_media":12755,"template":"","meta":[],"product_brand":[],"product_cat":[224],"product_tag":[],"class_list":{"0":"post-12754","1":"product","2":"type-product","3":"status-publish","4":"has-post-thumbnail","6":"product_cat-archivo-vendidos","7":"sales-flash-overlay","8":"woocommerce-text-align-center","9":"woocommerce-image-align-center","10":"do-quantity-buttons","12":"first","13":"outofstock","14":"purchasable","15":"product-type-simple"},"_links":{"self":[{"href":"https:\/\/original-militaria.com\/en\/wp-json\/wp\/v2\/product\/12754","targetHints":{"allow":["GET"]}}],"collection":[{"href":"https:\/\/original-militaria.com\/en\/wp-json\/wp\/v2\/product"}],"about":[{"href":"https:\/\/original-militaria.com\/en\/wp-json\/wp\/v2\/types\/product"}],"wp:featuredmedia":[{"embeddable":true,"href":"https:\/\/original-militaria.com\/en\/wp-json\/wp\/v2\/media\/12755"}],"wp:attachment":[{"href":"https:\/\/original-militaria.com\/en\/wp-json\/wp\/v2\/media?parent=12754"}],"wp:term":[{"taxonomy":"product_brand","embeddable":true,"href":"https:\/\/original-militaria.com\/en\/wp-json\/wp\/v2\/product_brand?post=12754"},{"taxonomy":"product_cat","embeddable":true,"href":"https:\/\/original-militaria.com\/en\/wp-json\/wp\/v2\/product_cat?post=12754"},{"taxonomy":"product_tag","embeddable":true,"href":"https:\/\/original-militaria.com\/en\/wp-json\/wp\/v2\/product_tag?post=12754"}],"curies":[{"name":"wp","href":"https:\/\/api.w.org\/{rel}","templated":true}]}}