{"id":12626,"date":"2017-09-05T12:04:35","date_gmt":"2017-09-05T12:04:35","guid":{"rendered":"https:\/\/original-militaria.com\/?post_type=product&#038;p=12626"},"modified":"2022-01-31T19:08:27","modified_gmt":"2022-01-31T18:08:27","slug":"wh-bayoneta-k98-misma-numeracion-y-fabricante-6477-mundlos","status":"publish","type":"product","link":"https:\/\/original-militaria.com\/en\/producto\/wh-bayoneta-k98-misma-numeracion-y-fabricante-6477-mundlos\/","title":{"rendered":"Wehrmacht\/  K98 Bayonet Same Numbering and Manufacturer &#8220;6477-MUNDLOS&#8221;&#8212;WH\/ Bayoneta K98 Misma Numeraci\u00f3n y Fabricante &#8220;6477-MUNDLOS&#8221;"},"content":{"rendered":"<p style=\"text-align: justify\"><strong><span style=\"font-size: medium\"><span style=\"font-family: Verdana\">ANTECEDENTES:<\/span><\/span><\/strong><span style=\"font-size: medium\"><span style=\"font-family: Verdana\"> La bayoneta K98 era una modificaci\u00f3n de la bayoneta S-84\/98 ya modificada, que se hab\u00eda desarrollado originalmente en 1915. Esta nueva bayoneta modificada se empez\u00f3 a utilizar en 1934, y la producci\u00f3n en masa empez\u00f3 en 1936. La bayoneta K98 segu\u00eda siendo la bayoneta normal pre y durante la guerra, siendo fabricada con variaciones peque\u00f1as. Cuando la guerra se prolongo la calidad se deterior\u00f3 y a mediados de 1944 la mayor\u00eda de los fabricantes discontinuaron su producci\u00f3n. Originalmente el ej\u00e9rcito alem\u00e1n utiliz\u00f3 dos modelos de bayonetas, para el personal desmontado y para el personal montado. Existen modelos de parada con hoja corta, larga y de presentaci\u00f3n con la hoja labrada y empu\u00f1adura de ciervo. Tambi\u00e9n una versi\u00f3n para el cuerpo de bomberos. <\/span><\/span><\/p>\n<p style=\"text-align: justify\"><strong><span style=\"font-size: medium\"><span style=\"font-family: Verdana\">DESCRIPCION:<\/span><\/span><\/strong><span style=\"font-size: medium\"><span style=\"font-family: Verdana\"> Bayoneta para el k98 (Seitengewehr 98K) con su vaina, misma numeraci\u00f3n &#8220;6477&#8221; en la hoja y en la vaina, la hoja marcada con la manufactura del fabricante &#8220;MUNDLOS&#8221;, por desgracia no estuvo bien guardada y su estado no es bueno en la vaina y en la guarnici\u00f3n, pero es raro el fabricante y misma numeraci\u00f3n.<\/span><\/span><\/p>\n<p style=\"text-align: justify\">\n<p style=\"text-align: justify\">\n","protected":false},"excerpt":{"rendered":"<p style=\"text-align: justify\"><strong><span style=\"font-size: medium\"><span style=\"font-family: Verdana\">ANTECEDENTES:<\/span><\/span><\/strong><span style=\"font-size: medium\"><span style=\"font-family: Verdana\"> La bayoneta K98 era una modificaci\u00f3n de la bayoneta S-84\/98 ya modificada, que se hab\u00eda desarrollado originalmente en 1915. Esta nueva bayoneta modificada se empez\u00f3 a utilizar en 1934, y la producci\u00f3n en masa empez\u00f3 en 1936. La bayoneta K98 segu\u00eda siendo la bayoneta normal pre y durante la guerra, siendo fabricada con variaciones peque\u00f1as. Cuando la guerra se prolongo la calidad se deterior\u00f3 y a mediados de 1944 la mayor\u00eda de los fabricantes discontinuaron su producci\u00f3n. Originalmente el ej\u00e9rcito alem\u00e1n utiliz\u00f3 dos modelos de bayonetas, para el personal desmontado y para el personal montado. Existen modelos de parada con hoja corta, larga y de presentaci\u00f3n con la hoja labrada y empu\u00f1adura de ciervo. Tambi\u00e9n una versi\u00f3n para el cuerpo de bomberos. <\/span><\/span><\/p>\n<p style=\"text-align: justify\"><strong><span style=\"font-size: medium\"><span style=\"font-family: Verdana\">DESCRIPCION:<\/span><\/span><\/strong><span style=\"font-size: medium\"><span style=\"font-family: Verdana\"> Bayoneta para el k98 (Seitengewehr 98K) con su vaina, misma numeraci\u00f3n <span style=\"color: #ff0000\">&#8220;6477&#8221; <\/span>en la hoja y en la vaina, la hoja marcada con la manufactura del fabricante <span style=\"color: #ff0000\">&#8220;MUNDLOS&#8221;<\/span>, por desgracia no estuvo bien guardada y su estado no es bueno en la vaina y en la guarnici\u00f3n, pero es raro el fabricante y misma numeraci\u00f3n.<\/span><\/span><\/p>\n<p style=\"text-align: justify\">\n<p style=\"text-align: justify\">\n","protected":false},"featured_media":12627,"template":"","meta":[],"product_brand":[],"product_cat":[224],"product_tag":[],"class_list":{"0":"post-12626","1":"product","2":"type-product","3":"status-publish","4":"has-post-thumbnail","6":"product_cat-archivo-vendidos","7":"sales-flash-overlay","8":"woocommerce-text-align-center","9":"woocommerce-image-align-center","10":"do-quantity-buttons","12":"first","13":"outofstock","14":"purchasable","15":"product-type-simple"},"_links":{"self":[{"href":"https:\/\/original-militaria.com\/en\/wp-json\/wp\/v2\/product\/12626","targetHints":{"allow":["GET"]}}],"collection":[{"href":"https:\/\/original-militaria.com\/en\/wp-json\/wp\/v2\/product"}],"about":[{"href":"https:\/\/original-militaria.com\/en\/wp-json\/wp\/v2\/types\/product"}],"wp:featuredmedia":[{"embeddable":true,"href":"https:\/\/original-militaria.com\/en\/wp-json\/wp\/v2\/media\/12627"}],"wp:attachment":[{"href":"https:\/\/original-militaria.com\/en\/wp-json\/wp\/v2\/media?parent=12626"}],"wp:term":[{"taxonomy":"product_brand","embeddable":true,"href":"https:\/\/original-militaria.com\/en\/wp-json\/wp\/v2\/product_brand?post=12626"},{"taxonomy":"product_cat","embeddable":true,"href":"https:\/\/original-militaria.com\/en\/wp-json\/wp\/v2\/product_cat?post=12626"},{"taxonomy":"product_tag","embeddable":true,"href":"https:\/\/original-militaria.com\/en\/wp-json\/wp\/v2\/product_tag?post=12626"}],"curies":[{"name":"wp","href":"https:\/\/api.w.org\/{rel}","templated":true}]}}