{"id":12526,"date":"2017-09-05T12:04:06","date_gmt":"2017-09-05T12:04:06","guid":{"rendered":"https:\/\/original-militaria.com\/?post_type=product&#038;p=12526"},"modified":"2022-01-31T19:08:24","modified_gmt":"2022-01-31T18:08:24","slug":"lbum-adolf-hitler-de-1936-con-su-caja","status":"publish","type":"product","link":"https:\/\/original-militaria.com\/en\/producto\/lbum-adolf-hitler-de-1936-con-su-caja\/","title":{"rendered":"Adof Hitler Album in Box, 1936 &#8211;\u00c1lbum &#8220;Adolf Hitler&#8221; de 1936 con su Caja"},"content":{"rendered":"<p style=\"text-align: justify\"><span style=\"font-size: medium\"><span style=\"font-family: Verdana\">\u00c1lbum alem\u00e1n de cromos propagand\u00edstico sobre Adolf Hitler editado por la Cigaretten-Bilderdienst Hamburg-Bahrenfeld en 1936 en Hamburgo por el NSDAP para ensalzamiento del R\u00e9gimen, titulado &#8220;Bilder aus dem Leben des F\u00fchrers&#8221;. Con 132 p\u00e1ginas de papel grueso y 202 fotos-cromo de distintos tama\u00f1os, las cuales se obten\u00edan en los paquetes de cigarrillos\u00a0constituyendo una fuerte herramienta propagand\u00edstica, mantiene su caja de embalaje original, todo en excelente estado de conservaci\u00f3n y completo, no le faltan fotos ni p\u00e1ginas, sin roturas. Mide 31 X 24 cm.<\/span><\/span><\/p>\n<p style=\"text-align: justify\"><span style=\"font-size: medium\"><span style=\"font-family: Verdana\">\u00a0<\/span><\/span><\/p>\n","protected":false},"excerpt":{"rendered":"<p style=\"text-align: justify\"><strong><span style=\"font-size: medium\"><span style=\"font-family: Verdana\">DESCRIPCI\u00d3N:<\/span><\/span><\/strong><span style=\"font-size: medium\"><span style=\"font-family: Verdana\"> \u00c1lbum alem\u00e1n de cromos propagand\u00edstico sobre Adolf Hitler editado por la Cigaretten-Bilderdienst Hamburg-Bahrenfeld en 1936 en Hamburgo por el NSDAP para ensalzamiento del R\u00e9gimen, titulado &#8220;Bilder aus dem Leben des F\u00fchrers&#8221;. Con 132 p\u00e1ginas de papel grueso y 202 fotos-cromo de distintos tama\u00f1os, las cuales se obten\u00edan en los paquetes de cigarrillos\u00a0constituyendo una fuerte herramienta propagand\u00edstica, mantiene su caja de embalaje original, todo en excelente estado de conservaci\u00f3n y completo, no le faltan fotos ni p\u00e1ginas, sin roturas. Mide 31 X 24 cm.<\/span><\/span><\/p>\n<p style=\"text-align: justify\"><span style=\"font-size: medium\"><span style=\"font-family: Verdana\">\u00a0<\/span><\/span><\/p>\n","protected":false},"featured_media":12527,"template":"","meta":[],"product_brand":[],"product_cat":[224],"product_tag":[],"class_list":{"0":"post-12526","1":"product","2":"type-product","3":"status-publish","4":"has-post-thumbnail","6":"product_cat-archivo-vendidos","7":"sales-flash-overlay","8":"woocommerce-text-align-center","9":"woocommerce-image-align-center","10":"do-quantity-buttons","12":"first","13":"outofstock","14":"product-type-simple"},"_links":{"self":[{"href":"https:\/\/original-militaria.com\/en\/wp-json\/wp\/v2\/product\/12526","targetHints":{"allow":["GET"]}}],"collection":[{"href":"https:\/\/original-militaria.com\/en\/wp-json\/wp\/v2\/product"}],"about":[{"href":"https:\/\/original-militaria.com\/en\/wp-json\/wp\/v2\/types\/product"}],"wp:featuredmedia":[{"embeddable":true,"href":"https:\/\/original-militaria.com\/en\/wp-json\/wp\/v2\/media\/12527"}],"wp:attachment":[{"href":"https:\/\/original-militaria.com\/en\/wp-json\/wp\/v2\/media?parent=12526"}],"wp:term":[{"taxonomy":"product_brand","embeddable":true,"href":"https:\/\/original-militaria.com\/en\/wp-json\/wp\/v2\/product_brand?post=12526"},{"taxonomy":"product_cat","embeddable":true,"href":"https:\/\/original-militaria.com\/en\/wp-json\/wp\/v2\/product_cat?post=12526"},{"taxonomy":"product_tag","embeddable":true,"href":"https:\/\/original-militaria.com\/en\/wp-json\/wp\/v2\/product_tag?post=12526"}],"curies":[{"name":"wp","href":"https:\/\/api.w.org\/{rel}","templated":true}]}}