{"id":12505,"date":"2017-09-05T12:04:00","date_gmt":"2017-09-05T12:04:00","guid":{"rendered":"https:\/\/original-militaria.com\/?post_type=product&#038;p=12505"},"modified":"2022-01-31T19:08:23","modified_gmt":"2022-01-31T18:08:23","slug":"pasaporte-aleman-de-1938-marcado-j-para-una-nina","status":"publish","type":"product","link":"https:\/\/original-militaria.com\/en\/producto\/pasaporte-aleman-de-1938-marcado-j-para-una-nina\/","title":{"rendered":"German Passport Marked \u00abJudenstempel\u00bb for a Girl, 1938&#8212;Pasaporte Alem\u00e1n de 1938 Marcado &#8220;J&#8221; para una Ni\u00f1a"},"content":{"rendered":"<p style=\"text-align: justify\"><span style=\"font-size: 12pt;font-family: verdana, geneva, sans-serif\"><strong>ANTECEDENTES:<\/strong> En 1938 el jefe de la polic\u00eda de extranjer\u00eda Suiza Heinrich Rothmund insisti\u00f3 para que las autoridades alemanas introdujeran el notorio timbre con la letra \u00abJ\u00bb, el famoso &#8220;sello jud\u00edo&#8221; en los pasaportes de los ciudadanos alemanes jud\u00edos. El 17 de agosto de este a\u00f1o, los jud\u00edos varones tuvieron que a\u00f1adir &#8220;Israel&#8221; y las mujeres jud\u00edas \u201cSara&#8221; a sus nombres, el 5 de octubre fue obligatorio incluir la may\u00fascula &#8220;J&#8221; impresa sobre sus pasaportes. A partir de esta inclusi\u00f3n, los nazis empezaron a dar un trato administrativo diferente a los incriminados. <\/span><\/p>\n<p style=\"text-align: justify\"><span style=\"font-size: 12pt;font-family: verdana, geneva, sans-serif\"><strong>DESCRIPCION:<\/strong> Pasaporte alem\u00e1n marcado con el sello Jud\u00edo &#8220;J&#8221; (Judenstempel), para una ni\u00f1a de ascendencia jud\u00eda, con sus 32 p\u00e1ginas y foto (Reisepass &#8220;J&#8221; f\u00fcr Juden) del segundo modelo a partir de 1936, cuando se sustituye el \u00e1guila de Weimar por una Hoheitszeichen (\u00e1guila y esv\u00e1stica) entre Deutsches Reich y Reisepass, est\u00e1 marcado con una gran letra roja &#8220;J&#8221; para identificaci\u00f3n de los ciudadanos de origen Jud\u00edo. <\/span><\/p>\n<p style=\"text-align: justify\"><span style=\"font-size: 12pt;font-family: verdana, geneva, sans-serif\">Se trata de una ni\u00f1a llamada &#8220;Eva Schlofs&#8221;, nacida en en la ciudad alemana de\u00a0Hamburgo el 25 de\u00a0julio de 1926. El pasaporte est\u00e1 firmado por el Polizeipr\u00e4sident (Jefe de la Polic\u00eda) de\u00a0Hamburgo el d\u00eda\u00a030 de\u00a0diciembre de 1938. Generalmente los pasaportes alemanes teni\u00e1n una validez de diez a\u00f1os, pero este pasaporte para Jud\u00edos s\u00f3lo era v\u00e1lido por un a\u00f1o. <\/span><\/p>\n<p style=\"text-align: justify\"><span style=\"font-size: 12pt;font-family: verdana, geneva, sans-serif\">Este pasaporte no valido para Espa\u00f1a ni para Marruecos tiene sellos y visados, entre otros del Consulado de Francia en Hamburgo, y visado del Consulado General de Chile.<\/span><\/p>\n","protected":false},"excerpt":{"rendered":"<p style=\"text-align: justify\"><strong><span style=\"font-size: medium\"><span style=\"font-family: Verdana\">ANTECEDENTES:<\/span><\/span><\/strong><span style=\"font-size: medium\"><span style=\"font-family: Verdana\"> En 1938 el jefe de la polic\u00eda de extranjer\u00eda Suiza Heinrich Rothmund insisti\u00f3 para que las autoridades alemanas introdujeran el notorio timbre con la letra \u00abJ\u00bb, el famoso &#8220;sello jud\u00edo&#8221; en los pasaportes de los ciudadanos alemanes jud\u00edos. El 17 de agosto de este a\u00f1o, los jud\u00edos varones tuvieron que a\u00f1adir &#8220;Israel&#8221; y las mujeres jud\u00edas \u201cSara&#8221; a sus nombres, el 5 de octubre fue obligatorio incluir la may\u00fascula &#8220;J&#8221; impresa sobre sus pasaportes. A partir de esta inclusi\u00f3n, los nazis empezaron a dar un trato administrativo diferente a los incriminados. <\/span><\/span><\/p>\n<p style=\"text-align: justify\"><strong><span style=\"font-size: medium\"><span style=\"font-family: Verdana\">DESCRIPCION:<\/span><\/span><\/strong><span style=\"font-size: medium\"><span style=\"font-family: Verdana\"> Pasaporte alem\u00e1n marcado con el sello Jud\u00edo <span style=\"color: #ff0000\">&#8220;J&#8221; <\/span>(Judenstempel), para una ni\u00f1a de ascendencia jud\u00eda, con sus 32 p\u00e1ginas y foto (Reisepass &#8220;J&#8221; f\u00fcr Juden) del segundo modelo a partir de 1936, cuando se sustituye el \u00e1guila de Weimar por una Hoheitszeichen (\u00e1guila y esv\u00e1stica) entre Deutsches Reich y Reisepass, est\u00e1 marcado con una gran letra roja <span style=\"color: #ff0000\">&#8220;J&#8221;<\/span> para identificaci\u00f3n de los ciudadanos de origen Jud\u00edo. <\/span><\/span><\/p>\n<p style=\"text-align: justify\"><span style=\"font-size: medium\"><span style=\"font-family: Verdana\">Se trata de una ni\u00f1a llamada <span style=\"color: #ff0000\">&#8220;Eva Schlofs&#8221;<\/span>, nacida en en la ciudad alemana de\u00a0Hamburgo el 25 de\u00a0julio de 1926. El pasaporte est\u00e1 firmado por el Polizeipr\u00e4sident (Jefe de la Polic\u00eda) de\u00a0Hamburgo el d\u00eda\u00a030 de\u00a0diciembre de 1938. Generalmente los pasaportes alemanes teni\u00e1n una validez de diez a\u00f1os, pero este pasaporte para Jud\u00edos s\u00f3lo era v\u00e1lido por un a\u00f1o. <\/span><\/span><\/p>\n<p style=\"text-align: justify\"><span style=\"font-size: medium\"><span style=\"font-family: Verdana\">Este pasaporte no valido para Espa\u00f1a ni para Marruecos tiene sellos y visados, entre otros del Consulado de Francia en Hamburgo, y visado del Consulado General de Chile.<\/span><\/span><\/p>\n","protected":false},"featured_media":12506,"template":"","meta":[],"product_brand":[],"product_cat":[224],"product_tag":[],"class_list":{"0":"post-12505","1":"product","2":"type-product","3":"status-publish","4":"has-post-thumbnail","6":"product_cat-archivo-vendidos","7":"sales-flash-overlay","8":"woocommerce-text-align-center","9":"woocommerce-image-align-center","10":"do-quantity-buttons","12":"first","13":"outofstock","14":"purchasable","15":"product-type-simple"},"_links":{"self":[{"href":"https:\/\/original-militaria.com\/en\/wp-json\/wp\/v2\/product\/12505","targetHints":{"allow":["GET"]}}],"collection":[{"href":"https:\/\/original-militaria.com\/en\/wp-json\/wp\/v2\/product"}],"about":[{"href":"https:\/\/original-militaria.com\/en\/wp-json\/wp\/v2\/types\/product"}],"wp:featuredmedia":[{"embeddable":true,"href":"https:\/\/original-militaria.com\/en\/wp-json\/wp\/v2\/media\/12506"}],"wp:attachment":[{"href":"https:\/\/original-militaria.com\/en\/wp-json\/wp\/v2\/media?parent=12505"}],"wp:term":[{"taxonomy":"product_brand","embeddable":true,"href":"https:\/\/original-militaria.com\/en\/wp-json\/wp\/v2\/product_brand?post=12505"},{"taxonomy":"product_cat","embeddable":true,"href":"https:\/\/original-militaria.com\/en\/wp-json\/wp\/v2\/product_cat?post=12505"},{"taxonomy":"product_tag","embeddable":true,"href":"https:\/\/original-militaria.com\/en\/wp-json\/wp\/v2\/product_tag?post=12505"}],"curies":[{"name":"wp","href":"https:\/\/api.w.org\/{rel}","templated":true}]}}