{"id":12490,"date":"2017-09-05T12:03:55","date_gmt":"2017-09-05T12:03:55","guid":{"rendered":"https:\/\/original-militaria.com\/?post_type=product&#038;p=12490"},"modified":"2022-01-31T19:08:23","modified_gmt":"2022-01-31T18:08:23","slug":"cruz-de-hierro-de-2-clase-1914-ws","status":"publish","type":"product","link":"https:\/\/original-militaria.com\/en\/producto\/cruz-de-hierro-de-2-clase-1914-ws\/","title":{"rendered":"WW1\/ EK2 1914 &#8220;WS&#8221;&#8212;WW1\/ Cruz de Hierro de 2\u00aa clase 1914, &#8220;WS&#8221;"},"content":{"rendered":"<p style=\"text-align: justify\"><span style=\"font-size: 12pt;font-family: verdana, geneva, sans-serif\"><strong>ANTECEDENTES:<\/strong> La Cruz de Hierro\u00a0nace en las postrimer\u00edas de la era Napole\u00f3nica y la Guerra de Liberaci\u00f3n de Prusia,\u00a0nuevamente renovada durante la Guerra Franco-Prusiana y reinstituida a finales de la I Guerra Mundial.\u00a0Estuvo inicialmente en uso para los Oficiales y hombres del Ej\u00e9rcito Prusiano en 1813, fue la intenci\u00f3n original de su creador el Rey Federico Guillermo que fuera una condecoraci\u00f3n para ser usada durante este conflicto, y no la duraci\u00f3n que a la final tuvo en el tiempo. A pesar de que los prusianos se vieron envueltos en conflictos en 1849, 1864 y 1866, solo fue reinstituida en 1870 durante la Guerra Franco-Prusiana; siendo retirada nuevamente a la terminaci\u00f3n de este conflicto. Fue nuevamente utilizada a partir de los inicios de la I Guerra Mundial, 56 a\u00f1os despu\u00e9s. <\/span><\/p>\n<p style=\"text-align: justify\"><span style=\"font-size: 12pt;font-family: verdana, geneva, sans-serif\"><strong>DESCRIPCION:<\/strong> Cruz de Hierro de 2\u00aa clase 1914 (Eisernes Kreuz 1914 2. Klasse),\u00a0marcada en la anilla &#8220;WS&#8221; manufactura correspondiente a &#8220;Wagner\u00a0&amp; Sohn, Berlin&#8221;, tres piezas,\u00a0n\u00facleo de hierro, excelente patina negra, cinta original modelo largo.<\/span><\/p>\n<p>&nbsp;<\/p>\n","protected":false},"excerpt":{"rendered":"<p style=\"text-align: justify\"><strong><span style=\"font-size: medium\"><span style=\"font-family: Verdana\">ANTECEDENTES:<\/span><\/span><\/strong><span style=\"font-size: medium\"><span style=\"font-family: Verdana\"> La Cruz de Hierro\u00a0nace en las postrimer\u00edas de la era Napole\u00f3nica y la Guerra de Liberaci\u00f3n de Prusia,\u00a0nuevamente renovada durante la Guerra Franco-Prusiana y reinstituida a finales de la I Guerra Mundial.\u00a0Estuvo inicialmente en uso para los Oficiales y hombres del Ej\u00e9rcito Prusiano en 1813, fue la intenci\u00f3n original de su creador el Rey Federico Guillermo que fuera una condecoraci\u00f3n para ser usada durante este conflicto, y no la duraci\u00f3n que a la final tuvo en el tiempo. A pesar de que los prusianos se vieron envueltos en conflictos en 1849, 1864 y 1866, solo fue reinstituida en 1870 durante la Guerra Franco-Prusiana; siendo retirada nuevamente a la terminaci\u00f3n de este conflicto. Fue nuevamente utilizada a partir de los inicios de la I Guerra Mundial, 56 a\u00f1os despu\u00e9s. <\/span><\/span><\/p>\n<p style=\"text-align: justify\"><strong><span style=\"font-size: medium\"><span style=\"font-family: Verdana\">DESCRIPCION:<\/span><\/span><\/strong><span style=\"font-size: medium\"><span style=\"font-family: Verdana\"> Cruz de Hierro de 2\u00aa clase 1914 (Eisernes Kreuz 1914 2. Klasse),\u00a0marcada en la anilla <span style=\"color: #ff0000\">&#8220;WS&#8221;<\/span> manufactura correspondiente a <span style=\"color: #ff0000\">&#8220;Wagner\u00a0&amp; Sohn, Berlin&#8221;<\/span>, tres piezas,\u00a0n\u00facleo de hierro, excelente patina negra, cinta original modelo largo.<\/span><\/span><\/p>\n<p>&nbsp;<\/p>\n","protected":false},"featured_media":12491,"template":"","meta":[],"product_brand":[],"product_cat":[224],"product_tag":[],"class_list":{"0":"post-12490","1":"product","2":"type-product","3":"status-publish","4":"has-post-thumbnail","6":"product_cat-archivo-vendidos","7":"sales-flash-overlay","8":"woocommerce-text-align-center","9":"woocommerce-image-align-center","10":"do-quantity-buttons","12":"first","13":"outofstock","14":"purchasable","15":"product-type-simple"},"_links":{"self":[{"href":"https:\/\/original-militaria.com\/en\/wp-json\/wp\/v2\/product\/12490","targetHints":{"allow":["GET"]}}],"collection":[{"href":"https:\/\/original-militaria.com\/en\/wp-json\/wp\/v2\/product"}],"about":[{"href":"https:\/\/original-militaria.com\/en\/wp-json\/wp\/v2\/types\/product"}],"wp:featuredmedia":[{"embeddable":true,"href":"https:\/\/original-militaria.com\/en\/wp-json\/wp\/v2\/media\/12491"}],"wp:attachment":[{"href":"https:\/\/original-militaria.com\/en\/wp-json\/wp\/v2\/media?parent=12490"}],"wp:term":[{"taxonomy":"product_brand","embeddable":true,"href":"https:\/\/original-militaria.com\/en\/wp-json\/wp\/v2\/product_brand?post=12490"},{"taxonomy":"product_cat","embeddable":true,"href":"https:\/\/original-militaria.com\/en\/wp-json\/wp\/v2\/product_cat?post=12490"},{"taxonomy":"product_tag","embeddable":true,"href":"https:\/\/original-militaria.com\/en\/wp-json\/wp\/v2\/product_tag?post=12490"}],"curies":[{"name":"wp","href":"https:\/\/api.w.org\/{rel}","templated":true}]}}