{"id":12440,"date":"2017-09-05T12:03:40","date_gmt":"2017-09-05T12:03:40","guid":{"rendered":"https:\/\/original-militaria.com\/?post_type=product&#038;p=12440"},"modified":"2023-03-13T18:05:08","modified_gmt":"2023-03-13T17:05:08","slug":"cruz-al-merito-militar-de-1-clase-distintivo-rojo","status":"publish","type":"product","link":"https:\/\/original-militaria.com\/en\/producto\/cruz-al-merito-militar-de-1-clase-distintivo-rojo\/","title":{"rendered":"Cruz al M\u00e9rito Militar de 1\u00aa clase Distintivo Rojo"},"content":{"rendered":"<p style=\"text-align: justify;\"><strong><span style=\"font-size: medium;\"><span style=\"font-family: Verdana;\">ANTECEDENTES:<\/span><\/span><\/strong><span style=\"font-size: medium;\"><span style=\"font-family: Verdana;\"> La Cruz al M\u00e9rito Militar con distintivo rojo es una condecoraci\u00f3n espa\u00f1ola que se otorga a personas que, con valor, hayan realizado acciones, hechos o servicios eficaces en el transcurso de un conflicto armado o de operaciones militares que impliquen o puedan implicar el uso de fuerza armada, y que conlleven unas dotes militares o de mando significativas.<\/span><\/span><\/p>\n<p style=\"text-align: justify;\"><strong><span style=\"font-size: medium;\"><span style=\"font-family: Verdana;\">DESCRIPCION: <\/span><\/span><\/strong><span style=\"font-size: medium;\"><span style=\"font-family: Verdana;\">Cruz al M\u00e9rito Militar de 1\u00aa clase unifacial distintivo rojo, modelo de guerra civil. Tiene los brazos de la cruz \u00a0esmaltados en rojo, sobre el brazo superior rect\u00e1ngulo en oro. Centro circular, en anverso escudo de Espa\u00f1a, leones y castillos con escus\u00f3n con granada, reverso liso. Sobre el brazo superior corona imperial articulada.<\/span><\/span><\/p>\n","protected":false},"excerpt":{"rendered":"<p style=\"text-align: justify;\"><strong><span style=\"font-size: medium;\"><span style=\"font-family: Verdana;\">ANTECEDENTES:<\/span><\/span><\/strong><span style=\"font-size: medium;\"><span style=\"font-family: Verdana;\"> La Cruz al M\u00e9rito Militar con distintivo rojo es una condecoraci\u00f3n espa\u00f1ola que se otorga a personas que, con valor, hayan realizado acciones, hechos o servicios eficaces en el transcurso de un conflicto armado o de operaciones militares que impliquen o puedan implicar el uso de fuerza armada, y que conlleven unas dotes militares o de mando significativas.<\/span><\/span><\/p>\n<p style=\"text-align: justify;\"><strong><span style=\"font-size: medium;\"><span style=\"font-family: Verdana;\">DESCRIPCION: <\/span><\/span><\/strong><span style=\"font-size: medium;\"><span style=\"font-family: Verdana;\">Cruz al M\u00e9rito Militar de 1\u00aa clase unifacial distintivo rojo, modelo de guerra civil. Tiene\u00a0los\u00a0brazos de la cruz \u00a0esmaltados en rojo, sobre el brazo superior rect\u00e1ngulo en oro. Centro circular, en anverso escudo de Espa\u00f1a, leones y castillos con escus\u00f3n con granada, reverso liso. Sobre el brazo superior corona imperial art\u00edculada.<\/span><\/span><\/p>\n","protected":false},"featured_media":12441,"template":"","meta":[],"product_brand":[],"product_cat":[173,224],"product_tag":[],"class_list":{"0":"post-12440","1":"product","2":"type-product","3":"status-publish","4":"has-post-thumbnail","6":"product_cat-militaria-espanola","7":"product_cat-archivo-vendidos","8":"sales-flash-overlay","9":"woocommerce-text-align-center","10":"woocommerce-image-align-center","11":"do-quantity-buttons","13":"first","14":"outofstock","15":"product-type-simple"},"_links":{"self":[{"href":"https:\/\/original-militaria.com\/en\/wp-json\/wp\/v2\/product\/12440","targetHints":{"allow":["GET"]}}],"collection":[{"href":"https:\/\/original-militaria.com\/en\/wp-json\/wp\/v2\/product"}],"about":[{"href":"https:\/\/original-militaria.com\/en\/wp-json\/wp\/v2\/types\/product"}],"wp:featuredmedia":[{"embeddable":true,"href":"https:\/\/original-militaria.com\/en\/wp-json\/wp\/v2\/media\/12441"}],"wp:attachment":[{"href":"https:\/\/original-militaria.com\/en\/wp-json\/wp\/v2\/media?parent=12440"}],"wp:term":[{"taxonomy":"product_brand","embeddable":true,"href":"https:\/\/original-militaria.com\/en\/wp-json\/wp\/v2\/product_brand?post=12440"},{"taxonomy":"product_cat","embeddable":true,"href":"https:\/\/original-militaria.com\/en\/wp-json\/wp\/v2\/product_cat?post=12440"},{"taxonomy":"product_tag","embeddable":true,"href":"https:\/\/original-militaria.com\/en\/wp-json\/wp\/v2\/product_tag?post=12440"}],"curies":[{"name":"wp","href":"https:\/\/api.w.org\/{rel}","templated":true}]}}