{"id":12428,"date":"2017-09-05T12:03:37","date_gmt":"2017-09-05T12:03:37","guid":{"rendered":"https:\/\/original-militaria.com\/?post_type=product&#038;p=12428"},"modified":"2022-01-31T19:08:22","modified_gmt":"2022-01-31T18:08:22","slug":"medalla-por-sufrimientos-por-la-patria-2","status":"publish","type":"product","link":"https:\/\/original-militaria.com\/en\/producto\/medalla-por-sufrimientos-por-la-patria-2\/","title":{"rendered":"Fran Era\/Medal for Sufferings for the Homeland&#8212;Medalla por Sufrimientos por la Patria"},"content":{"rendered":"<p style=\"text-align: justify\"><strong><span style=\"font-size: medium\"><span style=\"font-family: Verdana\">ANTECEDENTES: <\/span><\/span><\/strong><span style=\"font-size: medium\"><span style=\"font-family: Verdana\">Medalla de Sufrimientos por la Patria por Real Decreto de 5 de marzo de 1937. Se conceder\u00e1 a los heridos en campa\u00f1a o en actos con ella relacionados, o en los que se consideren como tales, teniendo en cuenta las mayores penalidades y sufrimientos padecidos hasta la curaci\u00f3n, ser\u00e1 otorgara\u00a0por una sola vez y a la cinta de la Medalla se acumular\u00e1n tantos pasadores de oro como distinciones se obtengan con posterioridad, inscribi\u00e9ndose en ellos el lugar y la fecha de la acci\u00f3n. Tambi\u00e9n tendr\u00e1n derecho a la Medalla de Sufrimientos por la Patria las madres que hubieran perdido uno o m\u00e1s hijos en actos de guerra.<br \/>\n<\/span><\/span><\/p>\n<p style=\"text-align: justify\"><strong><span style=\"font-size: medium\"><span style=\"font-family: Verdana\">DESCRIPCION:<\/span><\/span><\/strong><span style=\"font-size: medium\"><span style=\"font-family: Verdana\"> Medalla por Sufrimientos por la Patria (1937-1975) para Herido o lesionado en tiempo de paz\u00a0al llevar cinta verde, esmaltada al fuego, con dos pasadores de 1946 y 1954. <\/span><\/span><\/p>\n","protected":false},"excerpt":{"rendered":"<p style=\"text-align: justify\"><strong><span style=\"font-size: medium\"><span style=\"font-family: Verdana\">ANTECEDENTES: <\/span><\/span><\/strong><span style=\"font-size: medium\"><span style=\"font-family: Verdana\">Medalla de Sufrimientos por la Patria por Real Decreto de 5 de marzo de 1937. Se conceder\u00e1 a los heridos en campa\u00f1a o en actos con ella relacionados, o en los que se consideren como tales, teniendo en cuenta las mayores penalidades y sufrimientos padecidos hasta la curaci\u00f3n, ser\u00e1 otorgara\u00a0por una sola vez y a la cinta de la Medalla se acumular\u00e1n tantos pasadores de oro como distinciones se obtengan con posterioridad, inscribi\u00e9ndose en ellos el lugar y la fecha de la acci\u00f3n. Tambi\u00e9n tendr\u00e1n derecho a la Medalla de Sufrimientos por la Patria las madres que hubieran perdido uno o m\u00e1s hijos en actos de guerra.<br \/>\n<\/span><\/span><\/p>\n<p style=\"text-align: justify\"><strong><span style=\"font-size: medium\"><span style=\"font-family: Verdana\">DESCRIPCION:<\/span><\/span><\/strong><span style=\"font-size: medium\"><span style=\"font-family: Verdana\"> Medalla por Sufrimientos por la Patria (1937-1975) para Herido o lesionado en tiempo de paz\u00a0al llevar cinta verde, esmaltada al fuego, con dos pasadores de 1946 y 1954. <\/span><\/span><\/p>\n","protected":false},"featured_media":12429,"template":"","meta":[],"product_brand":[],"product_cat":[195,224],"product_tag":[],"class_list":{"0":"post-12428","1":"product","2":"type-product","3":"status-publish","4":"has-post-thumbnail","6":"product_cat-epoca-de-franco","7":"product_cat-archivo-vendidos","8":"sales-flash-overlay","9":"woocommerce-text-align-center","10":"woocommerce-image-align-center","11":"do-quantity-buttons","13":"first","14":"instock","15":"product-type-simple"},"_links":{"self":[{"href":"https:\/\/original-militaria.com\/en\/wp-json\/wp\/v2\/product\/12428","targetHints":{"allow":["GET"]}}],"collection":[{"href":"https:\/\/original-militaria.com\/en\/wp-json\/wp\/v2\/product"}],"about":[{"href":"https:\/\/original-militaria.com\/en\/wp-json\/wp\/v2\/types\/product"}],"wp:featuredmedia":[{"embeddable":true,"href":"https:\/\/original-militaria.com\/en\/wp-json\/wp\/v2\/media\/12429"}],"wp:attachment":[{"href":"https:\/\/original-militaria.com\/en\/wp-json\/wp\/v2\/media?parent=12428"}],"wp:term":[{"taxonomy":"product_brand","embeddable":true,"href":"https:\/\/original-militaria.com\/en\/wp-json\/wp\/v2\/product_brand?post=12428"},{"taxonomy":"product_cat","embeddable":true,"href":"https:\/\/original-militaria.com\/en\/wp-json\/wp\/v2\/product_cat?post=12428"},{"taxonomy":"product_tag","embeddable":true,"href":"https:\/\/original-militaria.com\/en\/wp-json\/wp\/v2\/product_tag?post=12428"}],"curies":[{"name":"wp","href":"https:\/\/api.w.org\/{rel}","templated":true}]}}