{"id":12389,"date":"2017-09-05T12:03:24","date_gmt":"2017-09-05T12:03:24","guid":{"rendered":"https:\/\/original-militaria.com\/?post_type=product&#038;p=12389"},"modified":"2022-01-31T19:08:22","modified_gmt":"2022-01-31T18:08:22","slug":"orden-guila-alemana-3-clase-con-espadas","status":"publish","type":"product","link":"https:\/\/original-militaria.com\/en\/producto\/orden-guila-alemana-3-clase-con-espadas\/","title":{"rendered":"German Order Eagle 3rd Class with Swords&#8212;-Orden \u00c1guila Alemana 3\u00aa Clase con Espadas"},"content":{"rendered":"<p style=\"text-align: justify\"><strong><span style=\"font-size: medium\"><span style=\"font-family: Verdana\">ANTECEDENTES: <\/span><\/span><\/strong><span style=\"font-size: medium\"><span style=\"font-family: Verdana\">La Orden del \u00c1guila Alemana (Verdinenstorden vom Deutschen Adler) se instituy\u00f3 el 1\u00ba de mayo de 1937 por Adof Hitler. Fue galardonado con espadas al personal militar, y sin espadas a los civiles. La Cruz se basa en la Cruz de Malta, con \u00e1guilas en cada esquina con una Cruz Gamada. Realmente era una imitaci\u00f3n de la Orden del \u00c1guila Negra Prusiana y de la Orden del \u00c1guila Roja. Se conced\u00eda a no alemanes que fueran considerados meritorios. Solo dos excepciones fueron hechas. Hab\u00eda diferentes clases de esta condecoraci\u00f3n que se divid\u00eda entre las pertenecientes desde 1937 a 1943 y las pertenecientes a partir de diciembre de 1943, en donde ya aparece la Orden del \u00c1guila de 5\u00aa Clase (Deutscher Adlerorden, F\u00fcnfte Stufe).<\/span><\/span><\/p>\n<p style=\"text-align: justify\"><strong><span style=\"font-size: medium\"><span style=\"font-family: Verdana\">DESCRIPCION:<\/span><\/span><\/strong><span style=\"font-size: medium\"><span style=\"font-family: Verdana\"> Estuche con la Orden del \u00c1guila Alemana de 3\u00aa clase (Verdienstorden vom deutschen Adler, Dritter Stufe mit Schwertern, im Etui) M1939 con espadas en\u00a0buen estado. Fabricada en plata y oro con la Cruz de Malta con esmaltes al fuego en blanco tiene cuatro \u00e1guilas, una en cada esquina sujetando entre sus garras cada una la Cruz Gamada, en el centro de la Cruz de Malta de 45 mm, dos espadas cruzadas, tiene cinta roja con bordes blanco-negro-blanco sobre ambos bordes. En la argolla que une el peque\u00f1o abanico que une la cruz a la anilla, tiene marcada una <strong>&#8220;L&#8221;.<\/strong> El estuche en cuero de color rojo tiene un \u00e1guila en relieve en dorado y esta en\u00a0muy buen estado. Est\u00e1 Orden seg\u00fan reglamento de 20\/IV\/1939 es de 3\u00aa clase. Fabricada por M\u00fcnze de Berl\u00edn o M\u00fcnzamt de Viena.<\/span><\/span><\/p>\n","protected":false},"excerpt":{"rendered":"<p style=\"text-align: justify\"><strong><span style=\"font-size: medium\"><span style=\"font-family: Verdana\">ANTECEDENTES: <\/span><\/span><\/strong><span style=\"font-size: medium\"><span style=\"font-family: Verdana\">La Orden del \u00c1guila Alemana (Verdinenstorden vom Deutschen Adler) se instituy\u00f3 el 1\u00ba de mayo de 1937 por Adof Hitler. Fue galardonado con espadas al personal militar, y sin espadas a los civiles. La Cruz se basa en la Cruz de Malta, con \u00e1guilas en cada esquina con una Cruz Gamada. Realmente era una imitaci\u00f3n de la Orden del \u00c1guila Negra Prusiana y de la Orden del \u00c1guila Roja. Se conced\u00eda a no alemanes que fueran considerados meritorios. Solo dos excepciones fueron hechas. Hab\u00eda diferentes clases de esta condecoraci\u00f3n que se divid\u00eda entre las pertenecientes desde 1937 a 1943 y las pertenecientes a partir de diciembre de 1943, en donde ya aparece la Orden del \u00c1guila de 5\u00aa Clase (Deutscher Adlerorden, F\u00fcnfte Stufe).<\/span><\/span><\/p>\n<p style=\"text-align: justify\"><strong><span style=\"font-size: medium\"><span style=\"font-family: Verdana\">DESCRIPCION:<\/span><\/span><\/strong><span style=\"font-size: medium\"><span style=\"font-family: Verdana\"> Estuche con la Orden del \u00c1guila Alemana de 3\u00aa clase (Verdienstorden vom deutschen Adler, Dritter Stufe mit Schwertern, im Etui) M1939 con espadas en\u00a0buen estado. Fabricada en plata y oro con la Cruz de Malta con esmaltes al fuego en blanco tiene cuatro \u00e1guilas, una en cada esquina sujetando entre sus garras cada una la Cruz Gamada, en el centro de la Cruz de Malta de 45 mm, dos espadas cruzadas, tiene cinta roja con bordes blanco-negro-blanco sobre ambos bordes. En la argolla que une el peque\u00f1o abanico que une la cruz a la anilla, tiene marcada una <span style=\"color: #ff0000\">&#8220;L&#8221;<\/span>. El estuche en cuero de color rojo tiene un \u00e1guila en relieve en dorado y esta en\u00a0muy buen estado. Est\u00e1 Orden seg\u00fan reglamento de 20\/IV\/1939 es de 3\u00aa clase. Fabricada por M\u00fcnze de Berl\u00edn o M\u00fcnzamt de Viena.<\/span><\/span><\/p>\n","protected":false},"featured_media":12390,"template":"","meta":[],"product_brand":[],"product_cat":[224],"product_tag":[],"class_list":{"0":"post-12389","1":"product","2":"type-product","3":"status-publish","4":"has-post-thumbnail","6":"product_cat-archivo-vendidos","7":"sales-flash-overlay","8":"woocommerce-text-align-center","9":"woocommerce-image-align-center","10":"do-quantity-buttons","12":"first","13":"outofstock","14":"purchasable","15":"product-type-simple"},"_links":{"self":[{"href":"https:\/\/original-militaria.com\/en\/wp-json\/wp\/v2\/product\/12389","targetHints":{"allow":["GET"]}}],"collection":[{"href":"https:\/\/original-militaria.com\/en\/wp-json\/wp\/v2\/product"}],"about":[{"href":"https:\/\/original-militaria.com\/en\/wp-json\/wp\/v2\/types\/product"}],"wp:featuredmedia":[{"embeddable":true,"href":"https:\/\/original-militaria.com\/en\/wp-json\/wp\/v2\/media\/12390"}],"wp:attachment":[{"href":"https:\/\/original-militaria.com\/en\/wp-json\/wp\/v2\/media?parent=12389"}],"wp:term":[{"taxonomy":"product_brand","embeddable":true,"href":"https:\/\/original-militaria.com\/en\/wp-json\/wp\/v2\/product_brand?post=12389"},{"taxonomy":"product_cat","embeddable":true,"href":"https:\/\/original-militaria.com\/en\/wp-json\/wp\/v2\/product_cat?post=12389"},{"taxonomy":"product_tag","embeddable":true,"href":"https:\/\/original-militaria.com\/en\/wp-json\/wp\/v2\/product_tag?post=12389"}],"curies":[{"name":"wp","href":"https:\/\/api.w.org\/{rel}","templated":true}]}}