{"id":12332,"date":"2017-09-05T12:03:06","date_gmt":"2017-09-05T12:03:06","guid":{"rendered":"https:\/\/original-militaria.com\/?post_type=product&#038;p=12332"},"modified":"2022-01-31T19:08:22","modified_gmt":"2022-01-31T18:08:22","slug":"reloj-militar-cyma-de-1930","status":"publish","type":"product","link":"https:\/\/original-militaria.com\/en\/producto\/reloj-militar-cyma-de-1930\/","title":{"rendered":"WH\/ Military watch \u00abCYMA\u00bb from 1930&#8212;WH\/ Reloj Militar &#8220;CYMA&#8221; de 1930"},"content":{"rendered":"<p style=\"text-align: justify\"><span style=\"font-size: 12pt;font-family: verdana, geneva, sans-serif\"><strong>ANTECEDENTES:<\/strong> La WW2 supuso un importante empuje en el uso y fabricaci\u00f3n de relojes militares, La WH en sus distintas ramas, dispon\u00eda de relojes de bolsillo y pulsera para equipar a Oficiales, suboficiales y tropa, seg\u00fan las necesidades del servicio. La r\u00e1pida expansi\u00f3n del conflicto gener\u00f3 una gran demanda por parte del OKH (Oberkommando des Heeres). Pero las empresas alemanas tales como Hanhart o Junghans no pudieron con tal demanda. \u00c9stos relojes eran manufacturados seg\u00fan especificaciones dadas por muchos productores y minoristas alemanes y suizos (Buren, Doxa, Grana, Zenith, Alpina, Dogma, Revue, Helios, Junglans, Minerva, Cyma, Silvana, Minerva, Helbros etc). Fueron fabricados para el uso de soldados y oficiales alemanes desde 1930 a 1940. Las especificaciones de la OKH eran claras para todos los relojes. Pero tambi\u00e9n hubo muchos de adquisici\u00f3n privada o eran art\u00edculo de regalo, de mayor calidad, a los que se les hac\u00edan diversos grabados, seg\u00fan para quien fuera y a que cuerpo perteneciera el receptor del mismo, los cuales se pod\u00edan comprar tambi\u00e9n por particulares en las tiendas del ej\u00e9rcito. <\/span><\/p>\n<p style=\"text-align: justify\"><span style=\"font-size: 12pt;font-family: verdana, geneva, sans-serif\"><strong>DESCRIPCION:<\/strong> Reloj militar\u00a0con caja y maquinaria original de 1930 de la relojera &#8220;TAVANNES CYMA Co&#8221; de Suiza de compra privada.\u00a0\u00a0Este reloj\u00a0viene con\u00a0esfera y caja de metal negra y con un mecanismo de alto grado con regulador microm\u00e9trico.\u00a0La esfera se encuentra en excelentes condiciones,\u00a0presenta en el borde exterior 60 minutos en n\u00fameros ar\u00e1bigos y las manecillas de acero con relleno luminoso. Cuenta con tapa para reservar el mecanismo. Se le ha puesto una nueva correa de cuero 22 mm estilo cocodrilo con costura en blanco y con hebilla de acero cromado. Funciona perfectamente.<\/span><\/p>\n<p style=\"text-align: justify\"><span style=\"font-size: 12pt;font-family: verdana, geneva, sans-serif\">Di\u00e1metro (con corona): 56,00 mm<br \/>\nDi\u00e1metro (sin corona) : 50,00 mm<br \/>\nDi\u00e1metro del cristal:\u00a0\u00a0\u00a0\u00a0 \u00a042,00 mm<br \/>\nGrosor: \u00a0 \u00a0 \u00a0 \u00a0 \u00a0 \u00a0 \u00a0 \u00a0 \u00a0 \u00a0 \u00a0 \u00a014,00 mm<\/span><\/p>\n<p>&nbsp;<\/p>\n","protected":false},"excerpt":{"rendered":"<p style=\"text-align: justify\"><strong><span style=\"font-size: medium\"><span style=\"font-family: Verdana\">ANTECEDENTES:<\/span><\/span><\/strong><span style=\"font-size: medium\"><span style=\"font-family: Verdana\"> La WW2 supuso un importante empuje en el uso y fabricaci\u00f3n de relojes militares, La WH en sus distintas ramas, dispon\u00eda de relojes de bolsillo y pulsera para equipar a Oficiales, suboficiales y tropa, seg\u00fan las necesidades del servicio. La r\u00e1pida expansi\u00f3n del conflicto gener\u00f3 una gran demanda por parte del OKH (Oberkommando des Heeres). Pero las empresas alemanas tales como Hanhart o Junghans no pudieron con tal demanda. \u00c9stos relojes eran manufacturados seg\u00fan especificaciones dadas por muchos productores y minoristas alemanes y suizos (Buren, Doxa, Grana, Zenith, Alpina, Dogma, Revue, Helios, Junglans, Minerva, Cyma, Silvana, Minerva, Helbros etc). Fueron fabricados para el uso de soldados y oficiales alemanes desde 1930 a 1940. Las especificaciones de la OKH eran claras para todos los relojes. Pero tambi\u00e9n hubo muchos de adquisici\u00f3n privada o eran art\u00edculo de regalo, de mayor calidad, a los que se les hac\u00edan diversos grabados, seg\u00fan para quien fuera y a que cuerpo perteneciera el receptor del mismo, los cuales se pod\u00edan comprar tambi\u00e9n por particulares en las tiendas del ej\u00e9rcito. <\/span><\/span><\/p>\n<p style=\"text-align: justify\"><strong><span style=\"font-size: medium\"><span style=\"font-family: Verdana\">DESCRIPCION:<\/span><\/span><\/strong><span style=\"font-size: medium\"><span style=\"font-family: Verdana\"> Reloj militar\u00a0<span style=\"font-size: medium\"><span style=\"font-family: Verdana\">con caja y m\u00e1quinaria original de 1930 de la relojera <span style=\"color: #ff0000\">&#8220;TAVANNES CYMA Co&#8221; <\/span>de Suiza de compra privada.\u00a0<\/span><\/span>\u00a0<\/span><\/span><span style=\"font-size: medium\"><span style=\"font-family: Verdana\">Este reloj\u00a0viene con\u00a0esfera y caja de metal negra y con un mecanismo de alto grado con regulador microm\u00e9trico.\u00a0<span style=\"font-size: medium\"><span style=\"font-family: Verdana\">La esfera se encuentra en excelentes condiciones,\u00a0<\/span><\/span>presenta\u00a0en el\u00a0borde exterior 60 minutos en numeros ar\u00e1bigos y las manecillas de acero con relleno luminoso.<\/span><\/span><span style=\"font-size: medium\"><span style=\"font-family: Verdana\"> Cuenta con tapa para reservar el mecanismo. <\/span><\/span><span style=\"font-size: medium\"><span style=\"font-family: Verdana\">Se le ha puesto una nueva correa de cuero 22 mm estilo cocodrilo con costura en blanco y con hebilla de acero cromado. Funciona perfectamente.<\/span><\/span><\/p>\n<p style=\"text-align: justify\"><span style=\"font-size: medium\"><span style=\"font-family: Verdana\">Di\u00e1metro (con corona): 56,00 mm<br \/>\nDi\u00e1metro (sin corona) : 50,00 mm<br \/>\nDi\u00e1metro del cristal:\u00a0\u00a0\u00a0\u00a0 \u00a042,00 mm<br \/>\nGrosor: \u00a0 \u00a0 \u00a0 \u00a0 \u00a0 \u00a0 \u00a0 \u00a0 \u00a0 \u00a0 \u00a0 \u00a014,00 mm<\/span><\/span><\/p>\n<p>&nbsp;<\/p>\n","protected":false},"featured_media":12333,"template":"","meta":[],"product_brand":[],"product_cat":[224],"product_tag":[],"class_list":{"0":"post-12332","1":"product","2":"type-product","3":"status-publish","4":"has-post-thumbnail","6":"product_cat-archivo-vendidos","7":"sales-flash-overlay","8":"woocommerce-text-align-center","9":"woocommerce-image-align-center","10":"do-quantity-buttons","12":"first","13":"outofstock","14":"purchasable","15":"product-type-simple"},"_links":{"self":[{"href":"https:\/\/original-militaria.com\/en\/wp-json\/wp\/v2\/product\/12332","targetHints":{"allow":["GET"]}}],"collection":[{"href":"https:\/\/original-militaria.com\/en\/wp-json\/wp\/v2\/product"}],"about":[{"href":"https:\/\/original-militaria.com\/en\/wp-json\/wp\/v2\/types\/product"}],"wp:featuredmedia":[{"embeddable":true,"href":"https:\/\/original-militaria.com\/en\/wp-json\/wp\/v2\/media\/12333"}],"wp:attachment":[{"href":"https:\/\/original-militaria.com\/en\/wp-json\/wp\/v2\/media?parent=12332"}],"wp:term":[{"taxonomy":"product_brand","embeddable":true,"href":"https:\/\/original-militaria.com\/en\/wp-json\/wp\/v2\/product_brand?post=12332"},{"taxonomy":"product_cat","embeddable":true,"href":"https:\/\/original-militaria.com\/en\/wp-json\/wp\/v2\/product_cat?post=12332"},{"taxonomy":"product_tag","embeddable":true,"href":"https:\/\/original-militaria.com\/en\/wp-json\/wp\/v2\/product_tag?post=12332"}],"curies":[{"name":"wp","href":"https:\/\/api.w.org\/{rel}","templated":true}]}}