{"id":12323,"date":"2017-09-05T12:03:03","date_gmt":"2017-09-05T12:03:03","guid":{"rendered":"https:\/\/original-militaria.com\/?post_type=product&#038;p=12323"},"modified":"2025-11-01T00:50:28","modified_gmt":"2025-10-31T23:50:28","slug":"casco-trubia-m26-de-juguete-de-guerra-civil-espanola","status":"publish","type":"product","link":"https:\/\/original-militaria.com\/en\/producto\/casco-trubia-m26-de-juguete-de-guerra-civil-espanola\/","title":{"rendered":"Casco Trubia M26 de Juguete de guerra Civil Espa\u00f1ola"},"content":{"rendered":"<p style=\"text-align: justify;\"><span style=\"font-size: medium;\"><span style=\"font-family: Verdana;\">Casco Trubia M26 de Juguete, fabricado en papel mach\u00e9 o cart\u00f3n prensado durante la Guerra Civil Espa\u00f1ola, se conserva en perfecto estado. Un juguete con historia, raro de encontrar para los amantes de estos antiguos juguetes b\u00e9licos con los que se jug\u00f3 durante la contienda. Conserva lo que era su barbuquejo.\u00a0Muy pocas veces visto, raro.<\/span><\/span><\/p>\n","protected":false},"excerpt":{"rendered":"<p style=\"text-align: justify;\"><strong><span style=\"font-size: medium;\"><span style=\"font-family: Verdana;\">DESCRIPCION:<\/span><\/span><\/strong><span style=\"font-size: medium;\"><span style=\"font-family: Verdana;\"> Casco Trubia M26 de Juguete, fabricado en papel mach\u00e9 o cart\u00f3n prensado durante la Guerra Civil Espa\u00f1ola, se conserva en perfecto estado. Un juguete con historia, raro de encontrar para los amantes de estos antiguos juguetes b\u00e9licos con los que se jug\u00f3 durante la contienda. Conserva lo que era su barbuquejo.\u00a0Muy pocas veces visto, raro.<\/span><\/span><\/p>\n","protected":false},"featured_media":12324,"template":"","meta":[],"product_brand":[],"product_cat":[224],"product_tag":[],"class_list":{"0":"post-12323","1":"product","2":"type-product","3":"status-publish","4":"has-post-thumbnail","6":"product_cat-archivo-vendidos","7":"sales-flash-overlay","8":"woocommerce-text-align-center","9":"woocommerce-image-align-center","10":"do-quantity-buttons","12":"first","13":"outofstock","14":"product-type-simple"},"_links":{"self":[{"href":"https:\/\/original-militaria.com\/en\/wp-json\/wp\/v2\/product\/12323","targetHints":{"allow":["GET"]}}],"collection":[{"href":"https:\/\/original-militaria.com\/en\/wp-json\/wp\/v2\/product"}],"about":[{"href":"https:\/\/original-militaria.com\/en\/wp-json\/wp\/v2\/types\/product"}],"wp:featuredmedia":[{"embeddable":true,"href":"https:\/\/original-militaria.com\/en\/wp-json\/wp\/v2\/media\/12324"}],"wp:attachment":[{"href":"https:\/\/original-militaria.com\/en\/wp-json\/wp\/v2\/media?parent=12323"}],"wp:term":[{"taxonomy":"product_brand","embeddable":true,"href":"https:\/\/original-militaria.com\/en\/wp-json\/wp\/v2\/product_brand?post=12323"},{"taxonomy":"product_cat","embeddable":true,"href":"https:\/\/original-militaria.com\/en\/wp-json\/wp\/v2\/product_cat?post=12323"},{"taxonomy":"product_tag","embeddable":true,"href":"https:\/\/original-militaria.com\/en\/wp-json\/wp\/v2\/product_tag?post=12323"}],"curies":[{"name":"wp","href":"https:\/\/api.w.org\/{rel}","templated":true}]}}