{"id":12240,"date":"2017-09-05T12:02:35","date_gmt":"2017-09-05T12:02:35","guid":{"rendered":"https:\/\/original-militaria.com\/?post_type=product&#038;p=12240"},"modified":"2023-10-22T18:54:28","modified_gmt":"2023-10-22T16:54:28","slug":"waffen-ss-casco-de-combate-m35-et66","status":"publish","type":"product","link":"https:\/\/original-militaria.com\/en\/producto\/waffen-ss-casco-de-combate-m35-et66\/","title":{"rendered":"Waffen SS\/ M40 Single Decal Combat Helmet &#8220;ET66&#8221;&#8212; SS\/ Casco de Combate de una Calca M40, ET66"},"content":{"rendered":"<p style=\"text-align: justify;\"><span style=\"font-size: 12pt;\"><span style=\"font-family: Verdana;\">Casco de combate M40 de las Waffen SS con un emblema r\u00fanico del segundo patr\u00f3n introducido en 1937 casi intacto (Waffen-SS Stahlhelm M40 mit 1 Emblem), con pintura de textura \u00e1spera de color gris-verdoso. En el interior de la olla, bajo la falda posterior se puede leer el n\u00famero de serie del casco &#8220;1370&#8221; y marcaje alfanum\u00e9rico &#8220;ET66&#8221;, manufactura de &#8220;Eisen-und Huttenwerke, AG Thale\/Harz&#8221; y tama\u00f1o &#8220;66&#8221; referente a la talla &#8220;58\/59&#8221;. En el interior de la guarnici\u00f3n M31 se puede observar la talla &#8220;59&#8221;, con barboquejo, y en el exterior el nombre del propietario en tinta y labrado en el cuero. Un buen ejemplo de casco SS y en una excepcional talla 59.<\/span><\/span><\/p>\n<p style=\"text-align: justify;\"><span style=\"font-size: 12pt;\"><strong><span style=\"font-family: Verdana;\">Nota.-<\/span><\/strong><span style=\"font-family: Verdana;\"> Hemos adquirido una peque\u00f1a colecci\u00f3n de prendas de cabeza y cascos alemanes de WW2 provenientes de una de las mejores colecciones de Europa con m\u00e1s de 400 piezas de todo tipo, su propietario fue coautor de libros especializados, y muchos de sus cascos y gorras, que ya no se encuentran actualmente en el mercado, sirvieron para ilustrarlos.\u00a0<\/span><\/span><\/p>\n","protected":false},"excerpt":{"rendered":"<p style=\"text-align: justify;\"><strong><span style=\"font-size: medium;\"><span style=\"font-family: Verdana;\">ANTECEDENTES:<\/span><\/span><\/strong><span style=\"font-size: medium;\"><span style=\"font-family: Verdana;\"> En el tercer Reich se desarrollo un casco m\u00e1s peque\u00f1o y m\u00e1s ligero en junio de 1935. En un esfuerzo por ahorrar tiempo en la construcci\u00f3n y costes de trabajo en Marzo de 1940 fueron introducidas modificaciones de menor importancia dando por resultado el casco M40. Nuevas modificaciones en la construcci\u00f3n fueron emprendidas en agosto de 1942 dando por resultado el casco M42. El 28 de agosto de 1943 suprimieron la etiqueta del \u00e1guila de Wehrmacht y dictaron que deb\u00eda tambi\u00e9n ser quitada de todos los cascos aunque no fueron adheridos totalmente. <\/span><\/span><\/p>\n<p style=\"text-align: justify;\"><strong><span style=\"font-size: medium;\"><span style=\"font-family: Verdana;\">DESCRIPCI\u00d3N:<\/span><\/span><\/strong><span style=\"font-size: medium;\"><span style=\"font-family: Verdana;\"> Casco de combate M35 de las Waffen SS con un emblema r\u00fanico del segundo patr\u00f3n introducido en 1937 casi intacto (Waffen-SS Stahlhelm M35 mit 1 Emblem),\u00a0con pintura de textura \u00e1spera de color gris-verdoso.\u00a0En el interior de la olla, bajo la falda posterior\u00a0se puede leer el n\u00famero de serie del casco <span style=\"color: #ff0000;\">&#8220;1370&#8221;<\/span> y marcaje alfanum\u00e9rico <span style=\"color: #ff0000;\">&#8220;ET66&#8221;<\/span>, manufactura de <span style=\"color: #ff0000;\">&#8220;Eisen-und Huttenwerke, AG Thale\/Harz&#8221;<\/span> y tama\u00f1o <span style=\"color: #ff0000;\">&#8220;66&#8221;<\/span> referente a la talla <span style=\"color: #ff0000;\">&#8220;58\/59&#8221;<\/span>. En el interior de la guarnici\u00f3n M31 se puede observar la talla <span style=\"color: #ff0000;\">&#8220;59&#8221;<\/span>, con barbuquejo, y en el exterior el nombre del propietario en tinta y labrado en el cuero. Un buen ejemplo de casco SS y en una excepcional talla 59.<\/span><\/span><\/p>\n<p style=\"text-align: justify;\"><strong><span style=\"font-size: medium;\"><span style=\"font-family: Verdana;\">Nota.-<\/span><\/span><\/strong><span style=\"font-size: medium;\"><span style=\"font-family: Verdana;\"> Hemos adquirido una peque\u00f1a\u00a0colecci\u00f3n\u00a0de prendas de cabeza y cascos alemanes de WW2 provenientes\u00a0de una de las mejores colecciones de Europa con m\u00e1s de\u00a0400 piezas de todo tipo,\u00a0su propietario fu\u00e9\u00a0coautor\u00a0de\u00a0libros\u00a0especializados, y muchos de sus cascos y gorras,\u00a0que ya no se encuentran actualmente en el mercado, sirvier\u00f3n para ilustrarlos.\u00a0<\/span><\/span><\/p>\n","protected":false},"featured_media":12241,"template":"","meta":[],"product_brand":[],"product_cat":[224],"product_tag":[],"class_list":{"0":"post-12240","1":"product","2":"type-product","3":"status-publish","4":"has-post-thumbnail","6":"product_cat-archivo-vendidos","7":"sales-flash-overlay","8":"woocommerce-text-align-center","9":"woocommerce-image-align-center","10":"do-quantity-buttons","12":"first","13":"outofstock","14":"product-type-simple"},"_links":{"self":[{"href":"https:\/\/original-militaria.com\/en\/wp-json\/wp\/v2\/product\/12240","targetHints":{"allow":["GET"]}}],"collection":[{"href":"https:\/\/original-militaria.com\/en\/wp-json\/wp\/v2\/product"}],"about":[{"href":"https:\/\/original-militaria.com\/en\/wp-json\/wp\/v2\/types\/product"}],"wp:featuredmedia":[{"embeddable":true,"href":"https:\/\/original-militaria.com\/en\/wp-json\/wp\/v2\/media\/12241"}],"wp:attachment":[{"href":"https:\/\/original-militaria.com\/en\/wp-json\/wp\/v2\/media?parent=12240"}],"wp:term":[{"taxonomy":"product_brand","embeddable":true,"href":"https:\/\/original-militaria.com\/en\/wp-json\/wp\/v2\/product_brand?post=12240"},{"taxonomy":"product_cat","embeddable":true,"href":"https:\/\/original-militaria.com\/en\/wp-json\/wp\/v2\/product_cat?post=12240"},{"taxonomy":"product_tag","embeddable":true,"href":"https:\/\/original-militaria.com\/en\/wp-json\/wp\/v2\/product_tag?post=12240"}],"curies":[{"name":"wp","href":"https:\/\/api.w.org\/{rel}","templated":true}]}}