{"id":12179,"date":"2017-09-05T12:02:15","date_gmt":"2017-09-05T12:02:15","guid":{"rendered":"https:\/\/original-militaria.com\/?post_type=product&#038;p=12179"},"modified":"2022-01-31T19:08:20","modified_gmt":"2022-01-31T18:08:20","slug":"medalla-vieja-guardia-con-ngulo-1-linea","status":"publish","type":"product","link":"https:\/\/original-militaria.com\/en\/producto\/medalla-vieja-guardia-con-ngulo-1-linea\/","title":{"rendered":"Spain, Civil War. An Old Guard Medal For Falange Members, First Line&#8212;Medalla Vieja Guardia con \u00c1ngulo 1\u00aa L\u00ednea"},"content":{"rendered":"<p style=\"text-align: justify\"><strong><span style=\"font-size: medium\"><span style=\"font-family: Verdana\">ANTECEDENTES: <\/span><\/span><\/strong><span style=\"font-size: medium\"><span style=\"font-family: Verdana\">Por Decreto del 10 de marzo de 1942 los afiliados que antes del Movimiento ostentaron jerarqu\u00eda en alguno de los partidos unificados, llevaban sobre la cinta de la Medalla, colocado a manera de pasador, el emblema de dicha jerarqu\u00eda. Los que pertenecieron a Primera L\u00ednea llevaron el \u00e1ngulo de plata, y los que ocuparon varios cargos llevan el s\u00edmbolo del m\u00e1s elevado. La Medalla grabada por una sola cara que servir\u00e1 de frente, dejando la otra para ser grabada sobre ella el nombre y los apellidos del concesionario, el n\u00famero del carnet que acredite su calidad de Vieja Guardia y el a\u00f1o de filiaci\u00f3n al Partido. Por orden de 18 de julio de 1942, se establece que podr\u00eda ser concedida a los familiares de los militantes ca\u00eddos en actos del servicio o como consecuencia de \u00e9l, y que con anterioridad al 16 de febrero de 1936 pertenec\u00edan a alguno de los dos Partidos unificados de FET, y de las JONS. El orden de preferencia era el siguiente: la viuda; en su defecto, el hijo; en defecto de ambos, la madre, y a falta de todos los anteriores, el padre. En este caso, pender\u00eda de cinta negra. <\/span><\/span><strong><span style=\"font-size: medium\"><span style=\"font-family: Verdana\"><br \/>\n<\/span><\/span><\/strong><\/p>\n<p style=\"text-align: justify\"><strong><span style=\"font-size: medium\"><span style=\"font-family: Verdana\">DESCRIPCION: <\/span><\/span><\/strong><span style=\"font-size: medium\"><span style=\"font-family: Verdana\">Medalla de la Vieja Guardia con Cinta de Falange y Pasador con \u00c1ngulo de 1\u00aa L\u00ednea. Distinci\u00f3n a los afiliados a Falange con anterioridad al 16 de diciembre de 1936. De forma circular (38 mm), dorada, en el anverso esmaltado en negro once estrellas de cuatro puntas en oro, orlado por ramos de laurel verdes. En el reverso nombre del condecorado, n\u00famero de afiliado y a\u00f1o de filiaci\u00f3n. Est\u00e1 en perfecto estado, como de estreno.<\/span><\/span><\/p>\n<p>&nbsp;<\/p>\n","protected":false},"excerpt":{"rendered":"<p style=\"text-align: justify\"><strong><span style=\"font-size: medium\"><span style=\"font-family: Verdana\">ANTECEDENTES: <\/span><\/span><\/strong><span style=\"font-size: medium\"><span style=\"font-family: Verdana\">Por Decreto del 10 de marzo de 1942 los afiliados que antes del Movimiento ostentaron jerarqu\u00eda en alguno de los partidos unificados, llevaban sobre la cinta de la Medalla, colocado a manera de pasador, el emblema de dicha jerarqu\u00eda. Los que pertenecieron a Primera L\u00ednea llevaron el \u00e1ngulo de plata, y los que ocuparon varios cargos llevan el s\u00edmbolo del m\u00e1s elevado. La Medalla grabada por una sola cara que servir\u00e1 de frente, dejando la otra para ser grabada sobre ella el nombre y los apellidos del concesionario, el n\u00famero del carnet que acredite su calidad de Vieja Guardia y el a\u00f1o de filiaci\u00f3n al Partido. Por orden de 18 de julio de 1942, se establece que podr\u00eda ser concedida a los familiares de los militantes ca\u00eddos en actos del servicio o como consecuencia de \u00e9l, y que con anterioridad al 16 de febrero de 1936 pertenec\u00edan a alguno de los dos Partidos unificados de FET, y de las JONS. El orden de preferencia era el siguiente: la viuda; en su defecto, el hijo; en defecto de ambos, la madre, y a falta de todos los anteriores, el padre. En este caso, pender\u00eda de cinta negra. <\/span><\/span><strong><span style=\"font-size: medium\"><span style=\"font-family: Verdana\"><br \/>\n<\/span><\/span><\/strong><\/p>\n<p style=\"text-align: justify\"><strong><span style=\"font-size: medium\"><span style=\"font-family: Verdana\">DESCRIPCION: <\/span><\/span><\/strong><span style=\"font-size: medium\"><span style=\"font-family: Verdana\">Medalla de la Vieja Guardia con Cinta de Falange y Pasador con \u00c1ngulo de 1\u00aa L\u00ednea. Distinci\u00f3n a los afiliados a Falange con anterioridad al 16 de diciembre de 1936. De forma circular (38 mm), dorada, en el anverso esmaltado en negro once estrellas de cuatro puntas en oro, orlado por ramos de laurel verdes. En el reverso nombre del condecorado, n\u00famero de afiliado y a\u00f1o de filiaci\u00f3n. Est\u00e1 en perfecto estado, como de estreno.<\/span><\/span><\/p>\n<p>&nbsp;<\/p>\n","protected":false},"featured_media":12180,"template":"","meta":[],"product_brand":[],"product_cat":[224],"product_tag":[],"class_list":{"0":"post-12179","1":"product","2":"type-product","3":"status-publish","4":"has-post-thumbnail","6":"product_cat-archivo-vendidos","7":"sales-flash-overlay","8":"woocommerce-text-align-center","9":"woocommerce-image-align-center","10":"do-quantity-buttons","12":"first","13":"outofstock","14":"purchasable","15":"product-type-simple"},"_links":{"self":[{"href":"https:\/\/original-militaria.com\/en\/wp-json\/wp\/v2\/product\/12179","targetHints":{"allow":["GET"]}}],"collection":[{"href":"https:\/\/original-militaria.com\/en\/wp-json\/wp\/v2\/product"}],"about":[{"href":"https:\/\/original-militaria.com\/en\/wp-json\/wp\/v2\/types\/product"}],"wp:featuredmedia":[{"embeddable":true,"href":"https:\/\/original-militaria.com\/en\/wp-json\/wp\/v2\/media\/12180"}],"wp:attachment":[{"href":"https:\/\/original-militaria.com\/en\/wp-json\/wp\/v2\/media?parent=12179"}],"wp:term":[{"taxonomy":"product_brand","embeddable":true,"href":"https:\/\/original-militaria.com\/en\/wp-json\/wp\/v2\/product_brand?post=12179"},{"taxonomy":"product_cat","embeddable":true,"href":"https:\/\/original-militaria.com\/en\/wp-json\/wp\/v2\/product_cat?post=12179"},{"taxonomy":"product_tag","embeddable":true,"href":"https:\/\/original-militaria.com\/en\/wp-json\/wp\/v2\/product_tag?post=12179"}],"curies":[{"name":"wp","href":"https:\/\/api.w.org\/{rel}","templated":true}]}}