{"id":12147,"date":"2017-09-05T12:02:07","date_gmt":"2017-09-05T12:02:07","guid":{"rendered":"https:\/\/original-militaria.com\/?post_type=product&#038;p=12147"},"modified":"2022-01-31T19:08:20","modified_gmt":"2022-01-31T18:08:20","slug":"cruz-al-merito-militar-distintivo-rojo","status":"publish","type":"product","link":"https:\/\/original-militaria.com\/en\/producto\/cruz-al-merito-militar-distintivo-rojo\/","title":{"rendered":"Spain\/ Cross of Military Merit, Distinctive Red&#8212;Cruz al M\u00e9rito Militar Distintivo Rojo"},"content":{"rendered":"<p style=\"text-align: justify\"><span style=\"font-size: medium\"><span style=\"font-family: Verdana\"><span style=\"font-size: medium\"><span style=\"font-family: Verdana\"><strong>ANTECEDENTES:<\/strong><\/span><\/span><span style=\"font-size: medium\"><span style=\"font-family: Verdana\"> La Cruz al M\u00e9rito Militar con distintivo rojo es una condecoraci\u00f3n espa\u00f1ola que se otorga a personas que, con valor, hayan realizado acciones, hechos o servicios eficaces en el transcurso de un conflicto armado o de operaciones militares que impliquen o puedan implicar el uso de fuerza armada, y que conlleven unas dotes militares o de mando significativas.<\/span><\/span><\/span><\/span><\/p>\n<p style=\"text-align: justify\"><strong><span style=\"font-size: medium\"><span style=\"font-family: Verdana\">DESCRIPCION:\u00a0<\/span><\/span><\/strong><span style=\"font-size: medium\"><span style=\"font-family: Verdana\">Orden al M\u00e9rito Militar Distintivo rojo. modelo a\u00f1os 40. Cruz bifacial con corona Imperial articulada. (1942-1975). Metal dorado y esmaltes al fuego. Centro circular con Escudo de Espa\u00f1a con castillos y leones, y granada azul en el centro. Perfecto estado.<\/span><\/span><\/p>\n","protected":false},"excerpt":{"rendered":"<p style=\"text-align: justify\"><span style=\"font-size: medium\"><span style=\"font-family: Verdana\"><span style=\"font-size: medium\"><span style=\"font-family: Verdana\"><strong>ANTECEDENTES:<\/strong><\/span><\/span><span style=\"font-size: medium\"><span style=\"font-family: Verdana\"> La Cruz al M\u00e9rito Militar con distintivo rojo es una condecoraci\u00f3n espa\u00f1ola que se otorga a personas que, con valor, hayan realizado acciones, hechos o servicios eficaces en el transcurso de un conflicto armado o de operaciones militares que impliquen o puedan implicar el uso de fuerza armada, y que conlleven unas dotes militares o de mando significativas.<\/span><\/span><\/span><\/span><\/p>\n<p style=\"text-align: justify\"><strong><span style=\"font-size: medium\"><span style=\"font-family: Verdana\">DESCRIPCION:\u00a0<\/span><\/span><\/strong><span style=\"font-size: medium\"><span style=\"font-family: Verdana\">Orden al M\u00e9rito Militar Distintivo rojo. modelo a\u00f1os 40. Cruz bifacial con corona Imperial articulada. (1942-1975). Metal dorado y esmaltes al fuego. Centro circular con Escudo de Espa\u00f1a con castillos y leones, y granada azul en el centro. Perfecto estado.<\/span><\/span><\/p>\n","protected":false},"featured_media":12148,"template":"","meta":[],"product_brand":[],"product_cat":[224],"product_tag":[],"class_list":{"0":"post-12147","1":"product","2":"type-product","3":"status-publish","4":"has-post-thumbnail","6":"product_cat-archivo-vendidos","7":"sales-flash-overlay","8":"woocommerce-text-align-center","9":"woocommerce-image-align-center","10":"do-quantity-buttons","12":"first","13":"outofstock","14":"purchasable","15":"product-type-simple"},"_links":{"self":[{"href":"https:\/\/original-militaria.com\/en\/wp-json\/wp\/v2\/product\/12147","targetHints":{"allow":["GET"]}}],"collection":[{"href":"https:\/\/original-militaria.com\/en\/wp-json\/wp\/v2\/product"}],"about":[{"href":"https:\/\/original-militaria.com\/en\/wp-json\/wp\/v2\/types\/product"}],"wp:featuredmedia":[{"embeddable":true,"href":"https:\/\/original-militaria.com\/en\/wp-json\/wp\/v2\/media\/12148"}],"wp:attachment":[{"href":"https:\/\/original-militaria.com\/en\/wp-json\/wp\/v2\/media?parent=12147"}],"wp:term":[{"taxonomy":"product_brand","embeddable":true,"href":"https:\/\/original-militaria.com\/en\/wp-json\/wp\/v2\/product_brand?post=12147"},{"taxonomy":"product_cat","embeddable":true,"href":"https:\/\/original-militaria.com\/en\/wp-json\/wp\/v2\/product_cat?post=12147"},{"taxonomy":"product_tag","embeddable":true,"href":"https:\/\/original-militaria.com\/en\/wp-json\/wp\/v2\/product_tag?post=12147"}],"curies":[{"name":"wp","href":"https:\/\/api.w.org\/{rel}","templated":true}]}}