{"id":12145,"date":"2017-09-05T12:02:06","date_gmt":"2017-09-05T12:02:06","guid":{"rendered":"https:\/\/original-militaria.com\/?post_type=product&#038;p=12145"},"modified":"2022-01-31T19:08:20","modified_gmt":"2022-01-31T18:08:20","slug":"gorra-de-plato-para-un-oficial-de-infanteria","status":"publish","type":"product","link":"https:\/\/original-militaria.com\/en\/producto\/gorra-de-plato-para-un-oficial-de-infanteria\/","title":{"rendered":"Wehrmacht\/Heer, Infantry Officer\u00b4s Visor Cap&#8212;WH\/Heer, Gorra de Plato para un Oficial de Infanter\u00eda"},"content":{"rendered":"<p style=\"text-align: justify\"><strong><span style=\"font-size: medium\"><span style=\"font-family: Verdana\">DESCRIPCION:<\/span><\/span><\/strong><span style=\"font-size: medium\"><span style=\"font-family: Verdana\"> Las gorras de plato eran un art\u00edculo est\u00e1ndar para todos los militares en Tercer Reich y las regulaciones dictaron como deb\u00edan ser usadas. Los oficiales y y suboficiales eran responsables de comprar sus propias gorras y consecuentemente ten\u00edan un sistema de compra (Kleiderkasse del ej\u00e9rcito). Los oficiales pod\u00edan elegir comprarlas, bien en los dep\u00f3sitos o comprarlas de confecci\u00f3n privada, estas eran de m\u00e1s alta calidad. Las insignias usadas en las gorras de plato consistieron originalmente en la guirnalda con hojas de roble del modelo de Weimar Reichswehr y la cucarda y el barboquejo. En febrero de 1927 las nuevas l\u00edneas para oficial fueron introducidas con barboquejos en hilo de plata para oficiales. El 14 de marzo de 1933 el negro del Reichswehr, el rojo y la cucarda oval, fueron sustituidas por una cucarda redonda con colores negro, blanco, y rojo (colores nacionales), y el 17 de febrero de 1934 el \u00e1guila nacional del tercer Reich para el ej\u00e9rcito fue introducida oficialmente para las gorras de plato. En marzo de 1935, una guirnalda m\u00e1s detallada, cucarda y una segunda \u00e1guila nacional m\u00e1s grande. A las diversas ramas de servicio dentro del ej\u00e9rcito le fueron asignados un sut\u00e1s de color (waffenfarbe) que identificaba a cada cuerpo, en este caso el vivo blanco de infanter\u00eda.<\/span><\/span><\/p>\n<p style=\"text-align: justify\"><strong><span style=\"font-size: medium\"><span style=\"font-family: Verdana\">DESCRIPCION:<\/span><\/span><\/strong><span style=\"font-size: medium\"><span style=\"font-family: Verdana\"> Excepcional gorra de Plato (Schirmm\u00fctze) de confecci\u00f3n privada para un oficial de infanter\u00eda. El emblema nacional\u00a0corresponde al modelo temprano utilizado hasta 1936, bordado en hilo de plata. La hojas de roble modelo 1920, est\u00e1n bordadas tambi\u00e9n en hilo de plata,\u00a0igual que el barboquejo realizado con igual material. La banda que bordea el tambor es de &#8220;pa\u00f1o de insignia&#8221; color verde oscuro. En el interior tiene el rombo de celuloide con la manufactura de este magnifico fabricante. Talla 58\/59. Raro de ver este modelo temprano, de esta calidad y en este impresionante estado.<\/span><\/span><\/p>\n","protected":false},"excerpt":{"rendered":"<p style=\"text-align: justify\"><strong><span style=\"font-size: medium\"><span style=\"font-family: Verdana\">DESCRIPCION:<\/span><\/span><\/strong><span style=\"font-size: medium\"><span style=\"font-family: Verdana\"> Las gorras de plato eran un art\u00edculo est\u00e1ndar para todos los militares en Tercer Reich y las regulaciones dictaron como deb\u00edan ser usadas. Los oficiales y y suboficiales eran responsables de comprar sus propias gorras y consecuentemente ten\u00edan un sistema de compra (Kleiderkasse del ej\u00e9rcito). Los oficiales pod\u00edan elegir comprarlas, bien en los dep\u00f3sitos o comprarlas de confecci\u00f3n privada, estas eran de m\u00e1s alta calidad. Las insignias usadas en las gorras de plato consistieron originalmente en la guirnalda con hojas de roble del modelo de Weimar Reichswehr y la cucarda y el barboquejo. En febrero de 1927 las nuevas l\u00edneas para oficial fueron introducidas con barboquejos en hilo de plata para oficiales. El 14 de marzo de 1933 el negro del Reichswehr, el rojo y la cucarda oval, fueron sustituidas por una cucarda redonda con colores negro, blanco, y rojo (colores nacionales), y el 17 de febrero de 1934 el \u00e1guila nacional del tercer Reich para el ej\u00e9rcito fue introducida oficialmente para las gorras de plato. En marzo de 1935, una guirnalda m\u00e1s detallada, cucarda y una segunda \u00e1guila nacional m\u00e1s grande. A las diversas ramas de servicio dentro del ej\u00e9rcito le fueron asignados un sut\u00e1s de color (waffenfarbe) que identificaba a cada cuerpo, en este caso el vivo blanco de infanter\u00eda.<\/span><\/span><\/p>\n<p style=\"text-align: justify\"><strong><span style=\"font-size: medium\"><span style=\"font-family: Verdana\">DESCRIPCION:<\/span><\/span><\/strong><span style=\"font-size: medium\"><span style=\"font-family: Verdana\"> Excepcional gorra de Plato (Schirmm\u00fctze) de confecci\u00f3n privada para un oficial de infanter\u00eda. El emblema nacional\u00a0corresponde al modelo temprano utilizado hasta 1936, bordado en hilo de plata. La hojas de roble modelo 1920, est\u00e1n bordadas tambi\u00e9n en hilo de plata,\u00a0igual que el barboquejo realizado con igual material. La banda que bordea el tambor es de &#8220;pa\u00f1o de insignia&#8221; color verde oscuro. En el interior tiene el rombo de celuloide con la manufactura de este magnifico fabricante. Talla 58\/59. Raro de ver este modelo temprano, de esta calidad y en este impresionante estado.<\/span><\/span><\/p>\n","protected":false},"featured_media":12146,"template":"","meta":[],"product_brand":[],"product_cat":[224],"product_tag":[],"class_list":{"0":"post-12145","1":"product","2":"type-product","3":"status-publish","4":"has-post-thumbnail","6":"product_cat-archivo-vendidos","7":"sales-flash-overlay","8":"woocommerce-text-align-center","9":"woocommerce-image-align-center","10":"do-quantity-buttons","12":"first","13":"outofstock","14":"purchasable","15":"product-type-simple"},"_links":{"self":[{"href":"https:\/\/original-militaria.com\/en\/wp-json\/wp\/v2\/product\/12145","targetHints":{"allow":["GET"]}}],"collection":[{"href":"https:\/\/original-militaria.com\/en\/wp-json\/wp\/v2\/product"}],"about":[{"href":"https:\/\/original-militaria.com\/en\/wp-json\/wp\/v2\/types\/product"}],"wp:featuredmedia":[{"embeddable":true,"href":"https:\/\/original-militaria.com\/en\/wp-json\/wp\/v2\/media\/12146"}],"wp:attachment":[{"href":"https:\/\/original-militaria.com\/en\/wp-json\/wp\/v2\/media?parent=12145"}],"wp:term":[{"taxonomy":"product_brand","embeddable":true,"href":"https:\/\/original-militaria.com\/en\/wp-json\/wp\/v2\/product_brand?post=12145"},{"taxonomy":"product_cat","embeddable":true,"href":"https:\/\/original-militaria.com\/en\/wp-json\/wp\/v2\/product_cat?post=12145"},{"taxonomy":"product_tag","embeddable":true,"href":"https:\/\/original-militaria.com\/en\/wp-json\/wp\/v2\/product_tag?post=12145"}],"curies":[{"name":"wp","href":"https:\/\/api.w.org\/{rel}","templated":true}]}}