{"id":12117,"date":"2017-09-05T12:01:59","date_gmt":"2017-09-05T12:01:59","guid":{"rendered":"https:\/\/original-militaria.com\/?post_type=product&#038;p=12117"},"modified":"2022-01-31T19:08:18","modified_gmt":"2022-01-31T18:08:18","slug":"uniforme-completo-para-un-soldado-republicano","status":"publish","type":"product","link":"https:\/\/original-militaria.com\/en\/producto\/uniforme-completo-para-un-soldado-republicano\/","title":{"rendered":"Spain\/ Civil War Uniform Grouping for a Republic Soldier &#8211;Uniforme Completo para un Soldado Rep\u00fablicano"},"content":{"rendered":"<p style=\"text-align: justify\"><span style=\"font-size: medium\"><span style=\"font-family: Verdana\">Excepcional uniforme completo con todos sus atalajes para un soldado de intendencia del bando rep\u00fablicano durante la guerra civil, todo en perfecto estado, se compone de:\u00a0guerrera\u00a0con emblemas met\u00e1licos y\u00a0pantal\u00f3n de montar, capote manta con emblemas met\u00e1licos, mascara de gas, gorrillo de barco, manta con porta manta de caballer\u00eda, cintur\u00f3n con trinchas y alpargatas. Muy raro.<\/span><\/span><\/p>\n","protected":false},"excerpt":{"rendered":"<p style=\"text-align: justify\"><strong><span style=\"font-size: medium\"><span style=\"font-family: Verdana\">DESCRIPCION:<\/span><\/span><\/strong><span style=\"font-size: medium\"><span style=\"font-family: Verdana\"> Excepcional uniforme completo con todos sus atalajes para un soldado de intendencia del bando rep\u00fablicano durante la guerra civil, todo en perfecto estado, se compone de:\u00a0guerrera\u00a0con emblemas met\u00e1licos y\u00a0pantal\u00f3n de montar, capote manta con emblemas met\u00e1licos, mascara de gas, gorrillo de barco, manta con porta manta de caballer\u00eda, cintur\u00f3n con trinchas y alpargatas. Muy raro.<\/span><\/span><\/p>\n","protected":false},"featured_media":12118,"template":"","meta":[],"product_brand":[],"product_cat":[224],"product_tag":[],"class_list":{"0":"post-12117","1":"product","2":"type-product","3":"status-publish","4":"has-post-thumbnail","6":"product_cat-archivo-vendidos","7":"sales-flash-overlay","8":"woocommerce-text-align-center","9":"woocommerce-image-align-center","10":"do-quantity-buttons","12":"first","13":"outofstock","14":"purchasable","15":"product-type-simple"},"_links":{"self":[{"href":"https:\/\/original-militaria.com\/en\/wp-json\/wp\/v2\/product\/12117","targetHints":{"allow":["GET"]}}],"collection":[{"href":"https:\/\/original-militaria.com\/en\/wp-json\/wp\/v2\/product"}],"about":[{"href":"https:\/\/original-militaria.com\/en\/wp-json\/wp\/v2\/types\/product"}],"wp:featuredmedia":[{"embeddable":true,"href":"https:\/\/original-militaria.com\/en\/wp-json\/wp\/v2\/media\/12118"}],"wp:attachment":[{"href":"https:\/\/original-militaria.com\/en\/wp-json\/wp\/v2\/media?parent=12117"}],"wp:term":[{"taxonomy":"product_brand","embeddable":true,"href":"https:\/\/original-militaria.com\/en\/wp-json\/wp\/v2\/product_brand?post=12117"},{"taxonomy":"product_cat","embeddable":true,"href":"https:\/\/original-militaria.com\/en\/wp-json\/wp\/v2\/product_cat?post=12117"},{"taxonomy":"product_tag","embeddable":true,"href":"https:\/\/original-militaria.com\/en\/wp-json\/wp\/v2\/product_tag?post=12117"}],"curies":[{"name":"wp","href":"https:\/\/api.w.org\/{rel}","templated":true}]}}