{"id":12115,"date":"2017-09-05T12:01:59","date_gmt":"2017-09-05T12:01:59","guid":{"rendered":"https:\/\/original-militaria.com\/?post_type=product&#038;p=12115"},"modified":"2022-01-31T19:08:18","modified_gmt":"2022-01-31T18:08:18","slug":"uniforme-de-jerarquia-de-falange","status":"publish","type":"product","link":"https:\/\/original-militaria.com\/en\/producto\/uniforme-de-jerarquia-de-falange\/","title":{"rendered":"Spain\/ Franco Era, Falange Uniform&#8211; Uniforme de Jerarqu\u00eda de Falange"},"content":{"rendered":"<p style=\"text-align: justify\"><span style=\"font-size: medium\"><span style=\"font-family: Verdana\">Uniforme completo de Jerarqu\u00eda de Falange del a\u00f1o 1946 en excelente estado, se compone de pantal\u00f3n con etiqueta de la sastrer\u00eda &#8220;Melle&#8221; de Madrid con el nombre del propietario, guerrera con etiqueta de sastre de la misma casa, con bonitos emblemas bordados\u00a0de Falange y del SEU con su cintur\u00f3n marcado, corbata y gorra de plato marcada con los datos del\u00a0fabricante. Est\u00e1 como de estreno. Raro.<\/span><\/span><\/p>\n","protected":false},"excerpt":{"rendered":"<p style=\"text-align: justify\"><span style=\"font-size: medium\"><strong><span style=\"font-family: Verdana\">DESCRICPION:<\/span><\/strong><span style=\"font-family: Verdana\"> Uniforme completo de Jerarqu\u00eda de Falange del a\u00f1o <span style=\"color: #ff0000\">1946<\/span> en excelente estado, se compone de pantal\u00f3n con etiqueta de la sastrer\u00eda <span style=\"color: #ff0000\">&#8220;Melle&#8221;<\/span> de Madrid con el nombre del propietario, guerrera con etiqueta de sastre de la misma casa, con bonitos emblemas bordados\u00a0de Falange y del <span style=\"color: #ff0000\">SEU <\/span>con su cintur\u00f3n marcado, corbata y gorra de plato marcada con los datos del\u00a0fabricante. Est\u00e1 como de estreno. Raro.<\/span><\/span><\/p>\n","protected":false},"featured_media":12116,"template":"","meta":[],"product_brand":[],"product_cat":[224],"product_tag":[],"class_list":{"0":"post-12115","1":"product","2":"type-product","3":"status-publish","4":"has-post-thumbnail","6":"product_cat-archivo-vendidos","7":"sales-flash-overlay","8":"woocommerce-text-align-center","9":"woocommerce-image-align-center","10":"do-quantity-buttons","12":"first","13":"outofstock","14":"purchasable","15":"product-type-simple"},"_links":{"self":[{"href":"https:\/\/original-militaria.com\/en\/wp-json\/wp\/v2\/product\/12115","targetHints":{"allow":["GET"]}}],"collection":[{"href":"https:\/\/original-militaria.com\/en\/wp-json\/wp\/v2\/product"}],"about":[{"href":"https:\/\/original-militaria.com\/en\/wp-json\/wp\/v2\/types\/product"}],"wp:featuredmedia":[{"embeddable":true,"href":"https:\/\/original-militaria.com\/en\/wp-json\/wp\/v2\/media\/12116"}],"wp:attachment":[{"href":"https:\/\/original-militaria.com\/en\/wp-json\/wp\/v2\/media?parent=12115"}],"wp:term":[{"taxonomy":"product_brand","embeddable":true,"href":"https:\/\/original-militaria.com\/en\/wp-json\/wp\/v2\/product_brand?post=12115"},{"taxonomy":"product_cat","embeddable":true,"href":"https:\/\/original-militaria.com\/en\/wp-json\/wp\/v2\/product_cat?post=12115"},{"taxonomy":"product_tag","embeddable":true,"href":"https:\/\/original-militaria.com\/en\/wp-json\/wp\/v2\/product_tag?post=12115"}],"curies":[{"name":"wp","href":"https:\/\/api.w.org\/{rel}","templated":true}]}}