{"id":12095,"date":"2017-09-05T12:01:53","date_gmt":"2017-09-05T12:01:53","guid":{"rendered":"https:\/\/original-militaria.com\/?post_type=product&#038;p=12095"},"modified":"2022-01-31T19:08:17","modified_gmt":"2022-01-31T18:08:17","slug":"capote-manta-de-oficial-de-guerra-civil","status":"publish","type":"product","link":"https:\/\/original-militaria.com\/en\/producto\/capote-manta-de-oficial-de-guerra-civil\/","title":{"rendered":"Spanish Civil War Officer Cloak &#8212;  Capote Manta de Oficial de Guerra Civil"},"content":{"rendered":"<p align=\"justify\"><span style=\"font-family: Verdana;font-size: medium\"><strong>ANTECEDENTES:<\/strong> El Capote manta\u00a0oficializ\u00f3 su uso en el reglamento de 1926, aunque anteriormente era parte de la uniformidad de la Legi\u00f3n desde su fundaci\u00f3n y su uso estaba muy extendido en el ej\u00e9rcito de \u00c1frica. Su origen se remonta a las tropas que combatieron en las sucesivas guerras de independencia hispanoamericanas.<\/span><\/p>\n<p align=\"justify\"><span style=\"font-family: Verdana;font-size: medium\"><strong>DESCRIPCION:<\/strong> Excelente Capote Manta\u00a0para Oficial durante la Guerra Civil, completo, todos sus botones, talla muy grande, excelente estado.<\/span><\/p>\n","protected":false},"excerpt":{"rendered":"<p align=\"justify\"><span style=\"font-family: Verdana;font-size: medium\"><strong>ANTECEDENTES:<\/strong> El Capote manta\u00a0oficializ\u00f3 su uso en el reglamento de 1926, aunque anteriormente era parte de la uniformidad de la Legi\u00f3n desde su fundaci\u00f3n y su uso estaba muy extendido en el ej\u00e9rcito de \u00c1frica. Su origen se remonta a las tropas que combatieron en las sucesivas guerras de independencia hispanoamericanas.<\/span><\/p>\n<p align=\"justify\"><span style=\"font-family: Verdana;font-size: medium\"><strong>DESCRIPCION:<\/strong> Excelente Capote Manta\u00a0para Oficial durante la Guerra Civil, completo, todos sus botones, talla muy grande, excelente estado.<\/span><\/p>\n","protected":false},"featured_media":12096,"template":"","meta":[],"product_brand":[],"product_cat":[224],"product_tag":[],"class_list":{"0":"post-12095","1":"product","2":"type-product","3":"status-publish","4":"has-post-thumbnail","6":"product_cat-archivo-vendidos","7":"sales-flash-overlay","8":"woocommerce-text-align-center","9":"woocommerce-image-align-center","10":"do-quantity-buttons","12":"first","13":"outofstock","14":"purchasable","15":"product-type-simple"},"_links":{"self":[{"href":"https:\/\/original-militaria.com\/en\/wp-json\/wp\/v2\/product\/12095","targetHints":{"allow":["GET"]}}],"collection":[{"href":"https:\/\/original-militaria.com\/en\/wp-json\/wp\/v2\/product"}],"about":[{"href":"https:\/\/original-militaria.com\/en\/wp-json\/wp\/v2\/types\/product"}],"wp:featuredmedia":[{"embeddable":true,"href":"https:\/\/original-militaria.com\/en\/wp-json\/wp\/v2\/media\/12096"}],"wp:attachment":[{"href":"https:\/\/original-militaria.com\/en\/wp-json\/wp\/v2\/media?parent=12095"}],"wp:term":[{"taxonomy":"product_brand","embeddable":true,"href":"https:\/\/original-militaria.com\/en\/wp-json\/wp\/v2\/product_brand?post=12095"},{"taxonomy":"product_cat","embeddable":true,"href":"https:\/\/original-militaria.com\/en\/wp-json\/wp\/v2\/product_cat?post=12095"},{"taxonomy":"product_tag","embeddable":true,"href":"https:\/\/original-militaria.com\/en\/wp-json\/wp\/v2\/product_tag?post=12095"}],"curies":[{"name":"wp","href":"https:\/\/api.w.org\/{rel}","templated":true}]}}