{"id":12087,"date":"2017-09-05T12:01:52","date_gmt":"2017-09-05T12:01:52","guid":{"rendered":"https:\/\/original-militaria.com\/?post_type=product&#038;p=12087"},"modified":"2022-01-31T19:08:17","modified_gmt":"2022-01-31T18:08:17","slug":"uniforme-m26-de-tte-coronel-de-caballeria","status":"publish","type":"product","link":"https:\/\/original-militaria.com\/en\/producto\/uniforme-m26-de-tte-coronel-de-caballeria\/","title":{"rendered":"Cavalry Officer\u00b4s Uniform M26 of the Spanish Civil War &#8212; Uniforme M26 de Tte. Coronel de Caballer\u00eda"},"content":{"rendered":"<p align=\"justify\"><span style=\"font-family: Verdana;font-size: medium\">Excepcional uniforme para un &#8220;Tte. Coronel de Caballer\u00eda de Guerra Civil&#8221;, bando Nacional, modelo de canutillo en perfecto estado, emblemas met\u00e1licos en el cuello y bordados en los pu\u00f1os de la bocamanga. Buena talla<\/span><\/p>\n<p align=\"justify\"><span style=\"font-family: Verdana;font-size: medium\"><strong>Se compone de:<\/strong><\/span><\/p>\n<p align=\"justify\"><span style=\"font-family: Verdana;font-size: medium\">1\/ Guerrera M26<\/span><\/p>\n<p align=\"justify\"><span style=\"font-family: Verdana;font-size: medium\">2\/ Pantal\u00f3n de montar<\/span><\/p>\n<p align=\"justify\"><span style=\"font-family: Verdana;font-size: medium\">3\/ Camisa azul<\/span><\/p>\n<p align=\"justify\"><span style=\"font-family: Verdana;font-size: medium\">4\/ Botas altas con espuelas<\/span><\/p>\n<p align=\"justify\"><span style=\"font-family: Verdana;font-size: medium\">5\/ Cintur\u00f3n &#8220;San Brown&#8221;<\/span><\/p>\n<p align=\"justify\"><span style=\"font-family: Verdana;font-size: medium\">6\/ Fusta <\/span><\/p>\n<p align=\"justify\">\n<p align=\"justify\">\n","protected":false},"excerpt":{"rendered":"<p align=\"justify\"><span style=\"font-family: Verdana;font-size: medium\"><strong>DESCRIPCION:<\/strong> Excepcional uniforme para un <span style=\"color: #ff0000\">&#8220;Tte. Coronel de Caballer\u00eda de Guerra Civil&#8221;<\/span>, bando Nacional, modelo de canutillo en perfecto estado, emblemas met\u00e1licos en el cuello y bordados en los pu\u00f1os de la bocamanga. Buena talla<\/span><\/p>\n<p align=\"justify\"><span style=\"font-family: Verdana;font-size: medium\"><strong>Se compone de:<\/strong><\/span><\/p>\n<p align=\"justify\"><span style=\"font-family: Verdana;font-size: medium\">1\/ Guerrera M26<\/span><\/p>\n<p align=\"justify\"><span style=\"font-family: Verdana;font-size: medium\">2\/ Pantal\u00f3n de montar<\/span><\/p>\n<p align=\"justify\"><span style=\"font-family: Verdana;font-size: medium\">3\/ Camisa azul<\/span><\/p>\n<p align=\"justify\"><span style=\"font-family: Verdana;font-size: medium\">4\/ Botas altas con espuelas<\/span><\/p>\n<p align=\"justify\"><span style=\"font-family: Verdana;font-size: medium\">5\/ Cintur\u00f3n &#8220;San Brown&#8221;<\/span><\/p>\n<p align=\"justify\"><span style=\"font-family: Verdana;font-size: medium\">6\/ Fusta <\/span><\/p>\n<p align=\"justify\">\n<p align=\"justify\">\n","protected":false},"featured_media":12088,"template":"","meta":[],"product_brand":[],"product_cat":[224],"product_tag":[],"class_list":{"0":"post-12087","1":"product","2":"type-product","3":"status-publish","4":"has-post-thumbnail","6":"product_cat-archivo-vendidos","7":"sales-flash-overlay","8":"woocommerce-text-align-center","9":"woocommerce-image-align-center","10":"do-quantity-buttons","12":"first","13":"outofstock","14":"purchasable","15":"product-type-simple"},"_links":{"self":[{"href":"https:\/\/original-militaria.com\/en\/wp-json\/wp\/v2\/product\/12087","targetHints":{"allow":["GET"]}}],"collection":[{"href":"https:\/\/original-militaria.com\/en\/wp-json\/wp\/v2\/product"}],"about":[{"href":"https:\/\/original-militaria.com\/en\/wp-json\/wp\/v2\/types\/product"}],"wp:featuredmedia":[{"embeddable":true,"href":"https:\/\/original-militaria.com\/en\/wp-json\/wp\/v2\/media\/12088"}],"wp:attachment":[{"href":"https:\/\/original-militaria.com\/en\/wp-json\/wp\/v2\/media?parent=12087"}],"wp:term":[{"taxonomy":"product_brand","embeddable":true,"href":"https:\/\/original-militaria.com\/en\/wp-json\/wp\/v2\/product_brand?post=12087"},{"taxonomy":"product_cat","embeddable":true,"href":"https:\/\/original-militaria.com\/en\/wp-json\/wp\/v2\/product_cat?post=12087"},{"taxonomy":"product_tag","embeddable":true,"href":"https:\/\/original-militaria.com\/en\/wp-json\/wp\/v2\/product_tag?post=12087"}],"curies":[{"name":"wp","href":"https:\/\/api.w.org\/{rel}","templated":true}]}}