{"id":12081,"date":"2017-09-05T12:01:51","date_gmt":"2017-09-05T12:01:51","guid":{"rendered":"https:\/\/original-militaria.com\/?post_type=product&#038;p=12081"},"modified":"2022-01-31T19:08:17","modified_gmt":"2022-01-31T18:08:17","slug":"casco-trubia-m26-con-alas-de-guerra-civil","status":"publish","type":"product","link":"https:\/\/original-militaria.com\/en\/producto\/casco-trubia-m26-con-alas-de-guerra-civil\/","title":{"rendered":"Spanish Civil War\/ M26 Trubia Helmet&#8212;Casco Trubia M26 con Alas de Guerra Civil."},"content":{"rendered":"<p align=\"justify\"><span style=\"font-family: Verdana;font-size: medium\"><strong>ANTECEDENTES:<\/strong> El Ej\u00e9rcito espa\u00f1ol adopt\u00f3 muy tard\u00edamente la decisi\u00f3n de dotar a sus fuerzas armadas de un casco de combate de concepci\u00f3n moderna. La falta de enemigos externos, la neutralidad durante la Gran Guerra y el hecho de que la guerra de Marruecos desaconsejaba el uso de un casco de metal provocaron que, hasta 1926, no se convocase un concurso en este sentido. En 1931, ya proclamada la Rep\u00fablica, se aprob\u00f3 un presupuesto para fabricar 20.000 cascos, y el fabricante decidi\u00f3 destinarlos al modelo &#8220;con ala&#8221;. Con esta decisi\u00f3n se par\u00f3 el desarrollo del otro modelo y las unidades producidas quedaron almacenadas en la f\u00e1brica a la espera de una posible exportaci\u00f3n. Al estallar la Guerra Civil, fueron requeridos por la Rep\u00fablica todos los cascos disponibles.<\/span><\/p>\n<p align=\"justify\"><span style=\"font-family: Verdana;font-size: medium\"><strong>DESCRIPCI\u00d3N:<\/strong> Excelente ejemplo de casco M26 de Guerra Civil de la fabrica de Trubia, completo con su barbuquejo\u00a0de dos piezas, de cuero color avellana, con hebilla de hierro y anilla cuadrada.\u00a0La guarnici\u00f3n est\u00e1 formada por\u00a0un zuncho de cuero, al que van cosidas tres leng\u00fcetas dobles tambi\u00e9n de cuero, con dos orificios en cada l\u00f3bulo, por donde pasa un cord\u00f3n para el reglaje. El zuncho se fija al casco mediante 7 remaches de hierro. Dos ellos mayores y con orificios para su aireaci\u00f3n, donde basculan las anillas del barboquejo.<br \/>\n<\/span><\/p>\n","protected":false},"excerpt":{"rendered":"<p align=\"justify\"><span style=\"font-family: Verdana;font-size: medium\"><strong>ANTECEDENTES:<\/strong> El Ej\u00e9rcito espa\u00f1ol adopt\u00f3 muy tard\u00edamente la decisi\u00f3n de dotar a sus fuerzas armadas de un casco de combate de concepci\u00f3n moderna. La falta de enemigos externos, la neutralidad durante la Gran Guerra y el hecho de que la guerra de Marruecos desaconsejaba el uso de un casco de metal provocaron que, hasta 1926, no se convocase un concurso en este sentido. En 1931, ya proclamada la Rep\u00fablica, se aprob\u00f3 un presupuesto para fabricar 20.000 cascos, y el fabricante decidi\u00f3 destinarlos al modelo &#8220;con ala&#8221;. Con esta decisi\u00f3n se par\u00f3 el desarrollo del otro modelo y las unidades producidas quedaron almacenadas en la f\u00e1brica a la espera de una posible exportaci\u00f3n. Al estallar la Guerra Civil, fueron requeridos por la Rep\u00fablica todos los cascos disponibles.<\/span><\/p>\n<p align=\"justify\"><span style=\"font-family: Verdana;font-size: medium\"><strong>DESCRIPCI\u00d3N:<\/strong> Excelente ejemplo de casco M26 de Guerra Civil de la fabrica de Trubia, completo con su barbuquejo\u00a0de dos piezas, de cuero color avellana, con hebilla de hierro y anilla cuadrada.\u00a0La guarnici\u00f3n est\u00e1 formada por\u00a0un zuncho de cuero, al que van cosidas tres leng\u00fcetas dobles tambi\u00e9n de cuero, con dos orificios en cada l\u00f3bulo, por donde pasa un cord\u00f3n para el reglaje. El zuncho se fija al casco mediante 7 remaches de hierro. Dos ellos mayores y con orificios para su aireaci\u00f3n, donde basculan las anillas del barboquejo.<br \/>\n<\/span><\/p>\n","protected":false},"featured_media":12082,"template":"","meta":[],"product_brand":[],"product_cat":[224],"product_tag":[],"class_list":{"0":"post-12081","1":"product","2":"type-product","3":"status-publish","4":"has-post-thumbnail","6":"product_cat-archivo-vendidos","7":"sales-flash-overlay","8":"woocommerce-text-align-center","9":"woocommerce-image-align-center","10":"do-quantity-buttons","12":"first","13":"outofstock","14":"purchasable","15":"product-type-simple"},"_links":{"self":[{"href":"https:\/\/original-militaria.com\/en\/wp-json\/wp\/v2\/product\/12081","targetHints":{"allow":["GET"]}}],"collection":[{"href":"https:\/\/original-militaria.com\/en\/wp-json\/wp\/v2\/product"}],"about":[{"href":"https:\/\/original-militaria.com\/en\/wp-json\/wp\/v2\/types\/product"}],"wp:featuredmedia":[{"embeddable":true,"href":"https:\/\/original-militaria.com\/en\/wp-json\/wp\/v2\/media\/12082"}],"wp:attachment":[{"href":"https:\/\/original-militaria.com\/en\/wp-json\/wp\/v2\/media?parent=12081"}],"wp:term":[{"taxonomy":"product_brand","embeddable":true,"href":"https:\/\/original-militaria.com\/en\/wp-json\/wp\/v2\/product_brand?post=12081"},{"taxonomy":"product_cat","embeddable":true,"href":"https:\/\/original-militaria.com\/en\/wp-json\/wp\/v2\/product_cat?post=12081"},{"taxonomy":"product_tag","embeddable":true,"href":"https:\/\/original-militaria.com\/en\/wp-json\/wp\/v2\/product_tag?post=12081"}],"curies":[{"name":"wp","href":"https:\/\/api.w.org\/{rel}","templated":true}]}}