{"id":12051,"date":"2017-09-05T12:01:44","date_gmt":"2017-09-05T12:01:44","guid":{"rendered":"https:\/\/original-militaria.com\/?post_type=product&#038;p=12051"},"modified":"2022-01-31T19:08:16","modified_gmt":"2022-01-31T18:08:16","slug":"casco-sovietico-de-ww2-modelo-ssch-39-de-1939","status":"publish","type":"product","link":"https:\/\/original-militaria.com\/en\/producto\/casco-sovietico-de-ww2-modelo-ssch-39-de-1939\/","title":{"rendered":"Soviet Helmet Model \u00abSsch-39\u00bb from 1939&#8212;Casco Sovi\u00e9tico Modelo &#8220;Ssch-39&#8221; de 1939"},"content":{"rendered":"<p align=\"justify\"><span style=\"font-family: Verdana;font-size: medium\"><strong>ANTECEDENTES:<\/strong> En el transcurso de la Segunda Guerra Mundial la Uni\u00f3n Sovi\u00e9tica emple\u00f3 tres dise\u00f1os de cascos,\u00a0el M-36, el\u00a0Ssch-39 , y el\u00a0Ssch-40. El Ssch-39 (stalnoy shlyem, o casco de acero) era de dise\u00f1o simple, m\u00e1s f\u00e1cil de fabricar que el M36. Ser\u00eda el dise\u00f1o est\u00e1ndar para los cascos de la Uni\u00f3n Sovi\u00e9tica durante 29 a\u00f1os, con s\u00f3lo peque\u00f1os cambios durante ese tiempo. Tambi\u00e9n sirvi\u00f3 el dise\u00f1o para el casco de la Tumba del Soldado Desconocido en Mosc\u00fa. El casco se produce principalmente en tres f\u00e1bricas, la F\u00e1brica de Tractores de Stalingrado (CT), la f\u00e1brica Octubre Rojo (3K0), tambi\u00e9n en Stalingrado, y el Lysva F\u00e1brica Metal\u00fargica (LMZ). Con varios modelos de guarnici\u00f3n, la versi\u00f3n final del Ssch-39 fue en tela, similar a la guarnici\u00f3n M-36. <\/span><span style=\"font-family: Verdana;font-size: medium\">Las tres variantes de guarnici\u00f3n fueron cambiadas al final de la guerra por tres leng\u00fcetas remachadas a la carcasa en la parte superior. Este casco, al igual que el M-36, vio la acci\u00f3n en numerosas campa\u00f1as antes de que fuera eliminado en 1942 en favor de la Ssch-40. <\/span><\/p>\n<p align=\"justify\"><span style=\"font-family: Verdana;font-size: medium\"><strong>DESCRIPCION:<\/strong> Casco de combate Ssch-39 de 1939, para el ej\u00e9rcito sovi\u00e9tico durante la WW2,\u00a0modelo temprano, con da\u00f1os menores, la pintura se mantiene con sus vivos colores, el barboquejo intacto, la guarnici\u00f3n en tela para estos modelos en perfecto estado, viene con el n\u00famero de serie no muy legible y creo que el a\u00f1o, 1939. Muy buen estado, talla aproximada 58\/59.<\/span><\/p>\n","protected":false},"excerpt":{"rendered":"<p align=\"justify\"><span style=\"font-family: Verdana;font-size: medium\"><strong>ANTECEDENTES:<\/strong> En el transcurso de la Segunda Guerra Mundial la Uni\u00f3n Sovi\u00e9tica emple\u00f3 tres dise\u00f1os de cascos,\u00a0el M-36, el\u00a0Ssch-39 , y el\u00a0Ssch-40. El Ssch-39 (stalnoy shlyem, o casco de acero) era de dise\u00f1o simple, m\u00e1s f\u00e1cil de fabricar que el M36. Ser\u00eda el dise\u00f1o est\u00e1ndar para los cascos de la Uni\u00f3n Sovi\u00e9tica durante 29 a\u00f1os, con s\u00f3lo peque\u00f1os cambios durante ese tiempo. Tambi\u00e9n sirvi\u00f3 el dise\u00f1o para el casco de la Tumba del Soldado Desconocido en Mosc\u00fa. El casco se produce principalmente en tres f\u00e1bricas, la F\u00e1brica de Tractores de Stalingrado (CT), la f\u00e1brica Octubre Rojo (3K0), tambi\u00e9n en Stalingrado, y el Lysva F\u00e1brica Metal\u00fargica (LMZ). Con varios modelos de guarnici\u00f3n, la versi\u00f3n final del Ssch-39 fue en tela, similar a la guarnici\u00f3n M-36. <\/span><span style=\"font-family: Verdana;font-size: medium\">Las tres variantes de guarnici\u00f3n fueron cambiadas al final de la guerra por tres leng\u00fcetas remachadas a la carcasa en la parte superior. Este casco, al igual que el M-36, vio la acci\u00f3n en numerosas campa\u00f1as antes de que fuera eliminado en 1942 en favor de la Ssch-40. <\/span><\/p>\n<p align=\"justify\"><span style=\"font-family: Verdana;font-size: medium\"><strong>DESCRIPCION:<\/strong> Casco de combate Ssch-39 de 1939, para el ej\u00e9rcito sovi\u00e9tico durante la WW2,\u00a0modelo temprano, con da\u00f1os menores, la pintura se mantiene con sus vivos colores, el barboquejo intacto, la guarnici\u00f3n en tela para estos modelos en perfecto estado, viene con el n\u00famero de serie no muy legible y creo que el a\u00f1o, 1939. Muy buen estado, talla aproximada 58\/59.<\/span><\/p>\n","protected":false},"featured_media":12052,"template":"","meta":[],"product_brand":[],"product_cat":[224],"product_tag":[],"class_list":{"0":"post-12051","1":"product","2":"type-product","3":"status-publish","4":"has-post-thumbnail","6":"product_cat-archivo-vendidos","7":"sales-flash-overlay","8":"woocommerce-text-align-center","9":"woocommerce-image-align-center","10":"do-quantity-buttons","12":"first","13":"outofstock","14":"purchasable","15":"product-type-simple"},"_links":{"self":[{"href":"https:\/\/original-militaria.com\/en\/wp-json\/wp\/v2\/product\/12051","targetHints":{"allow":["GET"]}}],"collection":[{"href":"https:\/\/original-militaria.com\/en\/wp-json\/wp\/v2\/product"}],"about":[{"href":"https:\/\/original-militaria.com\/en\/wp-json\/wp\/v2\/types\/product"}],"wp:featuredmedia":[{"embeddable":true,"href":"https:\/\/original-militaria.com\/en\/wp-json\/wp\/v2\/media\/12052"}],"wp:attachment":[{"href":"https:\/\/original-militaria.com\/en\/wp-json\/wp\/v2\/media?parent=12051"}],"wp:term":[{"taxonomy":"product_brand","embeddable":true,"href":"https:\/\/original-militaria.com\/en\/wp-json\/wp\/v2\/product_brand?post=12051"},{"taxonomy":"product_cat","embeddable":true,"href":"https:\/\/original-militaria.com\/en\/wp-json\/wp\/v2\/product_cat?post=12051"},{"taxonomy":"product_tag","embeddable":true,"href":"https:\/\/original-militaria.com\/en\/wp-json\/wp\/v2\/product_tag?post=12051"}],"curies":[{"name":"wp","href":"https:\/\/api.w.org\/{rel}","templated":true}]}}