{"id":12010,"date":"2017-09-05T12:01:32","date_gmt":"2017-09-05T12:01:32","guid":{"rendered":"https:\/\/original-militaria.com\/?post_type=product&#038;p=12010"},"modified":"2022-01-31T19:08:15","modified_gmt":"2022-01-31T18:08:15","slug":"urss-bandera-bordada-a-dos-caras","status":"publish","type":"product","link":"https:\/\/original-militaria.com\/en\/producto\/urss-bandera-bordada-a-dos-caras\/","title":{"rendered":"USSR, Embroidered Flag&#8212;URSS, Bandera Bordada a dos Caras"},"content":{"rendered":"<p style=\"text-align: justify\" align=\"justify\"><span style=\"color: #000000\"><span style=\"font-family: Verdana;font-size: medium\">Extraordinaria\u00a0bandera de la URSS (Uni\u00f3n Sovi\u00e9tica) en terciopelo rojo, bordada a dos caras, en el anverso <\/span><span style=\"font-family: Verdana;font-size: medium\">&#8220;Escudo de la URSS&#8221;<\/span><span style=\"font-family: Verdana;font-size: medium\">, en el reverso la cara de <\/span><span style=\"font-family: Verdana;font-size: medium\">&#8220;Lenin&#8221;<\/span><span style=\"font-family: Verdana;font-size: medium\"> y texto.<\/span> <span style=\"font-family: Verdana;font-size: medium\">Todos los bordados son de una gran calidad, viene con su cord\u00f3n. Mide 148 cm x 148 cm. Perfecto estado, como nueva. <\/span><\/span><\/p>\n","protected":false},"excerpt":{"rendered":"<p align=\"justify\"><span style=\"font-family: Verdana;font-size: medium\"><strong>DESCRIPCION:<\/strong> Extraordinar\u00eda bandera de la URSS (Uni\u00f3n Sovi\u00e9tica) en terciopelo rojo, bordada a dos caras, en el anverso <span style=\"color: #ff0000\">&#8220;Escudo de la URSS&#8221;<\/span>, en el reverso la cara de <span style=\"color: #ff0000\">&#8220;Lenin&#8221;<\/span> y texto.<\/span> <span style=\"font-family: Verdana;font-size: medium\">Todos los bordados son de una gran calidad, viene con su cord\u00f3n. Mide 148 cm x 148 cm. Perfecto estado, como nueva. <\/span><\/p>\n","protected":false},"featured_media":12011,"template":"","meta":[],"product_brand":[],"product_cat":[224],"product_tag":[],"class_list":{"0":"post-12010","1":"product","2":"type-product","3":"status-publish","4":"has-post-thumbnail","6":"product_cat-archivo-vendidos","7":"sales-flash-overlay","8":"woocommerce-text-align-center","9":"woocommerce-image-align-center","10":"do-quantity-buttons","12":"first","13":"outofstock","14":"purchasable","15":"product-type-simple"},"_links":{"self":[{"href":"https:\/\/original-militaria.com\/en\/wp-json\/wp\/v2\/product\/12010","targetHints":{"allow":["GET"]}}],"collection":[{"href":"https:\/\/original-militaria.com\/en\/wp-json\/wp\/v2\/product"}],"about":[{"href":"https:\/\/original-militaria.com\/en\/wp-json\/wp\/v2\/types\/product"}],"wp:featuredmedia":[{"embeddable":true,"href":"https:\/\/original-militaria.com\/en\/wp-json\/wp\/v2\/media\/12011"}],"wp:attachment":[{"href":"https:\/\/original-militaria.com\/en\/wp-json\/wp\/v2\/media?parent=12010"}],"wp:term":[{"taxonomy":"product_brand","embeddable":true,"href":"https:\/\/original-militaria.com\/en\/wp-json\/wp\/v2\/product_brand?post=12010"},{"taxonomy":"product_cat","embeddable":true,"href":"https:\/\/original-militaria.com\/en\/wp-json\/wp\/v2\/product_cat?post=12010"},{"taxonomy":"product_tag","embeddable":true,"href":"https:\/\/original-militaria.com\/en\/wp-json\/wp\/v2\/product_tag?post=12010"}],"curies":[{"name":"wp","href":"https:\/\/api.w.org\/{rel}","templated":true}]}}