{"id":11924,"date":"2017-09-05T12:01:04","date_gmt":"2017-09-05T12:01:04","guid":{"rendered":"https:\/\/original-militaria.com\/?post_type=product&#038;p=11924"},"modified":"2020-06-02T17:32:56","modified_gmt":"2020-06-02T17:32:56","slug":"gafas-sovieticas-para-unidades-blindadas-y-pilotos-de-ww2","status":"publish","type":"product","link":"https:\/\/original-militaria.com\/en\/producto\/gafas-sovieticas-para-unidades-blindadas-y-pilotos-de-ww2\/","title":{"rendered":"Gafas Sovi\u00e9ticas para Unidades Blindadas y Pilotos de WW2"},"content":{"rendered":"<p align=\"justify\"><span style=\"font-family: Verdana;font-size: medium\">Rar\u00edsimas gafas sovi\u00e9ticas usadas en la Guerra Civil Espa\u00f1ola y durante la WW2 tanto por unidades blindadas, como por la fuerza a\u00e9rea, fabricadas en cuero y con marcos de aluminio, son totalmente plegables. Se encuentra en un estado excelente salvo la goma el\u00e1stica que est\u00e1 estirada pero sin da\u00f1os. Provienen de un militar fallecido de la Academia General del Aire (AGA) con sede en San Javier (Murcia) que estuvo en la guerra civil.<\/span><\/p>\n<p align=\"justify\"><span style=\"font-family: Verdana;font-size: medium\"><strong>Nota.-<\/strong> Este tipo de gafas fueron fabricadas tambi\u00e9n despu\u00e9s de la guerra, de hecho se venden muchas diciendo que son de WW2, por este motivo ponemos una foto de las de pos-guerra.<br \/>\n<\/span><\/p>\n","protected":false},"excerpt":{"rendered":"<p align=\"justify\"><span style=\"font-family: Verdana;font-size: medium\"><strong>DESCRIPCI\u00d3N:<\/strong> Rar\u00edsimas gafas sovi\u00e9ticas usadas en la Guerra Civil Espa\u00f1ola y durante la WW2 tanto por unidades blindadas, como por la fuerza a\u00e9rea, fabricadas en cuero y con marcos de aluminio, son totalmente plegables. Se encuentra en un estado excelente salvo la goma el\u00e1stica que est\u00e1 estirada pero sin da\u00f1os. Provienen de un militar fallecido de la Academia General del Aire (AGA) con sede en SanJavier\u00a0(Murcia)\u00a0que estuvo en la guerra civil.<\/span><\/p>\n<p align=\"justify\"><span style=\"font-family: Verdana;font-size: medium\"><strong>Nota.-<\/strong> Este tipo de gafas fueron fabricadas tambi\u00e9n despu\u00e9s de la guerra, de hecho se venden muchas diciendo que son de WW2, por este motivo ponemos una foto de las de pos-guerra.<br \/>\n<\/span><\/p>\n","protected":false},"featured_media":11925,"template":"","meta":[],"product_brand":[],"product_cat":[194,176],"product_tag":[],"class_list":{"0":"post-11924","1":"product","2":"type-product","3":"status-publish","4":"has-post-thumbnail","6":"product_cat-guerra-civil","7":"product_cat-militaria-otras-naciones","8":"sales-flash-overlay","9":"woocommerce-text-align-center","10":"woocommerce-image-align-center","11":"do-quantity-buttons","13":"first","14":"instock","15":"purchasable","16":"product-type-simple"},"_links":{"self":[{"href":"https:\/\/original-militaria.com\/en\/wp-json\/wp\/v2\/product\/11924","targetHints":{"allow":["GET"]}}],"collection":[{"href":"https:\/\/original-militaria.com\/en\/wp-json\/wp\/v2\/product"}],"about":[{"href":"https:\/\/original-militaria.com\/en\/wp-json\/wp\/v2\/types\/product"}],"wp:featuredmedia":[{"embeddable":true,"href":"https:\/\/original-militaria.com\/en\/wp-json\/wp\/v2\/media\/11925"}],"wp:attachment":[{"href":"https:\/\/original-militaria.com\/en\/wp-json\/wp\/v2\/media?parent=11924"}],"wp:term":[{"taxonomy":"product_brand","embeddable":true,"href":"https:\/\/original-militaria.com\/en\/wp-json\/wp\/v2\/product_brand?post=11924"},{"taxonomy":"product_cat","embeddable":true,"href":"https:\/\/original-militaria.com\/en\/wp-json\/wp\/v2\/product_cat?post=11924"},{"taxonomy":"product_tag","embeddable":true,"href":"https:\/\/original-militaria.com\/en\/wp-json\/wp\/v2\/product_tag?post=11924"}],"curies":[{"name":"wp","href":"https:\/\/api.w.org\/{rel}","templated":true}]}}