{"id":11793,"date":"2017-09-05T12:00:21","date_gmt":"2017-09-05T12:00:21","guid":{"rendered":"https:\/\/original-militaria.com\/?post_type=product&#038;p=11793"},"modified":"2025-04-01T13:01:09","modified_gmt":"2025-04-01T11:01:09","slug":"pasaporte-aleman-marcado-judenstempel-para-un-medico-judio-de-1939","status":"publish","type":"product","link":"https:\/\/original-militaria.com\/en\/producto\/pasaporte-aleman-marcado-judenstempel-para-un-medico-judio-de-1939\/","title":{"rendered":"Pasaporte Alem\u00e1n Marcado &#8220;Judenstempel&#8221; para un Medico Jud\u00edo de 1939"},"content":{"rendered":"<p align=\"justify\"><span style=\"font-family: Verdana; font-size: medium;\"><strong>ANTECEDENTES:<\/strong> En 1938 el jefe de la polic\u00eda de extranjer\u00eda Suiza Heinrich Rothmund insisti\u00f3 para que las autoridades alemanas introdujeran el notorio timbre con la letra \u00abJ\u00bb, el famoso &#8220;sello jud\u00edo&#8221; en los pasaportes de los ciudadanos alemanes jud\u00edos. El 17 de agosto de este a\u00f1o, los jud\u00edos varones tuvieron que a\u00f1adir &#8220;Israel&#8221; y las mujeres jud\u00edas \u201cSara&#8221; a sus nombres, el 5 de octubre fue obligatorio incluir la may\u00fascula &#8220;J&#8221; impresa sobre sus pasaportes. A partir de esta inclusi\u00f3n, los nazis empezaron a dar un trato administrativo diferente a los incriminados. <\/span><\/p>\n<p><strong>DESCRIPCION:<\/strong> Pasaporte alem\u00e1n marcado con el\u00a0sello Jud\u00edo <span style=\"color: #ff0000;\">&#8220;J&#8221;<\/span> (Judenstempel), para un Medico\u00a0de ascendencia jud\u00eda, con sus 32 p\u00e1ginas y foto (Reisepass &#8220;J&#8221; f\u00fcr Juden) del segundo modelo a partir de 1936, cuando se sustituye el \u00e1guila de Weimar por una Hoheitszeichen (\u00e1guila y esv\u00e1stica) entre Deutsches Reich y Reisepass, est\u00e1 marcado con una gran letra roja <span style=\"color: #ff0000;\">&#8220;J&#8221;<\/span> para identificaci\u00f3n de los ciudadanos de origen Jud\u00edo.<\/p>\n<p align=\"justify\"><span style=\"font-family: Verdana; font-size: medium;\">Se trata de un m\u00e9dico\u00a0llamado <span style=\"color: #ff0000;\">&#8220;Hans Israel&#8221;<\/span> (Las leyes raciales nazis obligaban a todos los varones jud\u00edos a poner como segundo nombre &#8220;Israel&#8221;), como se puede ver fue puesto despu\u00e9s, posiblemente por la polic\u00eda a l\u00e1piz, nacido en en la ciudad alemana de Hassloch\u00a0el 2 de marzo de 1904,\u00a0con domicilio en\u00a0Wiesbaden.\u00a0El pasaporte e<\/span><span style=\"font-family: Verdana; font-size: medium;\">st\u00e1 firmado por el Polizeipr\u00e4sident (Jefe de la Polic\u00eda) de Wiesbaden\u00a0el d\u00eda\u00a015 de\u00a0febrero de 1939. Generalmente los pasaportes alemanes teni\u00e1n una validez de diez a\u00f1os, pero este pasaporte para Jud\u00edos s\u00f3lo era v\u00e1lido por un a\u00f1o.\u00a0 <\/span><\/p>\n<p align=\"justify\"><span style=\"font-family: Verdana; font-size: medium;\">Tiene\u00a0sellos y visados, entre otros\u00a0del Consulado de Francia, <span style=\"color: #ff0000;\">raro<\/span> permiso de residencia en Suiza de la\u00a0Schweizerische Eidgenossenschaft (Confederaci\u00f3n Suiza), visado del C\u00f3nsul General de Chile, permiso de desembarco del Consulado general de la Rep\u00fablica de Argentina en Francia, permiso de viaje de la Prefectura mar\u00edtima de Bordeaux, visado de salida de Francia, visado del Consulado de Ecuador, etc<\/span><\/p>\n","protected":false},"excerpt":{"rendered":"<p align=\"justify\"><span style=\"font-family: Verdana; font-size: medium;\"><strong>ANTECEDENTES:<\/strong> En 1938 el jefe de la polic\u00eda de extranjer\u00eda Suiza Heinrich Rothmund insisti\u00f3 para que las autoridades alemanas introdujeran el notorio timbre con la letra \u00abJ\u00bb, el famoso &#8220;sello jud\u00edo&#8221; en los pasaportes de los ciudadanos alemanes jud\u00edos. El 17 de agosto de este a\u00f1o, los jud\u00edos varones tuvieron que a\u00f1adir &#8220;Israel&#8221; y las mujeres jud\u00edas \u201cSara&#8221; a sus nombres, el 5 de octubre fue obligatorio incluir la may\u00fascula &#8220;J&#8221; impresa sobre sus pasaportes. A partir de esta inclusi\u00f3n, los nazis empezaron a dar un trato administrativo diferente a los incriminados. <\/span><\/p>\n<p><strong>DESCRIPCION:<\/strong> Pasaporte alem\u00e1n marcado con el\u00a0sello Jud\u00edo <span style=\"color: #ff0000;\">&#8220;J&#8221;<\/span> (Judenstempel), para un Medico\u00a0de ascendencia jud\u00eda, con sus 32 p\u00e1ginas y foto (Reisepass &#8220;J&#8221; f\u00fcr Juden) del segundo modelo a partir de 1936, cuando se sustituye el \u00e1guila de Weimar por una Hoheitszeichen (\u00e1guila y esv\u00e1stica) entre Deutsches Reich y Reisepass, est\u00e1 marcado con una gran letra roja <span style=\"color: #ff0000;\">&#8220;J&#8221;<\/span> para identificaci\u00f3n de los ciudadanos de origen Jud\u00edo.<\/p>\n<p align=\"justify\"><span style=\"font-family: Verdana; font-size: medium;\">Se trata de un m\u00e9dico\u00a0llamado <span style=\"color: #ff0000;\">&#8220;Hans Israel&#8221;<\/span> (Las leyes raciales nazis obligaban a todos los varones jud\u00edos a poner como segundo nombre &#8220;Israel&#8221;), como se puede ver fue puesto despu\u00e9s, posiblemente por la polic\u00eda a l\u00e1piz, nacido en en la ciudad alemana de Hassloch\u00a0el 2 de marzo de 1904,\u00a0con domicilio en\u00a0Wiesbaden.\u00a0El pasaporte e<\/span><span style=\"font-family: Verdana; font-size: medium;\">st\u00e1 firmado por el Polizeipr\u00e4sident (Jefe de la Polic\u00eda) de Wiesbaden\u00a0el d\u00eda\u00a015 de\u00a0febrero de 1939. Generalmente los pasaportes alemanes teni\u00e1n una validez de diez a\u00f1os, pero este pasaporte para Jud\u00edos s\u00f3lo era v\u00e1lido por un a\u00f1o.\u00a0 <\/span><\/p>\n<p align=\"justify\"><span style=\"font-family: Verdana; font-size: medium;\">Tiene\u00a0sellos y visados, entre otros\u00a0del Consulado de Francia, <span style=\"color: #ff0000;\">raro<\/span> permiso de residencia en Suiza de la\u00a0Schweizerische Eidgenossenschaft (Confederaci\u00f3n Suiza), visado del C\u00f3nsul General de Chile, permiso de desembarco del Consulado general de la Rep\u00fablica de Argentina en Francia, permiso de viaje de la Prefectura mar\u00edtima de Bordeaux, visado de salida de Francia, visado del Consulado de Ecuador, etc<\/span><\/p>\n","protected":false},"featured_media":11794,"template":"","meta":[],"product_brand":[],"product_cat":[224],"product_tag":[],"class_list":{"0":"post-11793","1":"product","2":"type-product","3":"status-publish","4":"has-post-thumbnail","6":"product_cat-archivo-vendidos","7":"sales-flash-overlay","8":"woocommerce-text-align-center","9":"woocommerce-image-align-center","10":"do-quantity-buttons","12":"first","13":"outofstock","14":"product-type-simple"},"_links":{"self":[{"href":"https:\/\/original-militaria.com\/en\/wp-json\/wp\/v2\/product\/11793","targetHints":{"allow":["GET"]}}],"collection":[{"href":"https:\/\/original-militaria.com\/en\/wp-json\/wp\/v2\/product"}],"about":[{"href":"https:\/\/original-militaria.com\/en\/wp-json\/wp\/v2\/types\/product"}],"wp:featuredmedia":[{"embeddable":true,"href":"https:\/\/original-militaria.com\/en\/wp-json\/wp\/v2\/media\/11794"}],"wp:attachment":[{"href":"https:\/\/original-militaria.com\/en\/wp-json\/wp\/v2\/media?parent=11793"}],"wp:term":[{"taxonomy":"product_brand","embeddable":true,"href":"https:\/\/original-militaria.com\/en\/wp-json\/wp\/v2\/product_brand?post=11793"},{"taxonomy":"product_cat","embeddable":true,"href":"https:\/\/original-militaria.com\/en\/wp-json\/wp\/v2\/product_cat?post=11793"},{"taxonomy":"product_tag","embeddable":true,"href":"https:\/\/original-militaria.com\/en\/wp-json\/wp\/v2\/product_tag?post=11793"}],"curies":[{"name":"wp","href":"https:\/\/api.w.org\/{rel}","templated":true}]}}