{"id":11767,"date":"2017-09-05T12:00:10","date_gmt":"2017-09-05T12:00:10","guid":{"rendered":"https:\/\/original-militaria.com\/?post_type=product&#038;p=11767"},"modified":"2022-01-31T19:08:10","modified_gmt":"2022-01-31T18:08:10","slug":"pasaporte-marcado-j-para-una-mujer-judia-1939","status":"publish","type":"product","link":"https:\/\/original-militaria.com\/en\/producto\/pasaporte-marcado-j-para-una-mujer-judia-1939\/","title":{"rendered":"Pasaporte Marcado &#8220;J&#8221; para una Mujer Jud\u00eda, 1939"},"content":{"rendered":"<p align=\"justify\"><span style=\"font-family: verdana, geneva, sans-serif;font-size: 12pt\"><strong>ANTECEDENTES:<\/strong> En 1938 el jefe de la polic\u00eda de extranjer\u00eda Suiza Heinrich Rothmund insisti\u00f3 para que las autoridades alemanas introdujeran el notorio timbre con la letra \u00abJ\u00bb, el famoso &#8220;sello jud\u00edo&#8221; en los pasaportes de los ciudadanos alemanes jud\u00edos. El 17 de agosto de este a\u00f1o, los jud\u00edos varones tuvieron que a\u00f1adir &#8220;Israel&#8221; y las mujeres jud\u00edas \u201cSara&#8221; a sus nombres, el 5 de octubre fue obligatorio incluir la may\u00fascula &#8220;J&#8221; impresa sobre sus pasaportes. A partir de esta inclusi\u00f3n, los nazis empezaron a dar un trato administrativo diferente a los incriminados. <\/span><\/p>\n<p><span style=\"font-size: 12pt;font-family: verdana, geneva, sans-serif\"><strong>DESCRIPCION:<\/strong> Excelente ejemplo de pasaporte alem\u00e1n <span style=\"color: #ff0000\">&#8220;cancelado&#8221;<\/span> (UNG\u00dcLTIG) marcado el\u00a0sello Jud\u00edo <span style=\"color: #ff0000\">&#8220;J&#8221;<\/span> (Judenstempel) para un se\u00f1ora de ascendencia jud\u00eda, con sus 32 p\u00e1ginas y foto (Reisepass &#8220;J&#8221; f\u00fcr Juden) del segundo modelo a partir de 1936, cuando se sustituye el \u00e1guila de Weimar por una Hoheitszeichen (\u00e1guila y esv\u00e1stica) entre Deutsches Reich y Reisepass, est\u00e1 marcado con una gran letra roja <span style=\"color: #ff0000\">&#8220;J&#8221;<\/span> para identificaci\u00f3n de los ciudadanos de origen Jud\u00edo.\u00a0<\/span><\/p>\n<p align=\"justify\"><span style=\"font-size: 12pt;font-family: verdana, geneva, sans-serif\">Se trata de una se\u00f1ora llamada de segundo nombre <span style=\"color: #ff0000\">&#8220;Sara&#8221;<\/span>, (Las leyes raciales nazis obligaban a todos los mujeres jud\u00edas a poner como segundo nombre &#8220;Sara&#8221;), nacida en Munich\u00a0el 26 de enero de 1890,\u00a0con domicilio en\u00a0Frankfurt am Main (Fr\u00e1ncfort del Meno).\u00a0El pasaporte est\u00e1 firmado por el Polizeipr\u00e4sident (Jefe de la Polic\u00eda) de Frankfurt\u00a0el d\u00eda 23 de\u00a0marzo de 1939. Generalmente los pasaportes alemanes teni\u00e1n una validez de diez a\u00f1os, pero este pasaporte para Jud\u00edos s\u00f3lo era v\u00e1lido por un a\u00f1o.\u00a0 <\/span><\/p>\n<p align=\"justify\"><span style=\"font-family: verdana, geneva, sans-serif;font-size: 12pt\">Tiene\u00a0sellos y visados de United kingdom (Reino Unido),\u00a0\u00a0del Polizeipr\u00e4sident\u00a0 de Frankfurt, del C\u00f3nsul general de Belgica, del aeropuerto de Bruselas, de una agencia de viajes de \u00a0Anverso-Belgio, del servicio de control de pasaportes de Chile, del\u00a0Vapor Virgilio, del Consulado de Italia, etc.<\/span><\/p>\n","protected":false},"excerpt":{"rendered":"<p align=\"justify\"><span style=\"font-family: Verdana;font-size: medium\"><strong>ANTECEDENTES:<\/strong> En 1938 el jefe de la polic\u00eda de extranjer\u00eda Suiza Heinrich Rothmund insisti\u00f3 para que las autoridades alemanas introdujeran el notorio timbre con la letra \u00abJ\u00bb, el famoso &#8220;sello jud\u00edo&#8221; en los pasaportes de los ciudadanos alemanes jud\u00edos. El 17 de agosto de este a\u00f1o, los jud\u00edos varones tuvieron que a\u00f1adir &#8220;Israel&#8221; y las mujeres jud\u00edas \u201cSara&#8221; a sus nombres, el 5 de octubre fue obligatorio incluir la may\u00fascula &#8220;J&#8221; impresa sobre sus pasaportes. A partir de esta inclusi\u00f3n, los nazis empezaron a dar un trato administrativo diferente a los incriminados. <\/span><\/p>\n<p><strong>DESCRIPCION:<\/strong> Excelente ejemplo de pasaporte alem\u00e1n <span style=\"color: #ff0000\">&#8220;cancelado&#8221;<\/span> (UNG\u00dcLTIG) marcado el\u00a0sello Jud\u00edo <span style=\"color: #ff0000\">&#8220;J&#8221;<\/span> (Judenstempel) para un se\u00f1ora de ascendencia jud\u00eda, con sus 32 p\u00e1ginas y foto (Reisepass &#8220;J&#8221; f\u00fcr Juden) del segundo modelo a partir de 1936, cuando se sustituye el \u00e1guila de Weimar por una Hoheitszeichen (\u00e1guila y esv\u00e1stica) entre Deutsches Reich y Reisepass, est\u00e1 marcado con una gran letra roja <span style=\"color: #ff0000\">&#8220;J&#8221;<\/span> para identificaci\u00f3n de los ciudadanos de origen Jud\u00edo.<\/p>\n<p align=\"justify\"><span style=\"font-family: Verdana;font-size: medium\">Se trata de una se\u00f1ora llamada de segundo nombre <span style=\"color: #ff0000\">&#8220;Sara&#8221;<\/span>, (Las leyes raciales nazis obligaban a todos los mujeres jud\u00edas a poner como segundo nombre &#8220;Sara&#8221;), nacida en Munich\u00a0el 26 de enero de 1890,\u00a0con domicilio en\u00a0Frankfurt am Main (Fr\u00e1ncfort del Meno).\u00a0El pasaporte e<\/span><span style=\"font-family: Verdana;font-size: medium\">st\u00e1 firmado por el Polizeipr\u00e4sident (Jefe de la Polic\u00eda) de Frankfurt\u00a0el d\u00eda 23 de\u00a0marzo de 1939. Generalmente los pasaportes alemanes teni\u00e1n una validez de diez a\u00f1os, pero este pasaporte para Jud\u00edos s\u00f3lo era v\u00e1lido por un a\u00f1o.\u00a0 <\/span><\/p>\n<p align=\"justify\"><span style=\"font-family: Verdana;font-size: medium\">Tiene\u00a0sellos y visados de United kingdom (Reino Unido),\u00a0\u00a0del Polizeipr\u00e4sident\u00a0 de Frankfurt, del C\u00f3nsul general de Belgica, del aeropuerto de Bruselas, de una agencia de viajes de \u00a0Anverso-Belgio, del servicio de control de pasaportes de Chile, del\u00a0Vapor Virgilio, del Consulado de Italia, etc.<\/span><\/p>\n","protected":false},"featured_media":11768,"template":"","meta":[],"product_brand":[],"product_cat":[224],"product_tag":[],"class_list":{"0":"post-11767","1":"product","2":"type-product","3":"status-publish","4":"has-post-thumbnail","6":"product_cat-archivo-vendidos","7":"sales-flash-overlay","8":"woocommerce-text-align-center","9":"woocommerce-image-align-center","10":"do-quantity-buttons","12":"first","13":"outofstock","14":"product-type-simple"},"_links":{"self":[{"href":"https:\/\/original-militaria.com\/en\/wp-json\/wp\/v2\/product\/11767","targetHints":{"allow":["GET"]}}],"collection":[{"href":"https:\/\/original-militaria.com\/en\/wp-json\/wp\/v2\/product"}],"about":[{"href":"https:\/\/original-militaria.com\/en\/wp-json\/wp\/v2\/types\/product"}],"wp:featuredmedia":[{"embeddable":true,"href":"https:\/\/original-militaria.com\/en\/wp-json\/wp\/v2\/media\/11768"}],"wp:attachment":[{"href":"https:\/\/original-militaria.com\/en\/wp-json\/wp\/v2\/media?parent=11767"}],"wp:term":[{"taxonomy":"product_brand","embeddable":true,"href":"https:\/\/original-militaria.com\/en\/wp-json\/wp\/v2\/product_brand?post=11767"},{"taxonomy":"product_cat","embeddable":true,"href":"https:\/\/original-militaria.com\/en\/wp-json\/wp\/v2\/product_cat?post=11767"},{"taxonomy":"product_tag","embeddable":true,"href":"https:\/\/original-militaria.com\/en\/wp-json\/wp\/v2\/product_tag?post=11767"}],"curies":[{"name":"wp","href":"https:\/\/api.w.org\/{rel}","templated":true}]}}