{"id":11753,"date":"2017-09-05T12:00:05","date_gmt":"2017-09-05T12:00:05","guid":{"rendered":"https:\/\/original-militaria.com\/?post_type=product&#038;p=11753"},"modified":"2022-01-31T19:08:10","modified_gmt":"2022-01-31T18:08:10","slug":"pasaporte-aleman-marcado-j-para-una-senora-judia-1939","status":"publish","type":"product","link":"https:\/\/original-militaria.com\/en\/producto\/pasaporte-aleman-marcado-j-para-una-senora-judia-1939\/","title":{"rendered":"German Passport Marked \u00abJudenstempel\u00bb from 1939. Mint Condition&#8212;Pasaporte Alem\u00e1n Marcado &#8220;J&#8221; para una Se\u00f1ora Jud\u00eda, 1939"},"content":{"rendered":"<p style=\"text-align: justify\" align=\"justify\"><span style=\"font-family: verdana, geneva, sans-serif;font-size: 12pt\"><strong>ANTECEDENTES:<\/strong> En 1938 el jefe de la polic\u00eda de extranjer\u00eda Suiza Heinrich Rothmund insisti\u00f3 para que las autoridades alemanas introdujeran el notorio timbre con la letra \u00abJ\u00bb, el famoso &#8220;sello jud\u00edo&#8221; en los pasaportes de los ciudadanos alemanes jud\u00edos. El 17 de agosto de este a\u00f1o, los jud\u00edos varones tuvieron que a\u00f1adir &#8220;Israel&#8221; y las mujeres judias \u201cSara&#8221; a sus nombres, el 5 de octubre fue obligatorio incluir la may\u00fascula &#8220;J&#8221; impresa sobre sus pasaportes. A partir de esta inclusi\u00f3n, los nazis empezaron a dar un trato administrativo diferente a los incriminados. <\/span><\/p>\n<p style=\"text-align: justify\"><span style=\"font-size: 12pt;font-family: verdana, geneva, sans-serif\"><strong>DESCRIPCION:<\/strong> Pasaporte alem\u00e1n completo marcado el\u00a0sello Jud\u00edo &#8220;J&#8221; (Judenstempel) para un se\u00f1ora de ascendencia jud\u00eda, con sus 32 p\u00e1ginas y foto (Reisepass &#8220;J&#8221; f\u00fcr Juden) del segundo modelo a partir de 1936, cuando se sustituye el \u00e1guila de Weimar por una Hoheitszeichen (\u00e1guila y esv\u00e1stica) entre Deutsches Reich y Reisepass, est\u00e1 marcado con una gran letra roja &#8220;J&#8221; para identificaci\u00f3n de los ciudadanos de orig\u00e9n Judio.\u00a0<\/span><\/p>\n<p style=\"text-align: justify\" align=\"justify\"><span style=\"font-size: 12pt;font-family: verdana, geneva, sans-serif\">Se trata de una se\u00f1ora llamada &#8220;Emma Sara&#8221;, nacida en Rheinberg\u00a0el 19 de\u00a0febrero de 1890,\u00a0con domicilio en\u00a0Rheinberg.\u00a0El pasaporte est\u00e1 firmado por el B\u00fcrgermeister als Ortspolizeibeh\u00f6rde de Rheinberg\u00a0(El Alcalde como autoridad de polic\u00eda local) el 19 de marzo de 1939. Curiosamente en vez de hacerlo por un a\u00f1o, se lo dan por cinco a\u00f1os, cosa rara. <\/span><\/p>\n<p style=\"text-align: justify\" align=\"justify\"><span style=\"font-family: verdana, geneva, sans-serif;font-size: 12pt\">Tiene\u00a0sello del servicio de control de pasaportes de Chile, visado del Consulado de chile en\u00a0Berl\u00edn firmado por el C\u00f3nsul, un sello de\u00a0la ciudad de\u00a0Bonn firmado por el Jefe de distrito, y un visado del Consulado Italiano en Francoforte, firmado por el C\u00f3nsul general. <\/span><\/p>\n","protected":false},"excerpt":{"rendered":"<p align=\"justify\"><span style=\"font-family: Verdana;font-size: medium\"><strong>ANTECEDENTES:<\/strong> En 1938 el jefe de la polic\u00eda de extranjer\u00eda Suiza Heinrich Rothmund insisti\u00f3 para que las autoridades alemanas introdujeran el notorio timbre con la letra \u00abJ\u00bb, el famoso &#8220;sello jud\u00edo&#8221; en los pasaportes de los ciudadanos alemanes jud\u00edos. El 17 de agosto de este a\u00f1o, los jud\u00edos varones tuvieron que a\u00f1adir &#8220;Israel&#8221; y las mujeres judias \u201cSara&#8221; a sus nombres, el 5 de octubre fue obligatorio incluir la may\u00fascula &#8220;J&#8221; impresa sobre sus pasaportes. A partir de esta inclusi\u00f3n, los nazis empezaron a dar un trato administrativo diferente a los incriminados. <\/span><\/p>\n<p><strong>DESCRIPCION:<\/strong> Pasaporte alem\u00e1n completo marcado el\u00a0sello Jud\u00edo <span style=\"color: #ff0000\">&#8220;J&#8221;<\/span> (Judenstempel) para un se\u00f1ora de ascendencia jud\u00eda, con sus 32 p\u00e1ginas y foto (Reisepass &#8220;J&#8221; f\u00fcr Juden) del segundo modelo a partir de 1936, cuando se sustituye el \u00e1guila de Weimar por una Hoheitszeichen (\u00e1guila y esv\u00e1stica) entre Deutsches Reich y Reisepass, est\u00e1 marcado con una gran letra roja <span style=\"color: #ff0000\">&#8220;J&#8221;<\/span> para identificaci\u00f3n de los ciudadanos de orig\u00e9n Judio.<\/p>\n<p align=\"justify\"><span style=\"font-family: Verdana;font-size: medium\">Se trata de una se\u00f1ora llamada <span style=\"color: #ff0000\">&#8220;Emma Sara&#8221;<\/span>, nacida en Rheinberg\u00a0el 19 de\u00a0febrero de 1890,\u00a0con domicilio en\u00a0Rheinberg.\u00a0El pasaporte e<\/span><span style=\"font-family: Verdana;font-size: medium\">st\u00e1 firmado por el B\u00fcrgermeister als Ortspolizeibeh\u00f6rde de Rheinberg\u00a0(El Alcalde como autoridad de polic\u00eda local) el 19 de marzo de 1939. Curiosamente en vez de hacerlo por un a\u00f1o, se lo dan por cinco a\u00f1os, cosa rara. <\/span><\/p>\n<p align=\"justify\"><span style=\"font-family: Verdana;font-size: medium\">Tiene\u00a0sello del servicio de control de pasaportes de Chile, visado del Consulado de chile en\u00a0Berl\u00edn firmado por el C\u00f3nsul, un sello de\u00a0la ciudad de\u00a0Bonn firmado por el Jefe de distrito, y un visado del Consulado Italiano en Francoforte, firmado por el C\u00f3nsul general. <\/span><\/p>\n","protected":false},"featured_media":11754,"template":"","meta":[],"product_brand":[],"product_cat":[224],"product_tag":[],"class_list":{"0":"post-11753","1":"product","2":"type-product","3":"status-publish","4":"has-post-thumbnail","6":"product_cat-archivo-vendidos","7":"sales-flash-overlay","8":"woocommerce-text-align-center","9":"woocommerce-image-align-center","10":"do-quantity-buttons","12":"first","13":"outofstock","14":"purchasable","15":"product-type-simple"},"_links":{"self":[{"href":"https:\/\/original-militaria.com\/en\/wp-json\/wp\/v2\/product\/11753","targetHints":{"allow":["GET"]}}],"collection":[{"href":"https:\/\/original-militaria.com\/en\/wp-json\/wp\/v2\/product"}],"about":[{"href":"https:\/\/original-militaria.com\/en\/wp-json\/wp\/v2\/types\/product"}],"wp:featuredmedia":[{"embeddable":true,"href":"https:\/\/original-militaria.com\/en\/wp-json\/wp\/v2\/media\/11754"}],"wp:attachment":[{"href":"https:\/\/original-militaria.com\/en\/wp-json\/wp\/v2\/media?parent=11753"}],"wp:term":[{"taxonomy":"product_brand","embeddable":true,"href":"https:\/\/original-militaria.com\/en\/wp-json\/wp\/v2\/product_brand?post=11753"},{"taxonomy":"product_cat","embeddable":true,"href":"https:\/\/original-militaria.com\/en\/wp-json\/wp\/v2\/product_cat?post=11753"},{"taxonomy":"product_tag","embeddable":true,"href":"https:\/\/original-militaria.com\/en\/wp-json\/wp\/v2\/product_tag?post=11753"}],"curies":[{"name":"wp","href":"https:\/\/api.w.org\/{rel}","templated":true}]}}