{"id":11702,"date":"2017-09-05T11:59:47","date_gmt":"2017-09-05T11:59:47","guid":{"rendered":"https:\/\/original-militaria.com\/?post_type=product&#038;p=11702"},"modified":"2022-01-31T19:08:09","modified_gmt":"2022-01-31T18:08:09","slug":"uniforme-de-guardia-civil-de-ii-republica-1931-36","status":"publish","type":"product","link":"https:\/\/original-militaria.com\/en\/producto\/uniforme-de-guardia-civil-de-ii-republica-1931-36\/","title":{"rendered":"Spain\/ Uniform of the Civil Guard of the \u00abSecond Republic\u00bb, 1931\/36&#8211;Guerrera-uniforme de Guardia Civil de &#8220;II Rep\u00fablica&#8221;, 1931\/36"},"content":{"rendered":"<p align=\"justify\"><span style=\"font-family: Verdana;font-size: medium\"><strong>ANTECEDENTES: <\/strong>Al comenzar la guerra civil, la Guardia Civil se integr\u00f3 en la Guardia Nacional Republicana, en el bando gubernamental. Por lo que respecta al bando Nacional, mantuvo su uniformidad, pero restituyendo la escarapela rojigualda en el tricornio.<\/span><\/p>\n<p align=\"justify\"><span style=\"font-family: Verdana;font-size: medium\"><strong>DESCRIPCION:<\/strong> Uniforme de dotaci\u00f3n de diario para un Guardia Civil de la &#8220;Segunda Rep\u00fablica&#8221; (1931-1936), consta de levita y pantal\u00f3n.\u00a0La levita de lana de excelente calidad (sin agujeros de polilla ni roturas) lleva los emblemas en el cuello seg\u00fan el modelo aprobado en 1931, conserva sus 22 botones marcados, las hombreras de\u00a0hilo de algod\u00f3n reglamentarias. En el interior\u00a0\u00a0<\/span><span style=\"font-family: Verdana;font-size: medium\">etiqueta del sastre de &#8220;BEJAR, MADRID&#8221;, y sello de la &#8220;Comandancia de la Guardia Civil de Murcia&#8221;,\u00a0en la espalda\u00a0tiene bordadas las iniciales del propietario,\u00a0mantiene su ce\u00f1idor.\u00a0Los pantalones con dos peque\u00f1os agujeros de polilla al final de una de las patas son\u00a0rectos,\u00a0todos sus botones intactos, con sello tambi\u00e9n de la &#8220;Comandancia de la Guardia Civil de Murcia&#8221;, y las iniciales del propietario tambi\u00e9n bordadas. Un excelente ejemplo de uniforme y en buena talla.<\/span><\/p>\n","protected":false},"excerpt":{"rendered":"<p align=\"justify\"><span style=\"font-family: Verdana;font-size: medium\"><strong>ANTECEDENTES: <\/strong>Al comenzar la guerra civil, la Guardia Civil se integr\u00f3 en la Guardia Nacional Republicana, en el bando gubernamental. Por lo que respecta al bando Nacional, mantuvo su uniformidad, pero restituyendo la escarapela rojigualda en el tricornio.<\/span><\/p>\n<p align=\"justify\"><span style=\"font-family: Verdana;font-size: medium\"><strong>DESCRIPCION:<\/strong> Uniforme de dotaci\u00f3n de diario para un Guardia Civil de la <span style=\"color: #ff0000\">&#8220;Segunda Rep\u00fablica&#8221;<\/span> (1931-1936), consta de levita y pantal\u00f3n.\u00a0La levita de lana de excelente calidad (sin agujeros de polilla ni roturas) lleva los emblemas en el cuello seg\u00fan el modelo aprobado en 1931, conserva sus 22 botones marcados, las hombreras de\u00a0hilo de algod\u00f3n reglamentarias. En el interior\u00a0\u00a0<\/span><span style=\"font-family: Verdana;font-size: medium\">etiqueta del sastre de <span style=\"color: #ff0000\">&#8220;BEJAR, MADRID&#8221;<\/span>, y sello de la <span style=\"color: #ff0000\">&#8220;Comandancia de la Guardia Civil de Murcia&#8221;<\/span>,\u00a0en la espalda\u00a0tiene bordadas las iniciales del propietario,\u00a0mantiene su ce\u00f1idor.\u00a0Los pantalones con dos peque\u00f1os agujeros de polilla al final de una de las patas son\u00a0rectos,\u00a0todos sus botones intactos, con sello tambi\u00e9n de la <span style=\"color: #ff0000\">&#8220;Comandancia de la Guardia Civil de Murcia&#8221;<\/span>, y las iniciales del propietario tambi\u00e9n bordadas. Un excelente ejemplo de uniforme y en buena talla.<\/span><\/p>\n","protected":false},"featured_media":11703,"template":"","meta":[],"product_brand":[],"product_cat":[224],"product_tag":[],"class_list":{"0":"post-11702","1":"product","2":"type-product","3":"status-publish","4":"has-post-thumbnail","6":"product_cat-archivo-vendidos","7":"sales-flash-overlay","8":"woocommerce-text-align-center","9":"woocommerce-image-align-center","10":"do-quantity-buttons","12":"first","13":"outofstock","14":"purchasable","15":"product-type-simple"},"_links":{"self":[{"href":"https:\/\/original-militaria.com\/en\/wp-json\/wp\/v2\/product\/11702","targetHints":{"allow":["GET"]}}],"collection":[{"href":"https:\/\/original-militaria.com\/en\/wp-json\/wp\/v2\/product"}],"about":[{"href":"https:\/\/original-militaria.com\/en\/wp-json\/wp\/v2\/types\/product"}],"wp:featuredmedia":[{"embeddable":true,"href":"https:\/\/original-militaria.com\/en\/wp-json\/wp\/v2\/media\/11703"}],"wp:attachment":[{"href":"https:\/\/original-militaria.com\/en\/wp-json\/wp\/v2\/media?parent=11702"}],"wp:term":[{"taxonomy":"product_brand","embeddable":true,"href":"https:\/\/original-militaria.com\/en\/wp-json\/wp\/v2\/product_brand?post=11702"},{"taxonomy":"product_cat","embeddable":true,"href":"https:\/\/original-militaria.com\/en\/wp-json\/wp\/v2\/product_cat?post=11702"},{"taxonomy":"product_tag","embeddable":true,"href":"https:\/\/original-militaria.com\/en\/wp-json\/wp\/v2\/product_tag?post=11702"}],"curies":[{"name":"wp","href":"https:\/\/api.w.org\/{rel}","templated":true}]}}