{"id":11682,"date":"2017-09-05T11:59:41","date_gmt":"2017-09-05T11:59:41","guid":{"rendered":"https:\/\/original-militaria.com\/?post_type=product&#038;p=11682"},"modified":"2025-02-18T12:56:40","modified_gmt":"2025-02-18T11:56:40","slug":"cinturon-modelo-sam-browne-de-oficial","status":"publish","type":"product","link":"https:\/\/original-militaria.com\/en\/producto\/cinturon-modelo-sam-browne-de-oficial\/","title":{"rendered":"Officer\u00b4s &#8220;Sam Browne&#8221; Belt&#8211;  Cintur\u00f3n Modelo &#8220;Sam Browne&#8221; de Oficial"},"content":{"rendered":"<p align=\"justify\"><span style=\"font-family: Verdana; font-size: medium;\"><strong>ANTECEDENTES:<\/strong> Este toma su nombre del Capit\u00e1n de Caballer\u00eda Sam Browne, oficial del ej\u00e9rcito brit\u00e1nico en la India., El 31 de agosto de 1858, el capit\u00e1n Browne estuvo involucrado en los enfrentamientos cerca de Seerporah. En esta batalla perdi\u00f3 un brazo a la altura del hombro, sin la mano izquierda, se encontr\u00f3 con que era incapaz de controlar o desenvainar la espada. Entonces se le ocurri\u00f3 la idea de usar un segundo cintur\u00f3n en bandolera que pas\u00f3 por encima de su hombro derecho con unas trabillas con una hebilla en forma de &#8220;D&#8221; , as\u00ed la vaina se manten\u00eda justo en el lugar que quer\u00eda, y pod\u00eda desenvainar la espada, se enganchaba en un grueso cintur\u00f3n de cuero. Pronto se convirti\u00f3 en parte del uniforme est\u00e1ndar. Durante la Guerra de los Boers, la plataforma fue copiada por el Imperio y las tropas de la Commonwealth y se convirti\u00f3 en una caracter\u00edstica est\u00e1ndar en el uniforme de Oficial. <\/span><\/p>\n<p align=\"justify\"><span style=\"font-family: Verdana; font-size: medium;\"><strong>DESCRIPCI\u00d3N:<\/strong> Excelente ejemplo de cintur\u00f3n modelo &#8220;Sam Browne&#8221; para Oficiales del ej\u00e9rcito italiano de WW2, en cuero natural, sin emitir, completo con su segundo cintur\u00f3n de bandolera, el cuero en perfecto estado con las filigranas caracter\u00edsticos de este tipo de cinturones es flexible como nuevo, mide 121 cm de largo. No es el modelo espa\u00f1ol.<br \/>\n<\/span><\/p>\n","protected":false},"excerpt":{"rendered":"<p align=\"justify\"><span style=\"font-family: Verdana; font-size: medium;\"><strong>ANTECEDENTES:<\/strong> Este toma su nombre del Capit\u00e1n de Caballer\u00eda Sam Browne, oficial del ej\u00e9rcito brit\u00e1nico en la India., El 31 de agosto de 1858, el capit\u00e1n Browne estuvo involucrado en los enfrentamientos cerca de Seerporah. En esta batalla perdi\u00f3 un brazo a la altura del hombro, sin la mano izquierda, se encontr\u00f3 con que era incapaz de controlar o desenvainar la espada. Entonces se le ocurri\u00f3 la idea de usar un segundo cintur\u00f3n en bandolera que pas\u00f3 por encima de su hombro derecho con unas trabillas con una hebilla en forma de &#8220;D&#8221; , as\u00ed la vaina se manten\u00eda justo en el lugar que quer\u00eda, y pod\u00eda desenvainar la espada, se enganchaba en un grueso cintur\u00f3n de cuero. Pronto se convirti\u00f3 en parte del uniforme est\u00e1ndar. Durante la Guerra de los Boers, la plataforma fue copiada por el Imperio y las tropas de la Commonwealth y se convirti\u00f3 en una caracter\u00edstica est\u00e1ndar en el uniforme de Oficial. <\/span><\/p>\n<p align=\"justify\"><span style=\"font-family: Verdana; font-size: medium;\"><strong>DESCRIPCI\u00d3N:<\/strong> Excelente ejemplo de cintur\u00f3n modelo <span style=\"color: #ff0000;\">&#8220;Sam Browne&#8221;<\/span> para Oficiales del ej\u00e9rcito italiano de WW2, en cuero natural, sin emitir, completo con su segundo cintur\u00f3n de bandolera, el cuero en perfecto estado con las filigranas caracter\u00edsticos de este tipo de cinturones es flexible como nuevo, mide <span style=\"color: #ff0000;\">121 cm<\/span> de largo. No es el modelo espa\u00f1ol.<br \/>\n<\/span><\/p>\n","protected":false},"featured_media":11683,"template":"","meta":[],"product_brand":[],"product_cat":[224],"product_tag":[],"class_list":{"0":"post-11682","1":"product","2":"type-product","3":"status-publish","4":"has-post-thumbnail","6":"product_cat-archivo-vendidos","7":"sales-flash-overlay","8":"woocommerce-text-align-center","9":"woocommerce-image-align-center","10":"do-quantity-buttons","12":"first","13":"outofstock","14":"product-type-simple"},"_links":{"self":[{"href":"https:\/\/original-militaria.com\/en\/wp-json\/wp\/v2\/product\/11682","targetHints":{"allow":["GET"]}}],"collection":[{"href":"https:\/\/original-militaria.com\/en\/wp-json\/wp\/v2\/product"}],"about":[{"href":"https:\/\/original-militaria.com\/en\/wp-json\/wp\/v2\/types\/product"}],"wp:featuredmedia":[{"embeddable":true,"href":"https:\/\/original-militaria.com\/en\/wp-json\/wp\/v2\/media\/11683"}],"wp:attachment":[{"href":"https:\/\/original-militaria.com\/en\/wp-json\/wp\/v2\/media?parent=11682"}],"wp:term":[{"taxonomy":"product_brand","embeddable":true,"href":"https:\/\/original-militaria.com\/en\/wp-json\/wp\/v2\/product_brand?post=11682"},{"taxonomy":"product_cat","embeddable":true,"href":"https:\/\/original-militaria.com\/en\/wp-json\/wp\/v2\/product_cat?post=11682"},{"taxonomy":"product_tag","embeddable":true,"href":"https:\/\/original-militaria.com\/en\/wp-json\/wp\/v2\/product_tag?post=11682"}],"curies":[{"name":"wp","href":"https:\/\/api.w.org\/{rel}","templated":true}]}}