{"id":11667,"date":"2017-09-05T11:59:35","date_gmt":"2017-09-05T11:59:35","guid":{"rendered":"https:\/\/original-militaria.com\/?post_type=product&#038;p=11667"},"modified":"2022-01-31T19:08:09","modified_gmt":"2022-01-31T18:08:09","slug":"waffen-ss-sahariana-tropical-m1943","status":"publish","type":"product","link":"https:\/\/original-militaria.com\/en\/producto\/waffen-ss-sahariana-tropical-m1943\/","title":{"rendered":"Waffen SS\/ Tropical Sahariana Tunic 1943 &#8212; Waffen-SS\/  Sahariana (guerrera\/uniforme) Tropical M1943"},"content":{"rendered":"<p align=\"justify\"><span style=\"font-family: Verdana;font-size: medium\"><strong>ANTECEDENTES:<\/strong> Originalmente los uniformes y equipos tropicales fueron desarrollados y presentados por el ej\u00e9rcito alem\u00e1n a finales de 1940 y principios de 1941, para su uso por el DAK, Deutsches Afrika Korps. Como las Waffen-SS (SS-Armadas), no participaban en un principio en el teatro de operaciones del norte de \u00c1frica, para este cuerpo, no se incluy\u00f3 originalmente la edici\u00f3n de art\u00edculos tropicales. Las regulaciones emitidas a principios de 1941 prohibieron a las Waffen-SS usar cualquier tipo de uniformes y dem\u00e1s tocados tropicales del ej\u00e9rcito, a pesar del hecho de que los componentes de las Waffen-SS hab\u00edan servido en las regiones tropicales de los Balcanes, Grecia y el sur de Rusia en 1941. Aunque el desarrollo de las prendas de vestir tropicales se hab\u00eda discutido ya en 1940, los reglamentos para este menester no se abordaron oficialmente hasta 1943. Las Waffen-SS desarrollaron una variedad de uniformes y tocados tropicales, incluido el uso de la guerrera de campo tropical italiana denominada &#8220;Sahariana&#8221;.<\/span><\/p>\n<p align=\"justify\"><span style=\"font-family: Verdana;font-size: medium\"><strong>DESCRIPCION:<\/strong> Guerrera de campo tropical para las Waffen SS (Waffen-SS Tropen Feldbluse 2.Modell) de las denominadas &#8220;Sahariana&#8221;, basada en la sahariana italiana tropical, es del segundo modelo, alrededor de 1943, de color arena, fabricada en algod\u00f3n ligero. Tiene en el frontal cuatro botones, desde la espalda un canes\u00fa que llega hasta los dos bolsillos superiores con botones que hace de solapa de estos, y dos bolsillos de fuelle con botones y solapa, todos los botones son de sujeci\u00f3n de arandela. En las axilas tiene cuatro ojales de ventilaci\u00f3n, y en las mangas rectas los pu\u00f1os tienen un panel vertical con dos botones de baquelita color arena para su sujeci\u00f3n. En el interior sin forro, mantiene intactos los lazos para su ajuste a la altura de la cintura, y en el panel interior derecho est\u00e1 d\u00e9bilmente marcados los tama\u00f1os y el a\u00f1o. Carece de la insignia (\u00e1guila) identificativa de los SS. Tiene peque\u00f1as manchas (creo que de pintura), por lo dem\u00e1s perfecto estado, manteniendo muy vivos sus colores, peque\u00f1os desgastes por el uso, pero sin rotos ni desperfectos. Buena talla y oportunidad de tener una Sahariana SS a buen precio.<br \/>\n<\/span><\/p>\n","protected":false},"excerpt":{"rendered":"<p align=\"justify\"><span style=\"font-family: Verdana;font-size: medium\"><strong>ANTECEDENTES:<\/strong> Originalmente los uniformes y equipos tropicales fueron desarrollados y presentados por el ej\u00e9rcito alem\u00e1n a finales de 1940 y principios de 1941, para su uso por el DAK, Deutsches Afrika Korps. Como las Waffen-SS (SS-Armadas), no participaban en un principio en el teatro de operaciones del norte de \u00c1frica, para este cuerpo, no se incluy\u00f3 originalmente la edici\u00f3n de art\u00edculos tropicales. Las regulaciones emitidas a principios de 1941 prohibieron a las Waffen-SS usar cualquier tipo de uniformes y dem\u00e1s tocados tropicales del ej\u00e9rcito, a pesar del hecho de que los componentes de las Waffen-SS hab\u00edan servido en las regiones tropicales de los Balcanes, Grecia y el sur de Rusia en 1941. Aunque el desarrollo de las prendas de vestir tropicales se hab\u00eda discutido ya en 1940, los reglamentos para este menester no se abordaron oficialmente hasta 1943. Las Waffen-SS desarrollaron una variedad de uniformes y tocados tropicales, incluido el uso de la guerrera de campo tropical italiana denominada &#8220;Sahariana&#8221;.<\/span><\/p>\n<p align=\"justify\"><span style=\"font-family: Verdana;font-size: medium\"><strong>DESCRIPCION:<\/strong> Guerrera de campo tropical para las Waffen SS (Waffen-SS Tropen Feldbluse 2.Modell) de las denominadas <span style=\"color: #ff0000\">&#8220;Sahariana&#8221;<\/span>, basada en la sahariana italiana tropical, es del segundo modelo, alrededor de <span style=\"color: #ff0000\">1943<\/span>, de color arena, fabricada en algod\u00f3n ligero. Tiene en el frontal cuatro botones, desde la espalda un canes\u00fa que llega hasta los dos bolsillos superiores con botones que hace de solapa de estos, y dos bolsillos de fuelle con botones y solapa, todos los botones son de sujeci\u00f3n de arandela. En las axilas tiene cuatro ojales de ventilaci\u00f3n, y en las mangas rectas los pu\u00f1os tienen un panel vertical con dos botones de baquelita color arena para su sujeci\u00f3n. En el interior sin forro, mantiene intactos los lazos para su ajuste a la altura de la cintura, y en el panel interior derecho est\u00e1 d\u00e9bilmente marcados los tama\u00f1os y el a\u00f1o. Carece de la insignia (\u00e1guila) identificativa de los SS. Tiene peque\u00f1as manchas (creo que de pintura), por lo dem\u00e1s perfecto estado, manteniendo muy vivos sus colores, peque\u00f1os desgastes por el uso, pero sin rotos ni desperfectos. Buena talla y oportunidad de tener una Sahariana SS a buen precio.<br \/>\n<\/span><\/p>\n","protected":false},"featured_media":11668,"template":"","meta":[],"product_brand":[],"product_cat":[224],"product_tag":[],"class_list":{"0":"post-11667","1":"product","2":"type-product","3":"status-publish","4":"has-post-thumbnail","6":"product_cat-archivo-vendidos","7":"sales-flash-overlay","8":"woocommerce-text-align-center","9":"woocommerce-image-align-center","10":"do-quantity-buttons","12":"first","13":"outofstock","14":"purchasable","15":"product-type-simple"},"_links":{"self":[{"href":"https:\/\/original-militaria.com\/en\/wp-json\/wp\/v2\/product\/11667","targetHints":{"allow":["GET"]}}],"collection":[{"href":"https:\/\/original-militaria.com\/en\/wp-json\/wp\/v2\/product"}],"about":[{"href":"https:\/\/original-militaria.com\/en\/wp-json\/wp\/v2\/types\/product"}],"wp:featuredmedia":[{"embeddable":true,"href":"https:\/\/original-militaria.com\/en\/wp-json\/wp\/v2\/media\/11668"}],"wp:attachment":[{"href":"https:\/\/original-militaria.com\/en\/wp-json\/wp\/v2\/media?parent=11667"}],"wp:term":[{"taxonomy":"product_brand","embeddable":true,"href":"https:\/\/original-militaria.com\/en\/wp-json\/wp\/v2\/product_brand?post=11667"},{"taxonomy":"product_cat","embeddable":true,"href":"https:\/\/original-militaria.com\/en\/wp-json\/wp\/v2\/product_cat?post=11667"},{"taxonomy":"product_tag","embeddable":true,"href":"https:\/\/original-militaria.com\/en\/wp-json\/wp\/v2\/product_tag?post=11667"}],"curies":[{"name":"wp","href":"https:\/\/api.w.org\/{rel}","templated":true}]}}